{"id":6174,"date":"2024-09-25T19:06:41","date_gmt":"2024-09-25T19:06:41","guid":{"rendered":"https:\/\/eloundavillage.com\/bungalow-classique-vue-sur-la-mer\/"},"modified":"2025-03-26T13:34:14","modified_gmt":"2025-03-26T13:34:14","slug":"bungalow-classique-vue-sur-la-mer","status":"publish","type":"page","link":"https:\/\/eloundavillage.com\/fr\/bungalow-classique-vue-sur-la-mer\/","title":{"rendered":"Bungalow classique, vue sur la mer"},"content":{"rendered":"<p>[et_pb_section fb_built=\u00a0\u00bb1&Prime; _builder_version=\u00a0\u00bb4.26.0&Prime; _module_preset=\u00a0\u00bbdefault\u00a0\u00bb background_color=\u00a0\u00bb#f3eee7&Prime; custom_margin=\u00a0\u00bb-140px||||false|false\u00a0\u00bb custom_padding=\u00a0\u00bb0px||0px|||\u00a0\u00bb global_colors_info=\u00a0\u00bb{}\u00a0\u00bb][et_pb_row _builder_version=\u00a0\u00bb4.24.3&Prime; _module_preset=\u00a0\u00bbdefault\u00a0\u00bb width=\u00a0\u00bb100%\u00a0\u00bb max_width=\u00a0\u00bb2560px\u00a0\u00bb custom_padding=\u00a0\u00bb0px||0px|||\u00a0\u00bb global_colors_info=\u00a0\u00bb{}\u00a0\u00bb][et_pb_column type=\u00a0\u00bb4_4&Prime; _builder_version=\u00a0\u00bb4.24.3&Prime; _module_preset=\u00a0\u00bbdefault\u00a0\u00bb global_colors_info=\u00a0\u00bb{}\u00a0\u00bb][et_pb_slider _builder_version=\u00a0\u00bb4.27.4&Prime; _module_preset=\u00a0\u00bbdefault\u00a0\u00bb header_text_color=\u00a0\u00bb#FFFFFF\u00a0\u00bb body_text_color=\u00a0\u00bb#FFFFFF\u00a0\u00bb background_enable_image=\u00a0\u00bboff\u00a0\u00bb background_position=\u00a0\u00bbbottom_center\u00a0\u00bb min_height=\u00a0\u00bb940px\u00a0\u00bb min_height_tablet=\u00a0\u00bb500px\u00a0\u00bb min_height_phone=\u00a0\u00bb400px\u00a0\u00bb min_height_last_edited=\u00a0\u00bbon|desktop\u00a0\u00bb locked=\u00a0\u00bboff\u00a0\u00bb global_colors_info=\u00a0\u00bb{}\u00a0\u00bb][et_pb_slide _builder_version=\u00a0\u00bb4.27.4&Prime; _module_preset=\u00a0\u00bbdefault\u00a0\u00bb background_image=\u00a0\u00bbhttps:\/\/eloundavillage.com\/wp-content\/uploads\/2024\/12\/Classic-Bungalow-Sea-View-01.jpg\u00a0\u00bb background_enable_image=\u00a0\u00bbon\u00a0\u00bb parallax=\u00a0\u00bboff\u00a0\u00bb width=\u00a0\u00bb100%\u00a0\u00bb locked=\u00a0\u00bboff\u00a0\u00bb global_colors_info=\u00a0\u00bb{}\u00a0\u00bb sticky_transition=\u00a0\u00bbon\u00a0\u00bb][\/et_pb_slide][\/et_pb_slider][\/et_pb_column][\/et_pb_row][\/et_pb_section][et_pb_section fb_built=\u00a0\u00bb1&Prime; _builder_version=\u00a0\u00bb4.26.0&Prime; _module_preset=\u00a0\u00bbdefault\u00a0\u00bb background_color=\u00a0\u00bb#f3eee7&Prime; custom_margin=\u00a0\u00bb0px||0px||false|false\u00a0\u00bb custom_padding=\u00a0\u00bb100px||2px||false|false\u00a0\u00bb global_colors_info=\u00a0\u00bb{}\u00a0\u00bb][et_pb_row _builder_version=\u00a0\u00bb4.27.0&Prime; _module_preset=\u00a0\u00bbdefault\u00a0\u00bb width=\u00a0\u00bb70%\u00a0\u00bb width_tablet=\u00a0\u00bb\u00a0\u00bb width_phone=\u00a0\u00bb90%\u00a0\u00bb width_last_edited=\u00a0\u00bbon|phone\u00a0\u00bb max_width=\u00a0\u00bb2560px\u00a0\u00bb custom_padding=\u00a0\u00bb0px||1px|||\u00a0\u00bb global_colors_info=\u00a0\u00bb{}\u00a0\u00bb][et_pb_column type=\u00a0\u00bb4_4&Prime; _builder_version=\u00a0\u00bb4.26.0&Prime; _module_preset=\u00a0\u00bbdefault\u00a0\u00bb global_colors_info=\u00a0\u00bb{}\u00a0\u00bb][et_pb_text module_class=\u00a0\u00bbitaliana-regular\u00a0\u00bb _builder_version=\u00a0\u00bb4.27.0&Prime; _module_preset=\u00a0\u00bbdefault\u00a0\u00bb text_text_color=\u00a0\u00bb#313131&Prime; text_font_size=\u00a0\u00bb32px\u00a0\u00bb text_line_height=\u00a0\u00bb1.2em\u00a0\u00bb min_height=\u00a0\u00bb43.8px\u00a0\u00bb custom_margin=\u00a0\u00bb||30px||false|false\u00a0\u00bb locked=\u00a0\u00bboff\u00a0\u00bb global_colors_info=\u00a0\u00bb{}\u00a0\u00bb]<\/p>\n<p>Bungalow classique, vue sur la mer<\/p>\n<div id=\"awebChromeHelper\"><\/div>\n<p>[\/et_pb_text][\/et_pb_column][\/et_pb_row][et_pb_row column_structure=\u00a0\u00bb3_5,2_5&Prime; _builder_version=\u00a0\u00bb4.27.0&Prime; _module_preset=\u00a0\u00bbdefault\u00a0\u00bb width=\u00a0\u00bb70%\u00a0\u00bb width_tablet=\u00a0\u00bb\u00a0\u00bb width_phone=\u00a0\u00bb90%\u00a0\u00bb width_last_edited=\u00a0\u00bbon|phone\u00a0\u00bb max_width=\u00a0\u00bb2560px\u00a0\u00bb custom_padding=\u00a0\u00bb0px||50px||false|false\u00a0\u00bb global_colors_info=\u00a0\u00bb{}\u00a0\u00bb][et_pb_column type=\u00a0\u00bb3_5&Prime; _builder_version=\u00a0\u00bb4.26.0&Prime; _module_preset=\u00a0\u00bbdefault\u00a0\u00bb global_colors_info=\u00a0\u00bb{}\u00a0\u00bb][et_pb_text _builder_version=\u00a0\u00bb4.24.3&Prime; _module_preset=\u00a0\u00bbdefault\u00a0\u00bb global_colors_info=\u00a0\u00bb{}\u00a0\u00bb]<\/p>\n<p>Admirez la beaut\u00e9 envo\u00fbtante de la mer \u00c9g\u00e9e depuis le confort de votre balcon priv\u00e9. Ce bungalow d&rsquo;une chambre, am\u00e9nag\u00e9 avec go\u00fbt avec des meubles en bois et baign\u00e9 dans une palette de couleurs bleues apaisantes, offre une vue imprenable sur la mer, cr\u00e9ant un cadre idyllique pour votre escapade cr\u00e9toise et vous permettant de vous d\u00e9lecter du spectacle toujours changeant de la mer. <\/p>\n<p>[\/et_pb_text][et_pb_button button_url=\u00a0\u00bbhttps:\/\/aquilaeloundavillage.reserve-online.net\/?_ga=2.144844852.1085921262.1718554969-1726060018.1708244718&#038;_gac=1.183191380.1715445894.CjwKCAjwrvyxBhAbEiwAEg_KgtHKkZ9l2vvLEGNDIn6hL70cyeJTavuHCgKXcfBNpdvRg4VjW1glnBoC1fMQAvD_BwE&#038;_gl=1*ptxk0*_gcl_aw*R0NMLjE3MTU0NDU4OTQuQ2p3S0NBandydnl4QmhBYkVpd0FFZ19LZ3RIS2taOWwydnZMRUdOREluNmhMNzBjeWVKVGF2dUhDZ0tYY2ZCTnBkdlJnNFZqVzFnbG5Cb0MxZk1RQXZEX0J3RQ..*_gcl_au*MTU0NTU2NjAzMC4xNzE2MDQ0NTQz*_ga*MTcyNjA2MDAxOC4xNzA4MjQ0NzE4*_ga_GPDKE8MRTC*MTcxODU1NzgzNy4zNC4wLjE3MTg1NTc4MzcuNjAuMC4w\u00a0\u00bb url_new_window=\u00a0\u00bbon\u00a0\u00bb button_text=\u00a0\u00bbV\u00e9rifier les tarifs\u00a0\u00bb admin_label=\u00a0\u00bbButton\u00a0\u00bb module_class=\u00a0\u00bbfullwidthBTN\u00a0\u00bb _builder_version=\u00a0\u00bb4.26.0&Prime; _module_preset=\u00a0\u00bbdefault\u00a0\u00bb custom_button=\u00a0\u00bbon\u00a0\u00bb button_text_size=\u00a0\u00bb17px\u00a0\u00bb button_text_color=\u00a0\u00bb#FFFFFF\u00a0\u00bb button_bg_color=\u00a0\u00bbrgba(182,164,134,0.66)\u00a0\u00bb button_border_color=\u00a0\u00bbrgba(182,164,134,0.66)\u00a0\u00bb custom_margin=\u00a0\u00bb10px||0px||false|false\u00a0\u00bb custom_padding=\u00a0\u00bb||||false|false\u00a0\u00bb locked=\u00a0\u00bboff\u00a0\u00bb global_colors_info=\u00a0\u00bb{}\u00a0\u00bb][\/et_pb_button][\/et_pb_column][et_pb_column type=\u00a0\u00bb2_5&Prime; _builder_version=\u00a0\u00bb4.26.0&Prime; _module_preset=\u00a0\u00bbdefault\u00a0\u00bb global_colors_info=\u00a0\u00bb{}\u00a0\u00bb][et_pb_text _builder_version=\u00a0\u00bb4.27.4&Prime; _module_preset=\u00a0\u00bbdefault\u00a0\u00bb text_line_height=\u00a0\u00bb2.3em\u00a0\u00bb custom_margin=\u00a0\u00bb||-1px|||\u00a0\u00bb custom_padding=\u00a0\u00bb0px||9px||false|false\u00a0\u00bb border_radii=\u00a0\u00bbon|1px|1px|1px|1px\u00a0\u00bb border_width_bottom=\u00a0\u00bb1px\u00a0\u00bb border_color_bottom=\u00a0\u00bb#b6a486&Prime; global_colors_info=\u00a0\u00bb{}\u00a0\u00bb]<\/p>\n<p><strong><img decoding=\"async\" src=\"https:\/\/eloundavillage.com\/wp-content\/uploads\/2024\/08\/eye-1.png\" width=\"16\" height=\"16\" alt=\"\" class=\"wp-image-1759 alignnone size-full\" \/><\/strong> Vue sur la mer<br \/><img decoding=\"async\" src=\"https:\/\/eloundavillage.com\/wp-content\/uploads\/2024\/08\/A-adult.png\" width=\"16\" height=\"16\" alt=\"\" class=\"wp-image-1759 alignnone size-full\" \/> Maximum 3 adultes<br \/><img decoding=\"async\" src=\"https:\/\/eloundavillage.com\/wp-content\/uploads\/2024\/08\/a-arrow.png\" width=\"16\" height=\"16\" alt=\"\" class=\"wp-image-1759 alignnone size-full\" \/> 28 m\u00b2<br \/><img decoding=\"async\" src=\"https:\/\/eloundavillage.com\/wp-content\/uploads\/2024\/08\/a-bed.png\" width=\"16\" height=\"16\" alt=\"\" class=\"wp-image-1759 alignnone size-full\" \/> King Size Beds<\/p>\n<p>[\/et_pb_text][et_pb_button button_url=\u00a0\u00bbhttps:\/\/eloundavillage.com\/wp-content\/uploads\/2025\/03\/Bungalow-Sea-View.pdf\u00a0\u00bb url_new_window=\u00a0\u00bbon\u00a0\u00bb button_text=\u00a0\u00bbVoir le plan d&rsquo;\u00e9tage\u00a0\u00bb _builder_version=\u00a0\u00bb4.27.4&Prime; _module_preset=\u00a0\u00bbdefault\u00a0\u00bb custom_button=\u00a0\u00bbon\u00a0\u00bb button_text_size=\u00a0\u00bb14px\u00a0\u00bb button_text_color=\u00a0\u00bb#b6a486&Prime; button_bg_color=\u00a0\u00bbRGBA(255,255,255,0)\u00a0\u00bb button_border_color=\u00a0\u00bb#b6a486&Prime; button_icon=\u00a0\u00bb&#x22;||divi||400&Prime; button_icon_color=\u00a0\u00bb#b6a486&Prime; button_on_hover=\u00a0\u00bboff\u00a0\u00bb custom_margin=\u00a0\u00bb16px||15px||false|false\u00a0\u00bb hover_enabled=\u00a0\u00bb0&Prime; global_colors_info=\u00a0\u00bb{}\u00a0\u00bb sticky_enabled=\u00a0\u00bb0&Prime;][\/et_pb_button][\/et_pb_column][\/et_pb_row][et_pb_row _builder_version=\u00a0\u00bb4.27.0&Prime; _module_preset=\u00a0\u00bbdefault\u00a0\u00bb background_color=\u00a0\u00bbRGBA(255,255,255,0)\u00a0\u00bb width=\u00a0\u00bb100%\u00a0\u00bb width_tablet=\u00a0\u00bb100%\u00a0\u00bb width_phone=\u00a0\u00bb90%\u00a0\u00bb width_last_edited=\u00a0\u00bbon|phone\u00a0\u00bb max_width=\u00a0\u00bb2560px\u00a0\u00bb custom_padding=\u00a0\u00bb0px|||||\u00a0\u00bb global_colors_info=\u00a0\u00bb{}\u00a0\u00bb][et_pb_column type=\u00a0\u00bb4_4&Prime; _builder_version=\u00a0\u00bb4.26.0&Prime; _module_preset=\u00a0\u00bbdefault\u00a0\u00bb global_colors_info=\u00a0\u00bb{}\u00a0\u00bb][et_pb_text _builder_version=\u00a0\u00bb4.27.4&Prime; _module_preset=\u00a0\u00bbdefault\u00a0\u00bb global_colors_info=\u00a0\u00bb{}\u00a0\u00bb]<div id=\"metaslider-id-5119\" style=\"width: 100%;\" class=\"ml-slider-3-107-0 metaslider metaslider-flex metaslider-5119 ml-slider hide-arrows-smartphone has-carousel-mode ms-theme-default nav-hidden\" role=\"region\" aria-label=\"Classic Bungalow, Sea View\" data-height=\"525\" data-width=\"800\">\n    <div id=\"metaslider_container_5119\">\n        <div id=\"metaslider_5119\">\n            <ul class='slides'>\n                <li style=\"display: none; width: 100%;\" class=\"slide-5122 ms-image \" aria-roledescription=\"slide\" data-date=\"2024-12-26 11:00:48\" data-filename=\"Classic-Bungalow-Sea-View-01-2-800x525.jpg\" data-slide-type=\"image\"><img decoding=\"async\" src=\"https:\/\/eloundavillage.com\/wp-content\/uploads\/2024\/12\/Classic-Bungalow-Sea-View-01-2-800x525.jpg\" height=\"525\" width=\"800\" alt=\"Luxury Adults Only hotel Elounda Village\" class=\"slider-5119 slide-5122 msDefaultImage\" title=\"Luxury Adults Only hotel Elounda Village\" \/><\/li>\n                <li style=\"display: none; width: 100%;\" class=\"slide-5121 ms-image \" aria-roledescription=\"slide\" data-date=\"2024-12-26 11:00:47\" data-filename=\"Classic-Bungalow-Sea-View-02-2-800x525.jpg\" data-slide-type=\"image\"><img decoding=\"async\" src=\"https:\/\/eloundavillage.com\/wp-content\/uploads\/2024\/12\/Classic-Bungalow-Sea-View-02-2-800x525.jpg\" height=\"525\" width=\"800\" alt=\"Luxury Adults Only hotel Elounda Village\" class=\"slider-5119 slide-5121 msDefaultImage\" title=\"Luxury Adults Only hotel Elounda Village\" \/><\/li>\n                <li style=\"display: none; width: 100%;\" class=\"slide-5126 ms-image \" aria-roledescription=\"slide\" data-date=\"2024-12-26 11:00:49\" data-filename=\"Classic-Room-Garden-View-05-2-800x525.jpg\" data-slide-type=\"image\"><img decoding=\"async\" src=\"https:\/\/eloundavillage.com\/wp-content\/uploads\/2024\/12\/Classic-Room-Garden-View-05-2-800x525.jpg\" height=\"525\" width=\"800\" alt=\"Luxury Adults Only hotel Elounda Village\" class=\"slider-5119 slide-5126 msDefaultImage\" title=\"Luxury Adults Only hotel Elounda Village\" \/><\/li>\n                <li style=\"display: none; width: 100%;\" class=\"slide-5125 ms-image \" aria-roledescription=\"slide\" data-date=\"2024-12-26 11:00:49\" data-filename=\"elounda_-classic-bungalow_garden_view_3-1-800x525.jpg\" data-slide-type=\"image\"><img decoding=\"async\" src=\"https:\/\/eloundavillage.com\/wp-content\/uploads\/2024\/10\/elounda_-classic-bungalow_garden_view_3-1-800x525.jpg\" height=\"525\" width=\"800\" alt=\"elounda classic bungalow garden view\" class=\"slider-5119 slide-5125 msDefaultImage\" title=\"elounda classic bungalow garden view\" \/><\/li>\n                <li style=\"display: none; width: 100%;\" class=\"slide-5120 ms-image \" aria-roledescription=\"slide\" data-date=\"2024-12-26 11:00:46\" data-filename=\"Classic-Bungalow-Sea-View-04-2-800x525.jpg\" data-slide-type=\"image\"><img decoding=\"async\" src=\"https:\/\/eloundavillage.com\/wp-content\/uploads\/2024\/12\/Classic-Bungalow-Sea-View-04-2-800x525.jpg\" height=\"525\" width=\"800\" alt=\"Luxury Adults Only hotel in Crete\" class=\"slider-5119 slide-5120 msDefaultImage\" title=\"Luxury Adults Only hotel in Crete\" \/><\/li>\n                <li style=\"display: none; width: 100%;\" class=\"slide-5123 ms-image \" aria-roledescription=\"slide\" data-date=\"2024-12-26 11:00:48\" data-filename=\"elounda_-classic-bungalow_garden_view_1-1-800x525.jpg\" data-slide-type=\"image\"><img decoding=\"async\" src=\"https:\/\/eloundavillage.com\/wp-content\/uploads\/2024\/10\/elounda_-classic-bungalow_garden_view_1-1-800x525.jpg\" height=\"525\" width=\"800\" alt=\"elounda classic bungalow garden view\" class=\"slider-5119 slide-5123 msDefaultImage\" title=\"elounda classic bungalow garden view\" \/><\/li>\n                <li style=\"display: none; width: 100%;\" class=\"slide-5124 ms-image \" aria-roledescription=\"slide\" data-date=\"2024-12-26 11:00:49\" data-filename=\"elounda_-classic-bungalow_garden_view_2-1-800x525.jpg\" data-slide-type=\"image\"><img decoding=\"async\" src=\"https:\/\/eloundavillage.com\/wp-content\/uploads\/2024\/10\/elounda_-classic-bungalow_garden_view_2-1-800x525.jpg\" height=\"525\" width=\"800\" alt=\"elounda classic bungalow garden view\" class=\"slider-5119 slide-5124 msDefaultImage\" title=\"elounda classic bungalow garden view\" \/><\/li>\n                <li style=\"display: none; width: 100%;\" class=\"slide-5127 ms-image \" aria-roledescription=\"slide\" data-date=\"2024-12-26 11:00:50\" data-filename=\"elounda_-classic-bungalow_garden_view_5-1-800x525.jpg\" data-slide-type=\"image\"><img decoding=\"async\" src=\"https:\/\/eloundavillage.com\/wp-content\/uploads\/2024\/10\/elounda_-classic-bungalow_garden_view_5-1-800x525.jpg\" height=\"525\" width=\"800\" alt=\"elounda classic bungalow garden view\" class=\"slider-5119 slide-5127 msDefaultImage\" title=\"elounda classic bungalow garden view\" \/><\/li>\n            <\/ul>\n        <\/div>\n        \n    <\/div>\n<\/div>[\/et_pb_text][\/et_pb_column][\/et_pb_row][\/et_pb_section][et_pb_section fb_built=\u00a0\u00bb1&Prime; _builder_version=\u00a0\u00bb4.26.0&Prime; _module_preset=\u00a0\u00bbdefault\u00a0\u00bb custom_padding=\u00a0\u00bb50px||50px||false|false\u00a0\u00bb global_colors_info=\u00a0\u00bb{}\u00a0\u00bb][et_pb_row _builder_version=\u00a0\u00bb4.27.0&Prime; _module_preset=\u00a0\u00bbdefault\u00a0\u00bb background_color=\u00a0\u00bb#FFFFFF\u00a0\u00bb width=\u00a0\u00bb70%\u00a0\u00bb width_tablet=\u00a0\u00bb\u00a0\u00bb width_phone=\u00a0\u00bb90%\u00a0\u00bb width_last_edited=\u00a0\u00bbon|phone\u00a0\u00bb max_width=\u00a0\u00bb2560px\u00a0\u00bb custom_margin=\u00a0\u00bb||||false|false\u00a0\u00bb custom_padding=\u00a0\u00bb||||false|false\u00a0\u00bb global_colors_info=\u00a0\u00bb{}\u00a0\u00bb][et_pb_column type=\u00a0\u00bb4_4&Prime; _builder_version=\u00a0\u00bb4.24.3&Prime; _module_preset=\u00a0\u00bbdefault\u00a0\u00bb global_colors_info=\u00a0\u00bb{}\u00a0\u00bb][et_pb_text module_class=\u00a0\u00bbet_pb_slide_titleDifference\u00a0\u00bb _builder_version=\u00a0\u00bb4.27.0&Prime; _module_preset=\u00a0\u00bbdefault\u00a0\u00bb text_text_color=\u00a0\u00bb#313131&Prime; text_font_size=\u00a0\u00bb26px\u00a0\u00bb text_letter_spacing=\u00a0\u00bb1px\u00a0\u00bb text_line_height=\u00a0\u00bb1.5em\u00a0\u00bb custom_margin=\u00a0\u00bb0px|0px|0px|0px|false|false\u00a0\u00bb custom_padding=\u00a0\u00bb0px|0px|0px|0px|false|false\u00a0\u00bb locked=\u00a0\u00bboff\u00a0\u00bb global_colors_info=\u00a0\u00bb{}\u00a0\u00bb]<\/p>\n<p>Tous les s\u00e9jours comprennent<\/p>\n<p>[\/et_pb_text][et_pb_text _builder_version=\u00a0\u00bb4.26.0&Prime; _module_preset=\u00a0\u00bbdefault\u00a0\u00bb custom_margin=\u00a0\u00bb0px|0px|0px|0px|false|false\u00a0\u00bb custom_padding=\u00a0\u00bb0px|0px|0px|0px|false|false\u00a0\u00bb global_colors_info=\u00a0\u00bb{}\u00a0\u00bb]<\/p>\n<ul>\n<li>S\u00e9lection de produits de toilette et d&rsquo;\u00e9quipements de salle de bains<\/li>\n<li>Peignoirs<\/li>\n<li>S\u00e8che-cheveux<\/li>\n<li>Choix de l&rsquo;oreiller<\/li>\n<li>Serviettes de plage<\/li>\n<li>Th\u00e9\/caf\u00e9<\/li>\n<li>Coffre-fort num\u00e9rique<\/li>\n<li>T\u00e9l\u00e9phone \u00e0 s\u00e9lection directe<\/li>\n<li>Smart Satellite LCD Flat-Screen 43\u2033 TV avec radio et cha\u00eenes musicales int\u00e9gr\u00e9es<\/li>\n<li>Mini bar<\/li>\n<li>Climatisation\/chauffage<\/li>\n<li><span style=\"font-size: 16px;\">G\u00e2terie de bienvenue \u00e0 l&rsquo;arriv\u00e9e<\/span><\/li>\n<li>Acc\u00e8s \u00e0 toutes les installations de loisirs, y compris la piscine int\u00e9rieure chauff\u00e9e, le sauna, la salle de sport, le court de tennis et le jacuzzi ext\u00e9rieur.<\/li>\n<\/ul>\n<p>[\/et_pb_text][\/et_pb_column][\/et_pb_row][\/et_pb_section][et_pb_section fb_built=\u00a0\u00bb1&Prime; _builder_version=\u00a0\u00bb4.26.0&Prime; _module_preset=\u00a0\u00bbdefault\u00a0\u00bb background_color=\u00a0\u00bb#f3eee7&Prime; global_colors_info=\u00a0\u00bb{}\u00a0\u00bb][et_pb_row _builder_version=\u00a0\u00bb4.27.0&Prime; _module_preset=\u00a0\u00bbdefault\u00a0\u00bb background_color=\u00a0\u00bbRGBA(255,255,255,0)\u00a0\u00bb width=\u00a0\u00bb70%\u00a0\u00bb width_tablet=\u00a0\u00bb\u00a0\u00bb width_phone=\u00a0\u00bb90%\u00a0\u00bb width_last_edited=\u00a0\u00bbon|phone\u00a0\u00bb max_width=\u00a0\u00bb2560px\u00a0\u00bb custom_padding=\u00a0\u00bb0px|0px|0px|0px|false|false\u00a0\u00bb global_colors_info=\u00a0\u00bb{}\u00a0\u00bb][et_pb_column type=\u00a0\u00bb4_4&Prime; _builder_version=\u00a0\u00bb4.24.3&Prime; _module_preset=\u00a0\u00bbdefault\u00a0\u00bb global_colors_info=\u00a0\u00bb{}\u00a0\u00bb][et_pb_text module_class=\u00a0\u00bbet_pb_slide_titleDifference\u00a0\u00bb _builder_version=\u00a0\u00bb4.26.0&Prime; _module_preset=\u00a0\u00bbdefault\u00a0\u00bb text_text_color=\u00a0\u00bb#313131&Prime; text_font_size=\u00a0\u00bb26px\u00a0\u00bb text_letter_spacing=\u00a0\u00bb1px\u00a0\u00bb text_line_height=\u00a0\u00bb1.5em\u00a0\u00bb custom_margin=\u00a0\u00bb-1px||||false|false\u00a0\u00bb locked=\u00a0\u00bboff\u00a0\u00bb global_colors_info=\u00a0\u00bb{}\u00a0\u00bb]<\/p>\n<p style=\"text-align: left;\">Autres suggestions<\/p>\n<p>[\/et_pb_text][\/et_pb_column][\/et_pb_row][et_pb_row column_structure=\u00a0\u00bb1_2,1_2&Prime; _builder_version=\u00a0\u00bb4.27.0&Prime; _module_preset=\u00a0\u00bbdefault\u00a0\u00bb width=\u00a0\u00bb70%\u00a0\u00bb width_tablet=\u00a0\u00bb70%\u00a0\u00bb width_phone=\u00a0\u00bb90%\u00a0\u00bb width_last_edited=\u00a0\u00bbon|phone\u00a0\u00bb max_width=\u00a0\u00bb2560px\u00a0\u00bb custom_margin=\u00a0\u00bb20px||0px||false|false\u00a0\u00bb custom_padding=\u00a0\u00bb0px||0px||false|false\u00a0\u00bb global_colors_info=\u00a0\u00bb{}\u00a0\u00bb][et_pb_column type=\u00a0\u00bb1_2&Prime; _builder_version=\u00a0\u00bb4.26.0&Prime; _module_preset=\u00a0\u00bbdefault\u00a0\u00bb global_colors_info=\u00a0\u00bb{}\u00a0\u00bb][et_pb_image src=\u00a0\u00bbhttps:\/\/eloundavillage.com\/wp-content\/uploads\/2024\/12\/Mythica-Superior-Suite-Sea-View-01-1.jpg\u00a0\u00bb title_text=\u00a0\u00bbMythica Suite sup\u00e9rieure, vue sur la mer 01&Prime; _builder_version=\u00a0\u00bb4.27.4&Prime; _module_preset=\u00a0\u00bbdefault\u00a0\u00bb scroll_fade_enable=\u00a0\u00bbon\u00a0\u00bb locked=\u00a0\u00bboff\u00a0\u00bb global_colors_info=\u00a0\u00bb{}\u00a0\u00bb][\/et_pb_image][et_pb_text module_class=\u00a0\u00bbmainTitleHome\u00a0\u00bb _builder_version=\u00a0\u00bb4.27.0&Prime; _module_preset=\u00a0\u00bbdefault\u00a0\u00bb text_text_color=\u00a0\u00bb#313131&Prime; text_font_size=\u00a0\u00bb22px\u00a0\u00bb text_line_height=\u00a0\u00bb1.2em\u00a0\u00bb min_height=\u00a0\u00bb53px\u00a0\u00bb custom_margin=\u00a0\u00bb0px||10px||false|false\u00a0\u00bb custom_padding=\u00a0\u00bb0px||0px||false|false\u00a0\u00bb locked=\u00a0\u00bboff\u00a0\u00bb global_colors_info=\u00a0\u00bb{}\u00a0\u00bb]Mythica Suite sup\u00e9rieure, vue sur la mer[\/et_pb_text][et_pb_button button_url=\u00a0\u00bb@ET-DC@eyJkeW5hbWljIjp0cnVlLCJjb250ZW50IjoicG9zdF9saW5rX3VybF9wYWdlIiwic2V0dGluZ3MiOnsicG9zdF9pZCI6IjI2MTgifX0=@\u00a0\u00bb button_text=\u00a0\u00bbD\u00e9tails\u00a0\u00bb admin_label=\u00a0\u00bbButton\u00a0\u00bb module_class=\u00a0\u00bbfullwidthBTN\u00a0\u00bb _builder_version=\u00a0\u00bb4.27.0&Prime; _dynamic_attributes=\u00a0\u00bbbutton_url\u00a0\u00bb _module_preset=\u00a0\u00bbdefault\u00a0\u00bb custom_button=\u00a0\u00bbon\u00a0\u00bb button_text_size=\u00a0\u00bb17px\u00a0\u00bb button_text_color=\u00a0\u00bb#b6a486&Prime; button_bg_color=\u00a0\u00bbRGBA(255,255,255,0)\u00a0\u00bb button_border_color=\u00a0\u00bbrgba(182,164,134,0.66)\u00a0\u00bb custom_margin=\u00a0\u00bb0px||0px||false|false\u00a0\u00bb locked=\u00a0\u00bboff\u00a0\u00bb global_colors_info=\u00a0\u00bb{}\u00a0\u00bb][\/et_pb_button][\/et_pb_column][et_pb_column type=\u00a0\u00bb1_2&Prime; _builder_version=\u00a0\u00bb4.26.0&Prime; _module_preset=\u00a0\u00bbdefault\u00a0\u00bb global_colors_info=\u00a0\u00bb{}\u00a0\u00bb][et_pb_image src=\u00a0\u00bbhttps:\/\/eloundavillage.com\/wp-content\/uploads\/2024\/12\/Mythica-Junior-Suite-Sea-View-01-1.jpg\u00a0\u00bb title_text=\u00a0\u00bbMythica Junior Suite, vue sur la mer 01&Prime; _builder_version=\u00a0\u00bb4.27.4&Prime; _module_preset=\u00a0\u00bbdefault\u00a0\u00bb scroll_fade_enable=\u00a0\u00bbon\u00a0\u00bb locked=\u00a0\u00bboff\u00a0\u00bb global_colors_info=\u00a0\u00bb{}\u00a0\u00bb][\/et_pb_image][et_pb_text module_class=\u00a0\u00bbmainTitleHome\u00a0\u00bb _builder_version=\u00a0\u00bb4.27.0&Prime; _module_preset=\u00a0\u00bbdefault\u00a0\u00bb text_text_color=\u00a0\u00bb#313131&Prime; text_font_size=\u00a0\u00bb22px\u00a0\u00bb text_line_height=\u00a0\u00bb1.2em\u00a0\u00bb min_height=\u00a0\u00bb53px\u00a0\u00bb custom_margin=\u00a0\u00bb0px||10px||false|false\u00a0\u00bb custom_padding=\u00a0\u00bb0px||0px||false|false\u00a0\u00bb locked=\u00a0\u00bboff\u00a0\u00bb global_colors_info=\u00a0\u00bb{}\u00a0\u00bb]Mythica Junior Suite, vue sur la mer[\/et_pb_text][et_pb_button button_url=\u00a0\u00bb@ET-DC@eyJkeW5hbWljIjp0cnVlLCJjb250ZW50IjoicG9zdF9saW5rX3VybF9wYWdlIiwic2V0dGluZ3MiOnsicG9zdF9pZCI6IjI1ODMifX0=@\u00a0\u00bb button_text=\u00a0\u00bbD\u00e9tails\u00a0\u00bb admin_label=\u00a0\u00bbButton\u00a0\u00bb module_class=\u00a0\u00bbfullwidthBTN\u00a0\u00bb _builder_version=\u00a0\u00bb4.27.0&Prime; _dynamic_attributes=\u00a0\u00bbbutton_url\u00a0\u00bb _module_preset=\u00a0\u00bbdefault\u00a0\u00bb custom_button=\u00a0\u00bbon\u00a0\u00bb button_text_size=\u00a0\u00bb17px\u00a0\u00bb button_text_color=\u00a0\u00bb#b6a486&Prime; button_bg_color=\u00a0\u00bbRGBA(255,255,255,0)\u00a0\u00bb button_border_color=\u00a0\u00bbrgba(182,164,134,0.66)\u00a0\u00bb custom_margin=\u00a0\u00bb0px||0px||false|false\u00a0\u00bb locked=\u00a0\u00bboff\u00a0\u00bb global_colors_info=\u00a0\u00bb{}\u00a0\u00bb][\/et_pb_button][\/et_pb_column][\/et_pb_row][\/et_pb_section]<\/p>\n","protected":false},"excerpt":{"rendered":"<p>Bungalow classique, vue sur la mer Admirez la beaut\u00e9 envo\u00fbtante de la mer \u00c9g\u00e9e depuis le confort de votre balcon priv\u00e9. Ce bungalow d&rsquo;une chambre, am\u00e9nag\u00e9 avec go\u00fbt avec des meubles en bois et baign\u00e9 dans une palette de couleurs bleues apaisantes, offre une vue imprenable sur la mer, cr\u00e9ant un cadre idyllique pour votre [&hellip;]<\/p>\n","protected":false},"author":2,"featured_media":0,"parent":0,"menu_order":0,"comment_status":"closed","ping_status":"closed","template":"","meta":{"_et_pb_use_builder":"on","_et_pb_old_content":"","_et_gb_content_width":"","footnotes":""},"class_list":["post-6174","page","type-page","status-publish","hentry"],"_links":{"self":[{"href":"https:\/\/eloundavillage.com\/fr\/wp-json\/wp\/v2\/pages\/6174","targetHints":{"allow":["GET"]}}],"collection":[{"href":"https:\/\/eloundavillage.com\/fr\/wp-json\/wp\/v2\/pages"}],"about":[{"href":"https:\/\/eloundavillage.com\/fr\/wp-json\/wp\/v2\/types\/page"}],"author":[{"embeddable":true,"href":"https:\/\/eloundavillage.com\/fr\/wp-json\/wp\/v2\/users\/2"}],"replies":[{"embeddable":true,"href":"https:\/\/eloundavillage.com\/fr\/wp-json\/wp\/v2\/comments?post=6174"}],"version-history":[{"count":6,"href":"https:\/\/eloundavillage.com\/fr\/wp-json\/wp\/v2\/pages\/6174\/revisions"}],"predecessor-version":[{"id":8885,"href":"https:\/\/eloundavillage.com\/fr\/wp-json\/wp\/v2\/pages\/6174\/revisions\/8885"}],"wp:attachment":[{"href":"https:\/\/eloundavillage.com\/fr\/wp-json\/wp\/v2\/media?parent=6174"}],"curies":[{"name":"wp","href":"https:\/\/api.w.org\/{rel}","templated":true}]}}