{"id":6059,"date":"2024-09-07T19:26:39","date_gmt":"2024-09-07T19:26:39","guid":{"rendered":"https:\/\/eloundavillage.com\/politique-dannulation\/"},"modified":"2025-02-22T10:45:29","modified_gmt":"2025-02-22T10:45:29","slug":"politique-dannulation","status":"publish","type":"page","link":"https:\/\/eloundavillage.com\/fr\/politique-dannulation\/","title":{"rendered":"Politique d&rsquo;annulation"},"content":{"rendered":"<p>[et_pb_section fb_built=\u00a0\u00bb1&Prime; _builder_version=\u00a0\u00bb4.27.2&Prime; _module_preset=\u00a0\u00bbdefault\u00a0\u00bb background_color=\u00a0\u00bb#FFFFFF\u00a0\u00bb background_enable_image=\u00a0\u00bboff\u00a0\u00bb background_blend=\u00a0\u00bboverlay\u00a0\u00bb min_height=\u00a0\u00bb376.4px\u00a0\u00bb custom_margin=\u00a0\u00bb0px||0px||false|false\u00a0\u00bb custom_padding=\u00a0\u00bb0px||0px||false|false\u00a0\u00bb locked=\u00a0\u00bboff\u00a0\u00bb global_colors_info=\u00a0\u00bb{}\u00a0\u00bb][et_pb_row _builder_version=\u00a0\u00bb4.27.2&Prime; _module_preset=\u00a0\u00bbdefault\u00a0\u00bb width_tablet=\u00a0\u00bb\u00a0\u00bb width_phone=\u00a0\u00bb90%\u00a0\u00bb width_last_edited=\u00a0\u00bbon|phone\u00a0\u00bb custom_margin=\u00a0\u00bb0px||0px||false|false\u00a0\u00bb custom_padding=\u00a0\u00bb120px||120px||false|false\u00a0\u00bb global_colors_info=\u00a0\u00bb{}\u00a0\u00bb][et_pb_column type=\u00a0\u00bb4_4&Prime; _builder_version=\u00a0\u00bb4.24.3&Prime; _module_preset=\u00a0\u00bbdefault\u00a0\u00bb global_colors_info=\u00a0\u00bb{}\u00a0\u00bb][et_pb_text module_class=\u00a0\u00bbet_pb_slide_titleDifference\u00a0\u00bb _builder_version=\u00a0\u00bb4.27.0&Prime; _module_preset=\u00a0\u00bbdefault\u00a0\u00bb text_font=\u00a0\u00bb|||on|||||\u00a0\u00bb text_text_color=\u00a0\u00bb#000000&Prime; text_font_size=\u00a0\u00bb36px\u00a0\u00bb text_letter_spacing=\u00a0\u00bb1px\u00a0\u00bb text_line_height=\u00a0\u00bb1em\u00a0\u00bb header_line_height=\u00a0\u00bb1.1em\u00a0\u00bb custom_margin=\u00a0\u00bb0px||30px||false|false\u00a0\u00bb global_colors_info=\u00a0\u00bb{}\u00a0\u00bb]<\/p>\n<p style=\"text-align: center;\">Politique d&rsquo;annulation<\/p>\n<p>[\/et_pb_text][et_pb_text _builder_version=\u00a0\u00bb4.27.0&Prime; _module_preset=\u00a0\u00bbdefault\u00a0\u00bb global_colors_info=\u00a0\u00bb{}\u00a0\u00bb]<\/p>\n<p style=\"text-align: center;\"><strong>Chez Aquila Hotels &amp; Resorts, nous comprenons que les projets de voyage peuvent changer. Notre politique d&rsquo;annulation est con\u00e7ue pour vous offrir une certaine flexibilit\u00e9 tout en garantissant une exp\u00e9rience sans faille \u00e0 tous nos clients. <\/strong><\/p>\n<p>[\/et_pb_text][et_pb_text module_class=\u00a0\u00bbmainTextWeight\u00a0\u00bb _builder_version=\u00a0\u00bb4.27.0&Prime; _module_preset=\u00a0\u00bbdefault\u00a0\u00bb text_line_height=\u00a0\u00bb1.8em\u00a0\u00bb custom_margin=\u00a0\u00bb0px||0px||false|false\u00a0\u00bb custom_padding=\u00a0\u00bb0px||0px||false|false\u00a0\u00bb custom_padding_tablet=\u00a0\u00bb||100px||false|false\u00a0\u00bb custom_padding_phone=\u00a0\u00bb||100px||false|false\u00a0\u00bb custom_padding_last_edited=\u00a0\u00bbon|tablet\u00a0\u00bb global_colors_info=\u00a0\u00bb{}\u00a0\u00bb]<\/p>\n<p style=\"text-align: center;\">Les conditions d&rsquo;annulation varient en fonction du tarif et du type de r\u00e9servation. Veuillez vous r\u00e9f\u00e9rer \u00e0 votre confirmation de r\u00e9servation pour v\u00e9rifier les d\u00e9tails de votre politique d&rsquo;annulation. Si vous avez besoin d&rsquo;aide ou si vous avez des questions, n&rsquo;h\u00e9sitez pas \u00e0 nous contacter.  <\/p>\n<p>[\/et_pb_text][\/et_pb_column][\/et_pb_row][et_pb_row column_structure=\u00a0\u00bb1_3,1_3,1_3&Prime; _builder_version=\u00a0\u00bb4.27.0&Prime; _module_preset=\u00a0\u00bbdefault\u00a0\u00bb background_image=\u00a0\u00bbhttps:\/\/eloundavillage.com\/wp-content\/uploads\/2024\/10\/aquila_elounda_village_cancellation_policy.jpg\u00a0\u00bb parallax=\u00a0\u00bbon\u00a0\u00bb parallax_method=\u00a0\u00bboff\u00a0\u00bb width=\u00a0\u00bb100%\u00a0\u00bb max_width=\u00a0\u00bb2560px\u00a0\u00bb min_height=\u00a0\u00bb780px\u00a0\u00bb custom_margin=\u00a0\u00bb-5px|auto||auto||\u00a0\u00bb locked=\u00a0\u00bboff\u00a0\u00bb global_colors_info=\u00a0\u00bb{}\u00a0\u00bb][et_pb_column type=\u00a0\u00bb1_3&Prime; _builder_version=\u00a0\u00bb4.24.2&Prime; _module_preset=\u00a0\u00bbdefault\u00a0\u00bb global_colors_info=\u00a0\u00bb{}\u00a0\u00bb][\/et_pb_column][et_pb_column type=\u00a0\u00bb1_3&Prime; _builder_version=\u00a0\u00bb4.24.2&Prime; _module_preset=\u00a0\u00bbdefault\u00a0\u00bb global_colors_info=\u00a0\u00bb{}\u00a0\u00bb][\/et_pb_column][et_pb_column type=\u00a0\u00bb1_3&Prime; _builder_version=\u00a0\u00bb4.24.2&Prime; _module_preset=\u00a0\u00bbdefault\u00a0\u00bb global_colors_info=\u00a0\u00bb{}\u00a0\u00bb][\/et_pb_column][\/et_pb_row][\/et_pb_section]<\/p>\n","protected":false},"excerpt":{"rendered":"<p>Politique d&rsquo;annulationChez Aquila Hotels &amp; Resorts, nous comprenons que les projets de voyage peuvent changer. Notre politique d&rsquo;annulation est con\u00e7ue pour vous offrir une certaine flexibilit\u00e9 tout en garantissant une exp\u00e9rience sans faille \u00e0 tous nos clients. Les conditions d&rsquo;annulation varient en fonction du tarif et du type de r\u00e9servation. Veuillez vous r\u00e9f\u00e9rer \u00e0 votre [&hellip;]<\/p>\n","protected":false},"author":2,"featured_media":0,"parent":0,"menu_order":0,"comment_status":"closed","ping_status":"closed","template":"","meta":{"_et_pb_use_builder":"on","_et_pb_old_content":"","_et_gb_content_width":"","footnotes":""},"class_list":["post-6059","page","type-page","status-publish","hentry"],"_links":{"self":[{"href":"https:\/\/eloundavillage.com\/fr\/wp-json\/wp\/v2\/pages\/6059","targetHints":{"allow":["GET"]}}],"collection":[{"href":"https:\/\/eloundavillage.com\/fr\/wp-json\/wp\/v2\/pages"}],"about":[{"href":"https:\/\/eloundavillage.com\/fr\/wp-json\/wp\/v2\/types\/page"}],"author":[{"embeddable":true,"href":"https:\/\/eloundavillage.com\/fr\/wp-json\/wp\/v2\/users\/2"}],"replies":[{"embeddable":true,"href":"https:\/\/eloundavillage.com\/fr\/wp-json\/wp\/v2\/comments?post=6059"}],"version-history":[{"count":2,"href":"https:\/\/eloundavillage.com\/fr\/wp-json\/wp\/v2\/pages\/6059\/revisions"}],"predecessor-version":[{"id":8560,"href":"https:\/\/eloundavillage.com\/fr\/wp-json\/wp\/v2\/pages\/6059\/revisions\/8560"}],"wp:attachment":[{"href":"https:\/\/eloundavillage.com\/fr\/wp-json\/wp\/v2\/media?parent=6059"}],"curies":[{"name":"wp","href":"https:\/\/api.w.org\/{rel}","templated":true}]}}