{"id":5974,"date":"2024-05-11T08:11:32","date_gmt":"2024-05-11T08:11:32","guid":{"rendered":"https:\/\/eloundavillage.com\/couples\/"},"modified":"2024-12-26T18:49:46","modified_gmt":"2024-12-26T18:49:46","slug":"couples","status":"publish","type":"page","link":"https:\/\/eloundavillage.com\/fr\/couples\/","title":{"rendered":"Couples"},"content":{"rendered":"<p>[et_pb_section fb_built=\u00a0\u00bb1&Prime; _builder_version=\u00a0\u00bb4.26.0&Prime; _module_preset=\u00a0\u00bbdefault\u00a0\u00bb background_color=\u00a0\u00bb#f3eee7&Prime; custom_margin=\u00a0\u00bb-140px|0px|0px|0px|false|false\u00a0\u00bb custom_padding=\u00a0\u00bb0px|0px|0px|0px|false|false\u00a0\u00bb hover_enabled=\u00a0\u00bb0&Prime; global_colors_info=\u00a0\u00bb{}\u00a0\u00bb sticky_enabled=\u00a0\u00bb0&Prime;][et_pb_row _builder_version=\u00a0\u00bb4.24.3&Prime; _module_preset=\u00a0\u00bbdefault\u00a0\u00bb width=\u00a0\u00bb100%\u00a0\u00bb max_width=\u00a0\u00bb2560px\u00a0\u00bb custom_margin=\u00a0\u00bb0px|0px|0px|0px|false|false\u00a0\u00bb custom_padding=\u00a0\u00bb0px|0px|0px|0px|false|false\u00a0\u00bb global_colors_info=\u00a0\u00bb{}\u00a0\u00bb][et_pb_column type=\u00a0\u00bb4_4&Prime; _builder_version=\u00a0\u00bb4.24.3&Prime; _module_preset=\u00a0\u00bbdefault\u00a0\u00bb global_colors_info=\u00a0\u00bb{}\u00a0\u00bb][et_pb_slider admin_label=\u00a0\u00bbSlider\u00a0\u00bb _builder_version=\u00a0\u00bb4.26.0&Prime; _module_preset=\u00a0\u00bbdefault\u00a0\u00bb header_text_color=\u00a0\u00bb#6a453f\u00a0\u00bb custom_padding=\u00a0\u00bb552px||250px|||\u00a0\u00bb hover_enabled=\u00a0\u00bb0&Prime; global_colors_info=\u00a0\u00bb{}\u00a0\u00bb background_color=\u00a0\u00bb#f3eee7&Prime; sticky_enabled=\u00a0\u00bb0&Prime;][et_pb_slide heading=\u00a0\u00bbH\u00f4tel r\u00e9serv\u00e9 aux adultes en Cr\u00e8te\u00a0\u00bb use_bg_overlay=\u00a0\u00bboff\u00a0\u00bb use_text_overlay=\u00a0\u00bboff\u00a0\u00bb _builder_version=\u00a0\u00bb4.26.0&Prime; _module_preset=\u00a0\u00bbdefault\u00a0\u00bb header_text_color=\u00a0\u00bb#FFFFFF\u00a0\u00bb body_text_color=\u00a0\u00bb#212121&Prime; background_image=\u00a0\u00bbhttps:\/\/eloundavillage.com\/wp-content\/uploads\/2024\/05\/crete-adults-only-elounda-beach-village.jpg\u00a0\u00bb background_enable_image=\u00a0\u00bbon\u00a0\u00bb background_enable_video_mp4=\u00a0\u00bboff\u00a0\u00bb background_layout=\u00a0\u00bblight\u00a0\u00bb header_text_shadow_style=\u00a0\u00bbpreset3&Prime; global_colors_info=\u00a0\u00bb{}\u00a0\u00bb sticky_transition=\u00a0\u00bbon\u00a0\u00bb]<\/p>\n<nav aria-label=\"breadcrumbs\">\n            <div class=\"breadcrumb-container theme2\">\n                <ol>\n                    <li><a title=\"Home\" href=\"#\"><span>Home<\/span><\/a><span class=\"separator\">|<\/span><\/li>\n                    <\/ol>\n            <\/div>\n        <\/nav>    <script type=\"application\/ld+json\">\n        {\n            \"@context\": \"http:\/\/schema.org\",\n            \"@type\": \"BreadcrumbList\",\n            \"itemListElement\": [\n                 {\n                            \"@type\": \"ListItem\",\n                            \"position\": 1,\n                            \"item\": {\n                                \"@id\": \"#\",\n                                \"name\": \"Home\"\n                            }\n                        }\n                                                    ]\n        }\n    <\/script>\n   \n    <script>\n            <\/script>\n\n<p>[\/et_pb_slide][\/et_pb_slider][\/et_pb_column][\/et_pb_row][et_pb_row _builder_version=\u00a0\u00bb4.24.3&Prime; _module_preset=\u00a0\u00bbdefault\u00a0\u00bb custom_padding=\u00a0\u00bb0px|||||\u00a0\u00bb global_colors_info=\u00a0\u00bb{}\u00a0\u00bb][et_pb_column type=\u00a0\u00bb4_4&Prime; _builder_version=\u00a0\u00bb4.24.2&Prime; _module_preset=\u00a0\u00bbdefault\u00a0\u00bb global_colors_info=\u00a0\u00bb{}\u00a0\u00bb][et_pb_text module_class=\u00a0\u00bbpretitleHome\u00a0\u00bb _builder_version=\u00a0\u00bb4.24.3&Prime; _module_preset=\u00a0\u00bbdefault\u00a0\u00bb text_text_color=\u00a0\u00bb#313131&Prime; min_height=\u00a0\u00bb31.8px\u00a0\u00bb custom_margin=\u00a0\u00bb60px||0px||false|false\u00a0\u00bb global_colors_info=\u00a0\u00bb{}\u00a0\u00bb]<\/p>\n<p style=\"text-align: center;\">H\u00d4TEL R\u00c9SERV\u00c9 AUX ADULTES<\/p>\n<p>[\/et_pb_text][et_pb_text module_class=\u00a0\u00bbmainTitleHome\u00a0\u00bb _builder_version=\u00a0\u00bb4.24.3&Prime; _module_preset=\u00a0\u00bbdefault\u00a0\u00bb text_text_color=\u00a0\u00bb#313131&Prime; min_height=\u00a0\u00bb43.8px\u00a0\u00bb global_colors_info=\u00a0\u00bb{}\u00a0\u00bb]<\/p>\n<p style=\"text-align: center;\">S\u00e9r\u00e9nit\u00e9 et luxe<\/p>\n<p>[\/et_pb_text][\/et_pb_column][\/et_pb_row][et_pb_row _builder_version=\u00a0\u00bb4.24.2&Prime; _module_preset=\u00a0\u00bbdefault\u00a0\u00bb global_colors_info=\u00a0\u00bb{}\u00a0\u00bb][et_pb_column type=\u00a0\u00bb4_4&Prime; _builder_version=\u00a0\u00bb4.24.2&Prime; _module_preset=\u00a0\u00bbdefault\u00a0\u00bb global_colors_info=\u00a0\u00bb{}\u00a0\u00bb][et_pb_text module_class=\u00a0\u00bbmainTextWeight\u00a0\u00bb _builder_version=\u00a0\u00bb4.24.3&Prime; _module_preset=\u00a0\u00bbdefault\u00a0\u00bb text_line_height=\u00a0\u00bb1.8em\u00a0\u00bb global_colors_info=\u00a0\u00bb{}\u00a0\u00bb]<\/p>\n<p>Nich\u00e9 sur les rives pittoresques de la baie d&rsquo;Elounda, en Cr\u00e8te, l&rsquo;h\u00f4tel Elounda Village, r\u00e9serv\u00e9 aux adultes, est un havre de paix pour ceux qui recherchent la s\u00e9r\u00e9nit\u00e9 et le luxe \u00e0 parts \u00e9gales. Situ\u00e9 au milieu de jardins luxuriants et surplombant la mer \u00c9g\u00e9e, ce lieu de retraite exclusif offre un m\u00e9lange d&rsquo;\u00e9l\u00e9gance raffin\u00e9e et d&rsquo;hospitalit\u00e9 chaleureuse. Avec son ambiance isol\u00e9e et son atmosph\u00e8re tranquille, l&rsquo;Elounda Village constitue une \u00e9chapp\u00e9e idyllique pour les couples et les adultes \u00e0 la recherche d&rsquo;une escapade romantique ou d&rsquo;un r\u00e9pit paisible face au stress de la vie quotidienne.  <\/p>\n<p>[\/et_pb_text][\/et_pb_column][\/et_pb_row][et_pb_row column_structure=\u00a0\u00bb1_3,2_3&Prime; _builder_version=\u00a0\u00bb4.24.3&Prime; _module_preset=\u00a0\u00bbdefault\u00a0\u00bb width=\u00a0\u00bb100%\u00a0\u00bb max_width=\u00a0\u00bb2560px\u00a0\u00bb custom_margin=\u00a0\u00bb0px|0px|0px|0px|false|false\u00a0\u00bb custom_padding=\u00a0\u00bb0px|0px||0px|false|false\u00a0\u00bb global_colors_info=\u00a0\u00bb{}\u00a0\u00bb][et_pb_column type=\u00a0\u00bb1_3&Prime; _builder_version=\u00a0\u00bb4.24.3&Prime; _module_preset=\u00a0\u00bbdefault\u00a0\u00bb custom_padding=\u00a0\u00bb||||false|false\u00a0\u00bb global_colors_info=\u00a0\u00bb{}\u00a0\u00bb][et_pb_text module_class=\u00a0\u00bbet_pb_slide_titleDifference\u00a0\u00bb _builder_version=\u00a0\u00bb4.24.3&Prime; _module_preset=\u00a0\u00bbdefault\u00a0\u00bb text_text_color=\u00a0\u00bb#313131&Prime; text_font_size=\u00a0\u00bb36px\u00a0\u00bb text_letter_spacing=\u00a0\u00bb1px\u00a0\u00bb text_line_height=\u00a0\u00bb1.5em\u00a0\u00bb custom_margin=\u00a0\u00bb120px||||false|false\u00a0\u00bb custom_padding=\u00a0\u00bb|10%||10%|false|false\u00a0\u00bb global_colors_info=\u00a0\u00bb{}\u00a0\u00bb]<\/p>\n<p><span data-metadata=\"&lt;encoded_tag_open \/&gt;!--(figmeta)eyJmaWxlS2V5Ijoib2J5NW1qSk5ZYUNrUmc0MzFoWVlXSSIsInBhc3RlSUQiOjMxMDQ4OTE2OCwiZGF0YVR5cGUiOiJzY2VuZSJ9Cg==(\/figmeta)--&lt;encoded_tag_closed \/&gt;\"><\/span>Se confondre avec l&rsquo;horizon<\/p>\n<p>[\/et_pb_text][et_pb_text module_class=\u00a0\u00bbmainTextWeight\u00a0\u00bb _builder_version=\u00a0\u00bb4.24.3&Prime; _module_preset=\u00a0\u00bbdefault\u00a0\u00bb text_line_height=\u00a0\u00bb1.8em\u00a0\u00bb custom_padding=\u00a0\u00bb|10%||10%|false|false\u00a0\u00bb global_colors_info=\u00a0\u00bb{}\u00a0\u00bb]<\/p>\n<p>L&rsquo;un des points forts d&rsquo;Elounda Village r\u00e9side dans ses magnifiques piscines, o\u00f9 les visiteurs peuvent se pr\u00e9lasser sous le soleil m\u00e9diterran\u00e9en tout en profitant de la vue \u00e0 couper le souffle sur le paysage environnant. Que vous vous pr\u00e9lassiez au bord de la piscine \u00e0 d\u00e9bordement qui semble se fondre dans l&rsquo;horizon ou que vous preniez un bain rafra\u00eechissant dans l&rsquo;une des suites priv\u00e9es de la piscine, vous vivrez une exp\u00e9rience luxueuse, synonyme de d\u00e9tente et d&rsquo;indulgence. Entour\u00e9es de palmiers qui se balancent et de jardins verdoyants, les piscines offrent une oasis isol\u00e9e o\u00f9 les clients peuvent se d\u00e9tendre avec style et s&rsquo;impr\u00e9gner de la beaut\u00e9 de leur environnement.  <\/p>\n<p>[\/et_pb_text][\/et_pb_column][et_pb_column type=\u00a0\u00bb2_3&Prime; _builder_version=\u00a0\u00bb4.24.2&Prime; _module_preset=\u00a0\u00bbdefault\u00a0\u00bb global_colors_info=\u00a0\u00bb{}\u00a0\u00bb][et_pb_image src=\u00a0\u00bbhttps:\/\/eloundavillage.com\/wp-content\/uploads\/2024\/05\/infinity-pool-crete.jpg\u00a0\u00bb title_text=\u00a0\u00bbpiscine infinie-cr\u00e8te\u00a0\u00bb _builder_version=\u00a0\u00bb4.24.3&Prime; _module_preset=\u00a0\u00bbdefault\u00a0\u00bb scroll_vertical_motion_enable=\u00a0\u00bbon\u00a0\u00bb scroll_vertical_motion=\u00a0\u00bb0|70|70|100|4|0|-4&Prime; global_colors_info=\u00a0\u00bb{}\u00a0\u00bb][\/et_pb_image][\/et_pb_column][\/et_pb_row][et_pb_row column_structure=\u00a0\u00bb2_3,1_3&Prime; _builder_version=\u00a0\u00bb4.24.3&Prime; _module_preset=\u00a0\u00bbdefault\u00a0\u00bb width=\u00a0\u00bb100%\u00a0\u00bb max_width=\u00a0\u00bb2560px\u00a0\u00bb custom_padding=\u00a0\u00bb0px||100px|||\u00a0\u00bb global_colors_info=\u00a0\u00bb{}\u00a0\u00bb][et_pb_column type=\u00a0\u00bb2_3&Prime; _builder_version=\u00a0\u00bb4.24.2&Prime; _module_preset=\u00a0\u00bbdefault\u00a0\u00bb global_colors_info=\u00a0\u00bb{}\u00a0\u00bb][et_pb_image src=\u00a0\u00bbhttps:\/\/eloundavillage.com\/wp-content\/uploads\/2024\/05\/dinning-for-two-with-sea-view.jpg\u00a0\u00bb title_text=\u00a0\u00bbd\u00eener pour deux avec vue sur la mer\u00a0\u00bb _builder_version=\u00a0\u00bb4.24.3&Prime; _module_preset=\u00a0\u00bbdefault\u00a0\u00bb scroll_vertical_motion_enable=\u00a0\u00bbon\u00a0\u00bb scroll_vertical_motion=\u00a0\u00bb0|70|70|100|4|0|-4&Prime; global_colors_info=\u00a0\u00bb{}\u00a0\u00bb][\/et_pb_image][\/et_pb_column][et_pb_column type=\u00a0\u00bb1_3&Prime; _builder_version=\u00a0\u00bb4.24.3&Prime; _module_preset=\u00a0\u00bbdefault\u00a0\u00bb custom_padding=\u00a0\u00bb||||false|false\u00a0\u00bb global_colors_info=\u00a0\u00bb{}\u00a0\u00bb][et_pb_text module_class=\u00a0\u00bbet_pb_slide_titleDifference\u00a0\u00bb _builder_version=\u00a0\u00bb4.24.3&Prime; _module_preset=\u00a0\u00bbdefault\u00a0\u00bb text_text_color=\u00a0\u00bb#313131&Prime; text_font_size=\u00a0\u00bb36px\u00a0\u00bb text_letter_spacing=\u00a0\u00bb1px\u00a0\u00bb text_line_height=\u00a0\u00bb1.5em\u00a0\u00bb custom_margin=\u00a0\u00bb120px||||false|false\u00a0\u00bb custom_padding=\u00a0\u00bb|10%||10%|false|false\u00a0\u00bb global_colors_info=\u00a0\u00bb{}\u00a0\u00bb]<\/p>\n<p><span data-metadata=\"&lt;encoded_tag_open \/&gt;!--(figmeta)eyJmaWxlS2V5Ijoib2J5NW1qSk5ZYUNrUmc0MzFoWVlXSSIsInBhc3RlSUQiOjMxMDQ4OTE2OCwiZGF0YVR5cGUiOiJzY2VuZSJ9Cg==(\/figmeta)--&lt;encoded_tag_closed \/&gt;\"><\/span>Exp\u00e9riences gastronomiques<\/p>\n<p>[\/et_pb_text][et_pb_text module_class=\u00a0\u00bbmainTextWeight\u00a0\u00bb _builder_version=\u00a0\u00bb4.24.3&Prime; _module_preset=\u00a0\u00bbdefault\u00a0\u00bb text_line_height=\u00a0\u00bb1.8em\u00a0\u00bb custom_padding=\u00a0\u00bb|10%||10%|false|false\u00a0\u00bb global_colors_info=\u00a0\u00bb{}\u00a0\u00bb]<\/p>\n<p>Outre ses superbes piscines et son paysage captivant, Elounda Village est r\u00e9put\u00e9 pour ses offres culinaires exceptionnelles. Qu&rsquo;il s&rsquo;agisse d&rsquo;un d\u00eener gastronomique ou d&rsquo;un repas d\u00e9contract\u00e9 en plein air, les restaurants de l&rsquo;h\u00f4tel vous r\u00e9galeront avec une gamme d\u00e9lectable de plats d&rsquo;inspiration m\u00e9diterran\u00e9enne pr\u00e9par\u00e9s \u00e0 partir des ingr\u00e9dients locaux les plus frais. Qu&rsquo;il s&rsquo;agisse d&rsquo;un d\u00eener romantique aux chandelles avec vue sur la baie ou d&rsquo;un d\u00e9jeuner d\u00e9contract\u00e9 au bord de la piscine, les clients sont invit\u00e9s \u00e0 un voyage culinaire qui refl\u00e8te les riches saveurs et traditions de la Cr\u00e8te. Avec son m\u00e9lange in\u00e9gal\u00e9 de luxe, de beaut\u00e9 naturelle et d&rsquo;excellence culinaire, Elounda Village promet une escapade inoubliable aux voyageurs exigeants qui recherchent une retraite pour adultes seulement au c\u0153ur du paradis.   <\/p>\n<p>[\/et_pb_text][\/et_pb_column][\/et_pb_row][\/et_pb_section][et_pb_section fb_built=\u00a0\u00bb1&Prime; _builder_version=\u00a0\u00bb4.26.0&Prime; _module_preset=\u00a0\u00bbdefault\u00a0\u00bb background_color=\u00a0\u00bb#FFFFFF\u00a0\u00bb custom_padding=\u00a0\u00bb30px||30px||false|false\u00a0\u00bb hover_enabled=\u00a0\u00bb0&Prime; locked=\u00a0\u00bboff\u00a0\u00bb global_colors_info=\u00a0\u00bb{}\u00a0\u00bb sticky_enabled=\u00a0\u00bb0&Prime;][et_pb_row column_structure=\u00a0\u00bb1_4,1_4,1_4,1_4&Prime; _builder_version=\u00a0\u00bb4.24.3&Prime; _module_preset=\u00a0\u00bbdefault\u00a0\u00bb locked=\u00a0\u00bboff\u00a0\u00bb global_colors_info=\u00a0\u00bb{}\u00a0\u00bb][et_pb_column type=\u00a0\u00bb1_4&Prime; _builder_version=\u00a0\u00bb4.24.3&Prime; _module_preset=\u00a0\u00bbdefault\u00a0\u00bb global_colors_info=\u00a0\u00bb{}\u00a0\u00bb][et_pb_text _builder_version=\u00a0\u00bb4.26.0&Prime; _module_preset=\u00a0\u00bbdefault\u00a0\u00bb global_colors_info=\u00a0\u00bb{}\u00a0\u00bb]<\/p>\n<p><a href=\"https:\/\/eloundavillage.com\/fr\/mythica\/\">Mythica<\/a><br \/><a href=\"https:\/\/bbclub.aquilahotels.com\/?_gl=1*c5aw1a*_gcl_aw*R0NMLjE3MTU0MTcxMTUuQ2p3S0NBandydnl4QmhBYkVpd0FFZ19LZ3JGR0dBV0hrWTNZdWFXbTlwdWJzVUZWdkRxUXBWLWc0a0wxQmh5OUxRdXBfckhwWm9pUjZob0NyTmNRQXZEX0J3RQ..*_gcl_au*MTA2NzgyNTcyLjE3MDgyNDQ3MjA.*_ga*MTcyNjA2MDAxOC4xNzA4MjQ0NzE4*_ga_N6Q0E4KHQH*MTcxNTQyMzg0OC42OS4wLjE3MTU0MjM4NTEuNTcuMC4w&amp;_ga=2.255402381.420789437.1715419941-1726060018.1708244718\" target=\"_blank\" rel=\"noopener\">Best Of The Best<\/a><br \/><a href=\"https:\/\/eloundavillage.com\/more-is-more-business\/\">More Is More Business<\/a><\/p>\n<p><a href=\"https:\/\/eloundavillage.com\/premium-all-inclusive\/\">Premium All Inclusive<\/a><\/p>\n<p><a href=\"https:\/\/eloundavillage.com\/fr\/politique-de-confidentialite\/\">Politique de confidentialit\u00e9<\/a><br \/><a href=\"https:\/\/eloundavillage.com\/fr\/politique-en-matiere-de-cookies\/\">Politique en mati\u00e8re de cookies<\/a><br \/><a href=\"https:\/\/eloundavillage.com\/fr\/centre-de-protection-de-la-vie-privee\/\">Centre de protection de la vie priv\u00e9e<\/a><\/p>\n<p>[\/et_pb_text][\/et_pb_column][et_pb_column type=\u00a0\u00bb1_4&Prime; _builder_version=\u00a0\u00bb4.24.3&Prime; _module_preset=\u00a0\u00bbdefault\u00a0\u00bb global_colors_info=\u00a0\u00bb{}\u00a0\u00bb][et_pb_text _builder_version=\u00a0\u00bb4.26.0&Prime; _module_preset=\u00a0\u00bbdefault\u00a0\u00bb global_colors_info=\u00a0\u00bb{}\u00a0\u00bb]<a href=\"https:\/\/eloundavillage.com\/fr\/category\/nouvelles\/\">Actualit\u00e9s<\/a><a href=\"https:\/\/eloundavillage.com\/fr\/prix-et-certifications\/\">Prix et certifications<\/a><a href=\"https:\/\/eloundavillage.com\/fr\/developpement-durable-et-environnement\/\">Durabilit\u00e9 et environnement<\/a><a href=\"https:\/\/ml.aquilahotels.com\/medialibrary\/\" target=\"_blank\" rel=\"noopener\">M\u00e9diath\u00e8que<\/a><a href=\"https:\/\/eloundavillage.com\/e-brochure\/\">Brochures \u00e9lectroniques<\/a><a href=\"https:\/\/hr.aquilahotels.com\/hr\/?_gl=1*1s52fh5*_gcl_aw*R0NMLjE3MTU0NDU4OTQuQ2p3S0NBandydnl4QmhBYkVpd0FFZ19LZ3RIS2taOWwydnZMRUdOREluNmhMNzBjeWVKVGF2dUhDZ0tYY2ZCTnBkdlJnNFZqVzFnbG5Cb0MxZk1RQXZEX0J3RQ..*_gcl_au*MTA2NzgyNTcyLjE3MDgyNDQ3MjA.*_ga*MTcyNjA2MDAxOC4xNzA4MjQ0NzE4*_ga_N6Q0E4KHQH*MTcxNTQ0NTkyOC43MS4xLjE3MTU0NDU5MzkuNDkuMC4w&amp;_ga=2.133301515.420789437.1715419941-1726060018.1708244718\" target=\"_blank\" rel=\"noopener\">Carri\u00e8re<\/a>[\/et_pb_text][\/et_pb_column][et_pb_column type=\u00a0\u00bb1_4&Prime; _builder_version=\u00a0\u00bb4.24.3&Prime; _module_preset=\u00a0\u00bbdefault\u00a0\u00bb global_colors_info=\u00a0\u00bb{}\u00a0\u00bb][et_pb_text _builder_version=\u00a0\u00bb4.26.0&Prime; _module_preset=\u00a0\u00bbdefault\u00a0\u00bb global_colors_info=\u00a0\u00bb{}\u00a0\u00bb]<a href=\"https:\/\/eloundavillage.com\/gallery\/\">Galerie<\/a><a href=\"https:\/\/eloundavillage.com\/rethymno\/\">R\u00e9thymnon<\/a><a href=\"https:\/\/eloundavillage.com\/accommodation\/\">H\u00e9bergement<\/a><a href=\"https:\/\/eloundavillage.com\/gastronomy\/\">Gastronomie<\/a><a href=\"https:\/\/eloundavillage.com\/fr\/couples\/\">Couples<\/a>[\/et_pb_text][\/et_pb_column][et_pb_column type=\u00a0\u00bb1_4&Prime; _builder_version=\u00a0\u00bb4.24.3&Prime; _module_preset=\u00a0\u00bbdefault\u00a0\u00bb global_colors_info=\u00a0\u00bb{}\u00a0\u00bb][et_pb_text _builder_version=\u00a0\u00bb4.26.0&Prime; _module_preset=\u00a0\u00bbdefault\u00a0\u00bb global_colors_info=\u00a0\u00bb{}\u00a0\u00bb]<\/p>\n<p><a href=\"https:\/\/eloundavillage.com\/fr\/spa\/\">SPA<\/a><br \/><a href=\"https:\/\/eloundavillage.com\/fr\/plan-du-centre-de-villegiature\/\">Plan du centre de vill\u00e9giature<\/a><br \/><a href=\"https:\/\/eloundavillage.com\/explore\/\">D\u00e9couvrez<\/a><br \/><a href=\"https:\/\/eloundavillage.com\/fr\/celebrer\/\">C\u00e9l\u00e9bration<\/a><br \/><a href=\"https:\/\/eloundavillage.com\/events\/\">Les \u00e9v\u00e9nements<\/a><\/p>\n<p>[\/et_pb_text][\/et_pb_column][\/et_pb_row][\/et_pb_section]<\/p>\n","protected":false},"excerpt":{"rendered":"<p><nav aria-label=\"breadcrumbs\">\n            <div class=\"breadcrumb-container theme2\">\n                <ol>\n                    <li><a title=\"Home\" href=\"#\"><span>Home<\/span><\/a><span class=\"separator\">|<\/span><\/li>\n                    <\/ol>\n            <\/div>\n        <\/nav>    <script type=\"application\/ld+json\">\n        {\n            \"@context\": \"http:\/\/schema.org\",\n            \"@type\": \"BreadcrumbList\",\n            \"itemListElement\": [\n                 {\n                            \"@type\": \"ListItem\",\n                            \"position\": 1,\n                            \"item\": {\n                                \"@id\": \"#\",\n                                \"name\": \"Home\"\n                            }\n                        }\n                                                    ]\n        }\n    <\/script>\n   \n    <script>\n            <\/script>\nH\u00d4TEL R\u00c9SERV\u00c9 AUX ADULTESS\u00e9r\u00e9nit\u00e9 et luxeNich\u00e9 sur les rives pittoresques de la baie d&rsquo;Elounda, en Cr\u00e8te, l&rsquo;h\u00f4tel Elounda Village, r\u00e9serv\u00e9 aux adultes, est un havre de paix pour ceux qui recherchent la s\u00e9r\u00e9nit\u00e9 et le luxe \u00e0 parts \u00e9gales. Situ\u00e9 au milieu de jardins luxuriants et surplombant la mer \u00c9g\u00e9e, ce lieu de retraite exclusif [&hellip;]<\/p>\n","protected":false},"author":2,"featured_media":0,"parent":0,"menu_order":0,"comment_status":"closed","ping_status":"closed","template":"","meta":{"_et_pb_use_builder":"on","_et_pb_old_content":"","_et_gb_content_width":"","footnotes":""},"class_list":["post-5974","page","type-page","status-publish","hentry"],"_links":{"self":[{"href":"https:\/\/eloundavillage.com\/fr\/wp-json\/wp\/v2\/pages\/5974","targetHints":{"allow":["GET"]}}],"collection":[{"href":"https:\/\/eloundavillage.com\/fr\/wp-json\/wp\/v2\/pages"}],"about":[{"href":"https:\/\/eloundavillage.com\/fr\/wp-json\/wp\/v2\/types\/page"}],"author":[{"embeddable":true,"href":"https:\/\/eloundavillage.com\/fr\/wp-json\/wp\/v2\/users\/2"}],"replies":[{"embeddable":true,"href":"https:\/\/eloundavillage.com\/fr\/wp-json\/wp\/v2\/comments?post=5974"}],"version-history":[{"count":8,"href":"https:\/\/eloundavillage.com\/fr\/wp-json\/wp\/v2\/pages\/5974\/revisions"}],"predecessor-version":[{"id":6010,"href":"https:\/\/eloundavillage.com\/fr\/wp-json\/wp\/v2\/pages\/5974\/revisions\/6010"}],"wp:attachment":[{"href":"https:\/\/eloundavillage.com\/fr\/wp-json\/wp\/v2\/media?parent=5974"}],"curies":[{"name":"wp","href":"https:\/\/api.w.org\/{rel}","templated":true}]}}