{"id":5370,"date":"2024-05-11T09:01:09","date_gmt":"2024-05-11T09:01:09","guid":{"rendered":"https:\/\/eloundavillage.com\/centre-de-protection-de-la-vie-privee\/"},"modified":"2024-12-26T17:04:20","modified_gmt":"2024-12-26T17:04:20","slug":"centre-de-protection-de-la-vie-privee","status":"publish","type":"page","link":"https:\/\/eloundavillage.com\/fr\/centre-de-protection-de-la-vie-privee\/","title":{"rendered":"Centre de protection de la vie priv\u00e9e"},"content":{"rendered":"<p>[et_pb_section fb_built=\u00a0\u00bb1&Prime; _builder_version=\u00a0\u00bb4.26.0&Prime; _module_preset=\u00a0\u00bbdefault\u00a0\u00bb background_color=\u00a0\u00bb#f3eee7&Prime; global_colors_info=\u00a0\u00bb{}\u00a0\u00bb][et_pb_row column_structure=\u00a0\u00bb1_3,1_3,1_3&Prime; _builder_version=\u00a0\u00bb4.24.3&Prime; _module_preset=\u00a0\u00bbdefault\u00a0\u00bb global_colors_info=\u00a0\u00bb{}\u00a0\u00bb][et_pb_column type=\u00a0\u00bb1_3&Prime; _builder_version=\u00a0\u00bb4.24.3&Prime; _module_preset=\u00a0\u00bbdefault\u00a0\u00bb global_colors_info=\u00a0\u00bb{}\u00a0\u00bb][et_pb_button button_url=\u00a0\u00bb@ET-DC@eyJkeW5hbWljIjp0cnVlLCJjb250ZW50IjoicG9zdF9saW5rX3VybF9wYWdlIiwic2V0dGluZ3MiOnsicG9zdF9pZCI6IjU1MSJ9fQ==@\u00a0\u00bb button_text=\u00a0\u00bbPolitique de confidentialit\u00e9\u00a0\u00bb button_alignment=\u00a0\u00bbcenter\u00a0\u00bb _builder_version=\u00a0\u00bb4.24.3&Prime; _dynamic_attributes=\u00a0\u00bbbutton_url\u00a0\u00bb _module_preset=\u00a0\u00bbdefault\u00a0\u00bb global_colors_info=\u00a0\u00bb{}\u00a0\u00bb][\/et_pb_button][\/et_pb_column][et_pb_column type=\u00a0\u00bb1_3&Prime; _builder_version=\u00a0\u00bb4.24.3&Prime; _module_preset=\u00a0\u00bbdefault\u00a0\u00bb global_colors_info=\u00a0\u00bb{}\u00a0\u00bb][et_pb_button button_url=\u00a0\u00bb@ET-DC@eyJkeW5hbWljIjp0cnVlLCJjb250ZW50IjoicG9zdF9saW5rX3VybF9wYWdlIiwic2V0dGluZ3MiOnsicG9zdF9pZCI6IjU1MyJ9fQ==@\u00a0\u00bb button_text=\u00a0\u00bbPolitique en mati\u00e8re de cookies\u00a0\u00bb button_alignment=\u00a0\u00bbcenter\u00a0\u00bb _builder_version=\u00a0\u00bb4.24.3&Prime; _dynamic_attributes=\u00a0\u00bbbutton_url\u00a0\u00bb _module_preset=\u00a0\u00bbdefault\u00a0\u00bb global_colors_info=\u00a0\u00bb{}\u00a0\u00bb][\/et_pb_button][\/et_pb_column][et_pb_column type=\u00a0\u00bb1_3&Prime; _builder_version=\u00a0\u00bb4.24.3&Prime; _module_preset=\u00a0\u00bbdefault\u00a0\u00bb global_colors_info=\u00a0\u00bb{}\u00a0\u00bb][et_pb_button button_url=\u00a0\u00bb@ET-DC@eyJkeW5hbWljIjp0cnVlLCJjb250ZW50IjoicG9zdF9saW5rX3VybF9hdHRhY2htZW50Iiwic2V0dGluZ3MiOnsicG9zdF9pZCI6IjU3MyJ9fQ==@\u00a0\u00bb url_new_window=\u00a0\u00bbon\u00a0\u00bb button_text=\u00a0\u00bbDemande de la personne concern\u00e9e\u00a0\u00bb button_alignment=\u00a0\u00bbcenter\u00a0\u00bb _builder_version=\u00a0\u00bb4.24.3&Prime; _dynamic_attributes=\u00a0\u00bbbutton_url\u00a0\u00bb _module_preset=\u00a0\u00bbdefault\u00a0\u00bb global_colors_info=\u00a0\u00bb{}\u00a0\u00bb][\/et_pb_button][\/et_pb_column][\/et_pb_row][\/et_pb_section][et_pb_section fb_built=\u00a0\u00bb1&Prime; _builder_version=\u00a0\u00bb4.26.0&Prime; _module_preset=\u00a0\u00bbdefault\u00a0\u00bb background_color=\u00a0\u00bb#FFFFFF\u00a0\u00bb custom_padding=\u00a0\u00bb30px||30px||false|false\u00a0\u00bb locked=\u00a0\u00bboff\u00a0\u00bb global_colors_info=\u00a0\u00bb{}\u00a0\u00bb][et_pb_row column_structure=\u00a0\u00bb1_4,1_4,1_4,1_4&Prime; _builder_version=\u00a0\u00bb4.24.3&Prime; _module_preset=\u00a0\u00bbdefault\u00a0\u00bb locked=\u00a0\u00bboff\u00a0\u00bb global_colors_info=\u00a0\u00bb{}\u00a0\u00bb][et_pb_column type=\u00a0\u00bb1_4&Prime; _builder_version=\u00a0\u00bb4.24.3&Prime; _module_preset=\u00a0\u00bbdefault\u00a0\u00bb global_colors_info=\u00a0\u00bb{}\u00a0\u00bb][et_pb_text _builder_version=\u00a0\u00bb4.26.0&Prime; _module_preset=\u00a0\u00bbdefault\u00a0\u00bb global_colors_info=\u00a0\u00bb{}\u00a0\u00bb]<\/p>\n<p><a href=\"https:\/\/eloundavillage.com\/fr\/mythica\/\">Mythica<\/a><br \/><a href=\"https:\/\/bbclub.aquilahotels.com\/?_gl=1*c5aw1a*_gcl_aw*R0NMLjE3MTU0MTcxMTUuQ2p3S0NBandydnl4QmhBYkVpd0FFZ19LZ3JGR0dBV0hrWTNZdWFXbTlwdWJzVUZWdkRxUXBWLWc0a0wxQmh5OUxRdXBfckhwWm9pUjZob0NyTmNRQXZEX0J3RQ..*_gcl_au*MTA2NzgyNTcyLjE3MDgyNDQ3MjA.*_ga*MTcyNjA2MDAxOC4xNzA4MjQ0NzE4*_ga_N6Q0E4KHQH*MTcxNTQyMzg0OC42OS4wLjE3MTU0MjM4NTEuNTcuMC4w&amp;_ga=2.255402381.420789437.1715419941-1726060018.1708244718\" target=\"_blank\" rel=\"noopener\">Best Of The Best<\/a><br \/><a href=\"https:\/\/eloundavillage.com\/more-is-more-business\/\">More Is More Business<\/a><\/p>\n<p><a href=\"https:\/\/eloundavillage.com\/premium-all-inclusive\/\">Premium All Inclusive<\/a><\/p>\n<p><a href=\"https:\/\/eloundavillage.com\/fr\/politique-de-confidentialite\/\">Politique de confidentialit\u00e9<\/a><br \/><a href=\"https:\/\/eloundavillage.com\/fr\/politique-en-matiere-de-cookies\/\">Politique en mati\u00e8re de cookies<\/a><br \/><a href=\"https:\/\/eloundavillage.com\/fr\/centre-de-protection-de-la-vie-privee\/\">Centre de protection de la vie priv\u00e9e<\/a><\/p>\n<p>[\/et_pb_text][\/et_pb_column][et_pb_column type=\u00a0\u00bb1_4&Prime; _builder_version=\u00a0\u00bb4.24.3&Prime; _module_preset=\u00a0\u00bbdefault\u00a0\u00bb global_colors_info=\u00a0\u00bb{}\u00a0\u00bb][et_pb_text _builder_version=\u00a0\u00bb4.26.0&Prime; _module_preset=\u00a0\u00bbdefault\u00a0\u00bb global_colors_info=\u00a0\u00bb{}\u00a0\u00bb]<a href=\"https:\/\/eloundavillage.com\/category\/news\/\">Actualit\u00e9s<\/a><a href=\"https:\/\/eloundavillage.com\/awards-certifications\/\">Prix et certifications<\/a><a href=\"https:\/\/eloundavillage.com\/sustainability-environment\/\">Durabilit\u00e9 et environnement<\/a><a href=\"https:\/\/ml.aquilahotels.com\/medialibrary\/\" target=\"_blank\" rel=\"noopener\">M\u00e9diath\u00e8que<\/a><a href=\"https:\/\/eloundavillage.com\/e-brochure\/\">Brochures \u00e9lectroniques<\/a><a href=\"https:\/\/hr.aquilahotels.com\/hr\/?_gl=1*1s52fh5*_gcl_aw*R0NMLjE3MTU0NDU4OTQuQ2p3S0NBandydnl4QmhBYkVpd0FFZ19LZ3RIS2taOWwydnZMRUdOREluNmhMNzBjeWVKVGF2dUhDZ0tYY2ZCTnBkdlJnNFZqVzFnbG5Cb0MxZk1RQXZEX0J3RQ..*_gcl_au*MTA2NzgyNTcyLjE3MDgyNDQ3MjA.*_ga*MTcyNjA2MDAxOC4xNzA4MjQ0NzE4*_ga_N6Q0E4KHQH*MTcxNTQ0NTkyOC43MS4xLjE3MTU0NDU5MzkuNDkuMC4w&amp;_ga=2.133301515.420789437.1715419941-1726060018.1708244718\" target=\"_blank\" rel=\"noopener\">Carri\u00e8re<\/a>[\/et_pb_text][\/et_pb_column][et_pb_column type=\u00a0\u00bb1_4&Prime; _builder_version=\u00a0\u00bb4.24.3&Prime; _module_preset=\u00a0\u00bbdefault\u00a0\u00bb global_colors_info=\u00a0\u00bb{}\u00a0\u00bb][et_pb_text _builder_version=\u00a0\u00bb4.26.0&Prime; _module_preset=\u00a0\u00bbdefault\u00a0\u00bb global_colors_info=\u00a0\u00bb{}\u00a0\u00bb]<a href=\"https:\/\/eloundavillage.com\/gallery\/\">Galerie<\/a><a href=\"https:\/\/eloundavillage.com\/rethymno\/\">R\u00e9thymnon<\/a><a href=\"https:\/\/eloundavillage.com\/accommodation\/\">H\u00e9bergement<\/a><a href=\"https:\/\/eloundavillage.com\/gastronomy\/\">Gastronomie<\/a><a href=\"https:\/\/eloundavillage.com\/couples\/\">Couples<\/a>[\/et_pb_text][\/et_pb_column][et_pb_column type=\u00a0\u00bb1_4&Prime; _builder_version=\u00a0\u00bb4.24.3&Prime; _module_preset=\u00a0\u00bbdefault\u00a0\u00bb global_colors_info=\u00a0\u00bb{}\u00a0\u00bb][et_pb_text _builder_version=\u00a0\u00bb4.26.0&Prime; _module_preset=\u00a0\u00bbdefault\u00a0\u00bb global_colors_info=\u00a0\u00bb{}\u00a0\u00bb]<\/p>\n<p><a href=\"https:\/\/eloundavillage.com\/fr\/spa\/\">SPA<\/a><br \/><a href=\"https:\/\/eloundavillage.com\/fr\/plan-du-centre-de-villegiature\/\">Plan du centre de vill\u00e9giature<\/a><br \/><a href=\"https:\/\/eloundavillage.com\/explore\/\">D\u00e9couvrez<\/a><br \/><a href=\"https:\/\/eloundavillage.com\/fr\/celebrer\/\">C\u00e9l\u00e9bration<\/a><br \/><a href=\"https:\/\/eloundavillage.com\/events\/\">Les \u00e9v\u00e9nements<\/a><\/p>\n<p>[\/et_pb_text][\/et_pb_column][\/et_pb_row][\/et_pb_section]<\/p>\n","protected":false},"excerpt":{"rendered":"<p>MythicaBest Of The BestMore Is More Business Premium All Inclusive Politique de confidentialit\u00e9Politique en mati\u00e8re de cookiesCentre de protection de la vie priv\u00e9eActualit\u00e9sPrix et certificationsDurabilit\u00e9 et environnementM\u00e9diath\u00e8queBrochures \u00e9lectroniquesCarri\u00e8reGalerieR\u00e9thymnonH\u00e9bergementGastronomieCouplesSPAPlan du centre de vill\u00e9giatureD\u00e9couvrezC\u00e9l\u00e9brationLes \u00e9v\u00e9nements<\/p>\n","protected":false},"author":2,"featured_media":0,"parent":0,"menu_order":0,"comment_status":"closed","ping_status":"closed","template":"","meta":{"_et_pb_use_builder":"on","_et_pb_old_content":"","_et_gb_content_width":"","footnotes":""},"class_list":["post-5370","page","type-page","status-publish","hentry"],"_links":{"self":[{"href":"https:\/\/eloundavillage.com\/fr\/wp-json\/wp\/v2\/pages\/5370","targetHints":{"allow":["GET"]}}],"collection":[{"href":"https:\/\/eloundavillage.com\/fr\/wp-json\/wp\/v2\/pages"}],"about":[{"href":"https:\/\/eloundavillage.com\/fr\/wp-json\/wp\/v2\/types\/page"}],"author":[{"embeddable":true,"href":"https:\/\/eloundavillage.com\/fr\/wp-json\/wp\/v2\/users\/2"}],"replies":[{"embeddable":true,"href":"https:\/\/eloundavillage.com\/fr\/wp-json\/wp\/v2\/comments?post=5370"}],"version-history":[{"count":10,"href":"https:\/\/eloundavillage.com\/fr\/wp-json\/wp\/v2\/pages\/5370\/revisions"}],"predecessor-version":[{"id":5414,"href":"https:\/\/eloundavillage.com\/fr\/wp-json\/wp\/v2\/pages\/5370\/revisions\/5414"}],"wp:attachment":[{"href":"https:\/\/eloundavillage.com\/fr\/wp-json\/wp\/v2\/media?parent=5370"}],"curies":[{"name":"wp","href":"https:\/\/api.w.org\/{rel}","templated":true}]}}