{"id":5289,"date":"2024-05-11T09:00:30","date_gmt":"2024-05-11T09:00:30","guid":{"rendered":"https:\/\/eloundavillage.com\/mythica\/"},"modified":"2025-02-22T10:34:00","modified_gmt":"2025-02-22T10:34:00","slug":"mythica","status":"publish","type":"page","link":"https:\/\/eloundavillage.com\/fr\/mythica\/","title":{"rendered":"Mythica"},"content":{"rendered":"<p>[et_pb_section fb_built=\u00a0\u00bb1&Prime; _builder_version=\u00a0\u00bb4.27.2&Prime; _module_preset=\u00a0\u00bbdefault\u00a0\u00bb background_color=\u00a0\u00bb#FFFFFF\u00a0\u00bb background_enable_image=\u00a0\u00bboff\u00a0\u00bb background_blend=\u00a0\u00bboverlay\u00a0\u00bb min_height=\u00a0\u00bb376.4px\u00a0\u00bb custom_margin=\u00a0\u00bb0px||0px||false|false\u00a0\u00bb custom_padding=\u00a0\u00bb0px||0px||false|false\u00a0\u00bb locked=\u00a0\u00bboff\u00a0\u00bb global_colors_info=\u00a0\u00bb{}\u00a0\u00bb][et_pb_row _builder_version=\u00a0\u00bb4.27.2&Prime; _module_preset=\u00a0\u00bbdefault\u00a0\u00bb width_tablet=\u00a0\u00bb\u00a0\u00bb width_phone=\u00a0\u00bb90%\u00a0\u00bb width_last_edited=\u00a0\u00bbon|phone\u00a0\u00bb custom_margin=\u00a0\u00bb0px||0px||false|false\u00a0\u00bb custom_padding=\u00a0\u00bb120px||120px||false|false\u00a0\u00bb global_colors_info=\u00a0\u00bb{}\u00a0\u00bb][et_pb_column type=\u00a0\u00bb4_4&Prime; _builder_version=\u00a0\u00bb4.24.3&Prime; _module_preset=\u00a0\u00bbdefault\u00a0\u00bb global_colors_info=\u00a0\u00bb{}\u00a0\u00bb][et_pb_text _builder_version=\u00a0\u00bb4.27.0&Prime; _module_preset=\u00a0\u00bbdefault\u00a0\u00bb text_font=\u00a0\u00bb|||on|||||\u00a0\u00bb locked=\u00a0\u00bboff\u00a0\u00bb global_colors_info=\u00a0\u00bb{}\u00a0\u00bb]<\/p>\n<p style=\"text-align: center;\">D\u00e9couvrez un monde de privil\u00e8ges exclusifs<\/p>\n<p>[\/et_pb_text][et_pb_text module_class=\u00a0\u00bbet_pb_slide_titleDifference\u00a0\u00bb _builder_version=\u00a0\u00bb4.27.0&Prime; _module_preset=\u00a0\u00bbdefault\u00a0\u00bb text_font=\u00a0\u00bb|||on|||||\u00a0\u00bb text_text_color=\u00a0\u00bb#000000&Prime; text_font_size=\u00a0\u00bb36px\u00a0\u00bb text_letter_spacing=\u00a0\u00bb1px\u00a0\u00bb text_line_height=\u00a0\u00bb1em\u00a0\u00bb header_line_height=\u00a0\u00bb1.1em\u00a0\u00bb custom_margin=\u00a0\u00bb0px||30px||false|false\u00a0\u00bb global_colors_info=\u00a0\u00bb{}\u00a0\u00bb]<\/p>\n<p style=\"text-align: center;\">Mythica Suites &amp; Bungalows<\/p>\n<p>[\/et_pb_text][et_pb_text _builder_version=\u00a0\u00bb4.27.0&Prime; _module_preset=\u00a0\u00bbdefault\u00a0\u00bb global_colors_info=\u00a0\u00bb{}\u00a0\u00bb]<\/p>\n<p style=\"text-align: center;\">Entrez dans le monde de Mythica, notre type d&rsquo;h\u00e9bergement haut de gamme, et d\u00e9couvrez un monde d&rsquo;avantages con\u00e7us pour am\u00e9liorer chaque instant. Plongez dans l&rsquo;exp\u00e9rience Mythica, exclusivement con\u00e7ue pour rehausser votre s\u00e9jour \u00e0 l&rsquo;Aquila Elounda Village gr\u00e2ce \u00e0 un large \u00e9ventail de privil\u00e8ges. <\/p>\n<p>[\/et_pb_text][\/et_pb_column][\/et_pb_row][\/et_pb_section][et_pb_section fb_built=\u00a0\u00bb1&Prime; _builder_version=\u00a0\u00bb4.27.2&Prime; _module_preset=\u00a0\u00bbdefault\u00a0\u00bb background_color=\u00a0\u00bb#f3eee7&Prime; custom_margin=\u00a0\u00bb0px||0px||false|false\u00a0\u00bb custom_padding=\u00a0\u00bb0px||0px||false|false\u00a0\u00bb global_colors_info=\u00a0\u00bb{}\u00a0\u00bb][et_pb_row custom_padding_last_edited=\u00a0\u00bbon|phone\u00a0\u00bb _builder_version=\u00a0\u00bb4.27.2&Prime; _module_preset=\u00a0\u00bbdefault\u00a0\u00bb width_tablet=\u00a0\u00bb\u00a0\u00bb width_phone=\u00a0\u00bb90%\u00a0\u00bb width_last_edited=\u00a0\u00bbon|phone\u00a0\u00bb custom_margin=\u00a0\u00bb0px||0px||false|false\u00a0\u00bb custom_padding=\u00a0\u00bb60px||120px||false|false\u00a0\u00bb custom_padding_tablet=\u00a0\u00bb60px||120px||false|false\u00a0\u00bb custom_padding_phone=\u00a0\u00bb30px||||false|false\u00a0\u00bb global_colors_info=\u00a0\u00bb{}\u00a0\u00bb][et_pb_column type=\u00a0\u00bb4_4&Prime; _builder_version=\u00a0\u00bb4.24.3&Prime; _module_preset=\u00a0\u00bbdefault\u00a0\u00bb global_colors_info=\u00a0\u00bb{}\u00a0\u00bb][et_pb_text _builder_version=\u00a0\u00bb4.27.0&Prime; _module_preset=\u00a0\u00bbdefault\u00a0\u00bb global_colors_info=\u00a0\u00bb{}\u00a0\u00bb]<\/p>\n<p><strong>Exclusivit\u00e9s Mythica :<\/strong><\/p>\n<ul>\n<li>Enregistrement et sortie express<\/li>\n<li>Champagne de bienvenue et jus d&rsquo;orange frais \u00e0 l&rsquo;arriv\u00e9e<\/li>\n<li>Offre de bienvenue (fleurs, fruits et un gif sp\u00e9cialement s\u00e9lectionn\u00e9) \u00e0 l&rsquo;arriv\u00e9e<\/li>\n<li>Service d&rsquo;accueil quotidien<\/li>\n<li>Service personnalis\u00e9 de relations avec les h\u00f4tes<\/li>\n<li>Cocktail avec l&rsquo;\u00e9quipe de direction<\/li>\n<li>Petit d\u00e9jeuner continental gratuit en chambre<\/li>\n<li>Service d&rsquo;\u00e9tage gratuit<\/li>\n<li>Mini bar enti\u00e8rement approvisionn\u00e9 en produits de premi\u00e8re qualit\u00e9<\/li>\n<li>Articles de toilette et \u00e9quipements de salle de bain de luxe<\/li>\n<li>Peignoirs et pantoufles<\/li>\n<li>Serviettes et sac de plage<\/li>\n<li>Smart Satellite LCD Flat-Screen 43\u2033-55\u00a0\u00bb TV avec radio et cha\u00eenes musicales int\u00e9gr\u00e9es<\/li>\n<li>R\u00e9ductions dans certains points de vente<\/li>\n<li>Arriv\u00e9e anticip\u00e9e \/ D\u00e9part tardif jusqu&rsquo;\u00e0 18h00 selon disponibilit\u00e9<\/li>\n<li>Cadeau d&rsquo;adieu<br \/><strong style=\"font-size: 16px;\"><\/strong><\/li>\n<\/ul>\n<p>[\/et_pb_text][et_pb_text _builder_version=\u00a0\u00bb4.27.0&Prime; _module_preset=\u00a0\u00bbdefault\u00a0\u00bb global_colors_info=\u00a0\u00bb{}\u00a0\u00bb]<\/p>\n<p><strong style=\"font-size: 16px;\">Mythica Dining Privileges :<br \/><\/strong>Les clients du Mythica en demi-pension ou en pension compl\u00e8te Premium peuvent prendre leurs repas dans les restaurants \u00e0 la carte du complexe, \u00ab\u00a0Mirabello\u00a0\u00bb et \u00ab\u00a0Symposium\u00a0\u00bb, sans frais suppl\u00e9mentaires. Veuillez noter que certains menus et boissons de sp\u00e9cialit\u00e9 ainsi que certaines de nos soir\u00e9es \u00e0 th\u00e8me sont disponibles moyennant un suppl\u00e9ment. <\/p>\n<p>Mythica est plus qu&rsquo;une simple collection de privil\u00e8ges ; c&rsquo;est une invitation \u00e0 d\u00e9couvrir l&rsquo;essence m\u00eame du luxe raffin\u00e9 et du service personnalis\u00e9 \u00e0 Aquila Elounda Village.<\/p>\n<p>[\/et_pb_text][\/et_pb_column][\/et_pb_row][et_pb_row column_structure=\u00a0\u00bb1_3,1_3,1_3&Prime; _builder_version=\u00a0\u00bb4.27.0&Prime; _module_preset=\u00a0\u00bbdefault\u00a0\u00bb background_image=\u00a0\u00bbhttps:\/\/eloundavillage.com\/wp-content\/uploads\/2024\/10\/aquila_elounda_village_mythica_suites_and_bungalows.jpg\u00a0\u00bb parallax=\u00a0\u00bbon\u00a0\u00bb parallax_method=\u00a0\u00bboff\u00a0\u00bb width=\u00a0\u00bb100%\u00a0\u00bb max_width=\u00a0\u00bb2560px\u00a0\u00bb min_height=\u00a0\u00bb780px\u00a0\u00bb custom_margin=\u00a0\u00bb-5px|auto||auto||\u00a0\u00bb locked=\u00a0\u00bboff\u00a0\u00bb global_colors_info=\u00a0\u00bb{}\u00a0\u00bb][et_pb_column type=\u00a0\u00bb1_3&Prime; _builder_version=\u00a0\u00bb4.24.2&Prime; _module_preset=\u00a0\u00bbdefault\u00a0\u00bb global_colors_info=\u00a0\u00bb{}\u00a0\u00bb][\/et_pb_column][et_pb_column type=\u00a0\u00bb1_3&Prime; _builder_version=\u00a0\u00bb4.24.2&Prime; _module_preset=\u00a0\u00bbdefault\u00a0\u00bb global_colors_info=\u00a0\u00bb{}\u00a0\u00bb][\/et_pb_column][et_pb_column type=\u00a0\u00bb1_3&Prime; _builder_version=\u00a0\u00bb4.24.2&Prime; _module_preset=\u00a0\u00bbdefault\u00a0\u00bb global_colors_info=\u00a0\u00bb{}\u00a0\u00bb][\/et_pb_column][\/et_pb_row][\/et_pb_section]<\/p>\n","protected":false},"excerpt":{"rendered":"<p>D\u00e9couvrez un monde de privil\u00e8ges exclusifsMythica Suites &amp; BungalowsEntrez dans le monde de Mythica, notre type d&rsquo;h\u00e9bergement haut de gamme, et d\u00e9couvrez un monde d&rsquo;avantages con\u00e7us pour am\u00e9liorer chaque instant. Plongez dans l&rsquo;exp\u00e9rience Mythica, exclusivement con\u00e7ue pour rehausser votre s\u00e9jour \u00e0 l&rsquo;Aquila Elounda Village gr\u00e2ce \u00e0 un large \u00e9ventail de privil\u00e8ges. Exclusivit\u00e9s Mythica : Enregistrement [&hellip;]<\/p>\n","protected":false},"author":2,"featured_media":0,"parent":0,"menu_order":0,"comment_status":"closed","ping_status":"closed","template":"","meta":{"_et_pb_use_builder":"on","_et_pb_old_content":"","_et_gb_content_width":"","footnotes":""},"class_list":["post-5289","page","type-page","status-publish","hentry"],"_links":{"self":[{"href":"https:\/\/eloundavillage.com\/fr\/wp-json\/wp\/v2\/pages\/5289","targetHints":{"allow":["GET"]}}],"collection":[{"href":"https:\/\/eloundavillage.com\/fr\/wp-json\/wp\/v2\/pages"}],"about":[{"href":"https:\/\/eloundavillage.com\/fr\/wp-json\/wp\/v2\/types\/page"}],"author":[{"embeddable":true,"href":"https:\/\/eloundavillage.com\/fr\/wp-json\/wp\/v2\/users\/2"}],"replies":[{"embeddable":true,"href":"https:\/\/eloundavillage.com\/fr\/wp-json\/wp\/v2\/comments?post=5289"}],"version-history":[{"count":2,"href":"https:\/\/eloundavillage.com\/fr\/wp-json\/wp\/v2\/pages\/5289\/revisions"}],"predecessor-version":[{"id":8518,"href":"https:\/\/eloundavillage.com\/fr\/wp-json\/wp\/v2\/pages\/5289\/revisions\/8518"}],"wp:attachment":[{"href":"https:\/\/eloundavillage.com\/fr\/wp-json\/wp\/v2\/media?parent=5289"}],"curies":[{"name":"wp","href":"https:\/\/api.w.org\/{rel}","templated":true}]}}