{"id":6453,"date":"2024-05-19T09:14:21","date_gmt":"2024-05-19T09:14:21","guid":{"rendered":"https:\/\/eloundavillage.com\/e-brochure1\/"},"modified":"2025-02-22T11:04:58","modified_gmt":"2025-02-22T11:04:58","slug":"e-brochure1","status":"publish","type":"page","link":"https:\/\/eloundavillage.com\/de\/e-brochure1\/","title":{"rendered":"E-BROCHURE1"},"content":{"rendered":"<p>[et_pb_section fb_built=&#8220;1&#8243; _builder_version=&#8220;4.27.2&#8243; _module_preset=&#8220;default&#8220; background_color=&#8220;#FFFFFF&#8220; background_enable_image=&#8220;off&#8220; background_blend=&#8220;overlay&#8220; min_height=&#8220;376.4px&#8220; custom_margin=&#8220;0px||0px||false|false&#8220; custom_padding=&#8220;0px||0px||false|false&#8220; locked=&#8220;off&#8220; global_colors_info=&#8220;{}&#8220;][et_pb_row _builder_version=&#8220;4.27.2&#8243; _module_preset=&#8220;default&#8220; width_tablet=&#8220;&#8220; width_phone=&#8220;90%&#8220; width_last_edited=&#8220;on|phone&#8220; custom_margin=&#8220;0px||0px||false|false&#8220; custom_padding=&#8220;120px||120px||false|false&#8220; global_colors_info=&#8220;{}&#8220;][et_pb_column type=&#8220;4_4&#8243; _builder_version=&#8220;4.24.3&#8243; _module_preset=&#8220;default&#8220; global_colors_info=&#8220;{}&#8220;][et_pb_text module_class=&#8220;et_pb_slide_titleDifference&#8220; _builder_version=&#8220;4.27.0&#8243; _module_preset=&#8220;default&#8220; text_font=&#8220;|||on|||||&#8220; text_text_color=&#8220;#000000&#8243; text_font_size=&#8220;36px&#8220; text_letter_spacing=&#8220;1px&#8220; text_line_height=&#8220;1em&#8220; header_line_height=&#8220;1.1em&#8220; custom_margin=&#8220;0px||30px||false|false&#8220; global_colors_info=&#8220;{}&#8220;]<\/p>\n<p style=\"text-align: center;\">E-BROCHURE<\/p>\n<p>[\/et_pb_text][et_pb_text _builder_version=&#8220;4.27.0&#8243; _module_preset=&#8220;default&#8220; global_colors_info=&#8220;{}&#8220;]<\/p>\n<p style=\"text-align: center;\">Lassen Sie sich von unseren digitalen Brosch\u00fcren inspirieren und beginnen Sie mit der Planung Ihres Traumurlaubs<\/p>\n<p>[\/et_pb_text][\/et_pb_column][\/et_pb_row][\/et_pb_section][et_pb_section fb_built=&#8220;1&#8243; _builder_version=&#8220;4.27.2&#8243; _module_preset=&#8220;default&#8220; background_color=&#8220;#f3eee7&#8243; custom_margin=&#8220;0px||0px||false|false&#8220; custom_padding=&#8220;120px||0px||false|false&#8220; global_colors_info=&#8220;{}&#8220;][et_pb_row column_structure=&#8220;1_3,1_3,1_3&#8243; _builder_version=&#8220;4.27.2&#8243; _module_preset=&#8220;default&#8220; custom_margin=&#8220;0px||0px||false|false&#8220; custom_padding=&#8220;0px||0px||false|false&#8220; global_colors_info=&#8220;{}&#8220;][et_pb_column type=&#8220;1_3&#8243; _builder_version=&#8220;4.24.3&#8243; _module_preset=&#8220;default&#8220; global_colors_info=&#8220;{}&#8220;][et_pb_text module_class=&#8220;et_pb_slide_titleDifference&#8220; _builder_version=&#8220;4.27.0&#8243; _module_preset=&#8220;default&#8220; text_text_color=&#8220;#333333&#8243; text_font_size=&#8220;30px&#8220; text_letter_spacing=&#8220;1px&#8220; text_line_height=&#8220;1em&#8220; header_line_height=&#8220;1.1em&#8220; text_orientation=&#8220;center&#8220; custom_margin=&#8220;-1px||||false|false&#8220; global_colors_info=&#8220;{}&#8220;]<\/p>\n<p>Verkaufshandbuch<\/p>\n<p>[\/et_pb_text][et_pb_image src=&#8220;https:\/\/eloundavillage.com\/wp-content\/uploads\/2024\/05\/thumb-sales-manual-en-1-768&#215;569-1.jpg&#8220; title_text=&#8220;thumb-sales-manual-en-1-768&#215;569&#8243; url=&#8220;https:\/\/eloundavillage.com\/wp-content\/uploads\/2024\/05\/AQUILA-SALES-MANUAL-ENG-2023.pdf&#8220; url_new_window=&#8220;on&#8220; align=&#8220;center&#8220; _builder_version=&#8220;4.27.0&#8243; _module_preset=&#8220;default&#8220; width=&#8220;100%&#8220; global_colors_info=&#8220;{}&#8220;][\/et_pb_image][\/et_pb_column][et_pb_column type=&#8220;1_3&#8243; _builder_version=&#8220;4.24.3&#8243; _module_preset=&#8220;default&#8220; global_colors_info=&#8220;{}&#8220;][et_pb_text module_class=&#8220;et_pb_slide_titleDifference&#8220; _builder_version=&#8220;4.27.2&#8243; _module_preset=&#8220;default&#8220; text_font_size=&#8220;30px&#8220; text_letter_spacing=&#8220;1px&#8220; text_line_height=&#8220;1em&#8220; header_line_height=&#8220;1.1em&#8220; text_orientation=&#8220;center&#8220; custom_margin=&#8220;-1px||||false|false&#8220; custom_margin_tablet=&#8220;-1px||||false|false&#8220; custom_margin_phone=&#8220;30px||||false|false&#8220; custom_margin_last_edited=&#8220;on|phone&#8220; global_colors_info=&#8220;{}&#8220;]<\/p>\n<p><span>Unternehmensbrosch\u00fcre<\/span><\/p>\n<p>[\/et_pb_text][et_pb_image src=&#8220;https:\/\/eloundavillage.com\/wp-content\/uploads\/2024\/05\/thumb_company-brochure.jpg&#8220; title_text=&#8220;thumb_Unternehmensbrosch\u00fcre&#8220; url=&#8220;https:\/\/eloundavillage.com\/wp-content\/uploads\/2024\/05\/AQUILA-Directory-EN.pdf&#8220; url_new_window=&#8220;on&#8220; align=&#8220;center&#8220; _builder_version=&#8220;4.27.0&#8243; _module_preset=&#8220;default&#8220; width=&#8220;100%&#8220; global_colors_info=&#8220;{}&#8220;][\/et_pb_image][\/et_pb_column][et_pb_column type=&#8220;1_3&#8243; _builder_version=&#8220;4.24.3&#8243; _module_preset=&#8220;default&#8220; global_colors_info=&#8220;{}&#8220;][et_pb_text module_class=&#8220;et_pb_slide_titleDifference&#8220; _builder_version=&#8220;4.27.2&#8243; _module_preset=&#8220;default&#8220; text_text_color=&#8220;#333333&#8243; text_font_size=&#8220;30px&#8220; text_letter_spacing=&#8220;1px&#8220; text_line_height=&#8220;1em&#8220; header_line_height=&#8220;1.1em&#8220; text_orientation=&#8220;center&#8220; custom_margin=&#8220;-1px||||false|false&#8220; custom_margin_tablet=&#8220;-1px||||false|false&#8220; custom_margin_phone=&#8220;30px||||false|false&#8220; custom_margin_last_edited=&#8220;on|phone&#8220; global_colors_info=&#8220;{}&#8220;]<\/p>\n<p>Brosch\u00fcre zum Thema Umwelt<\/p>\n<p>[\/et_pb_text][et_pb_image src=&#8220;https:\/\/eloundavillage.com\/wp-content\/uploads\/2024\/05\/Environmental-Brochure-ENG-web-1.jpg&#8220; title_text=&#8220;Umwelt-Brosch\u00fcre-ENG-web-1&#8243; url=&#8220;https:\/\/eloundavillage.com\/wp-content\/uploads\/2024\/05\/2022_AQUILA-SUSTAINABILITY-REPORT-1.pdf&#8220; url_new_window=&#8220;on&#8220; align=&#8220;center&#8220; _builder_version=&#8220;4.27.0&#8243; _module_preset=&#8220;default&#8220; width=&#8220;100%&#8220; global_colors_info=&#8220;{}&#8220;][\/et_pb_image][\/et_pb_column][\/et_pb_row][\/et_pb_section]<\/p>\n","protected":false},"excerpt":{"rendered":"<p>E-BROCHURELassen Sie sich von unseren digitalen Brosch\u00fcren inspirieren und beginnen Sie mit der Planung Ihres TraumurlaubsVerkaufshandbuchUnternehmensbrosch\u00fcreBrosch\u00fcre zum Thema Umwelt<\/p>\n","protected":false},"author":2,"featured_media":0,"parent":0,"menu_order":0,"comment_status":"closed","ping_status":"closed","template":"","meta":{"_et_pb_use_builder":"on","_et_pb_old_content":"","_et_gb_content_width":"","footnotes":""},"class_list":["post-6453","page","type-page","status-publish","hentry"],"_links":{"self":[{"href":"https:\/\/eloundavillage.com\/de\/wp-json\/wp\/v2\/pages\/6453","targetHints":{"allow":["GET"]}}],"collection":[{"href":"https:\/\/eloundavillage.com\/de\/wp-json\/wp\/v2\/pages"}],"about":[{"href":"https:\/\/eloundavillage.com\/de\/wp-json\/wp\/v2\/types\/page"}],"author":[{"embeddable":true,"href":"https:\/\/eloundavillage.com\/de\/wp-json\/wp\/v2\/users\/2"}],"replies":[{"embeddable":true,"href":"https:\/\/eloundavillage.com\/de\/wp-json\/wp\/v2\/comments?post=6453"}],"version-history":[{"count":12,"href":"https:\/\/eloundavillage.com\/de\/wp-json\/wp\/v2\/pages\/6453\/revisions"}],"predecessor-version":[{"id":8609,"href":"https:\/\/eloundavillage.com\/de\/wp-json\/wp\/v2\/pages\/6453\/revisions\/8609"}],"wp:attachment":[{"href":"https:\/\/eloundavillage.com\/de\/wp-json\/wp\/v2\/media?parent=6453"}],"curies":[{"name":"wp","href":"https:\/\/api.w.org\/{rel}","templated":true}]}}