{"id":6406,"date":"2024-05-24T16:45:17","date_gmt":"2024-05-24T16:45:17","guid":{"rendered":"https:\/\/eloundavillage.com\/premium-alles-inklusive\/"},"modified":"2025-05-05T20:10:41","modified_gmt":"2025-05-05T20:10:41","slug":"premium-alles-inklusive","status":"publish","type":"page","link":"https:\/\/eloundavillage.com\/de\/premium-alles-inklusive\/","title":{"rendered":"PREMIUM ALLES INKLUSIVE"},"content":{"rendered":"<p>[et_pb_section fb_built=&#8220;1&#8243; _builder_version=&#8220;4.27.2&#8243; _module_preset=&#8220;default&#8220; background_color=&#8220;#FFFFFF&#8220; background_enable_image=&#8220;off&#8220; background_blend=&#8220;overlay&#8220; min_height=&#8220;376.4px&#8220; custom_margin=&#8220;0px||0px||false|false&#8220; custom_padding=&#8220;0px||0px||false|false&#8220; locked=&#8220;off&#8220; global_colors_info=&#8220;{}&#8220;][et_pb_row custom_padding_last_edited=&#8220;on|phone&#8220; _builder_version=&#8220;4.27.4&#8243; _module_preset=&#8220;default&#8220; width_tablet=&#8220;&#8220; width_phone=&#8220;90%&#8220; width_last_edited=&#8220;on|phone&#8220; custom_margin=&#8220;0px||0px||false|false&#8220; custom_padding=&#8220;120px||120px||false|false&#8220; custom_padding_tablet=&#8220;120px||120px||false|false&#8220; custom_padding_phone=&#8220;120px||60px||false|false&#8220; global_colors_info=&#8220;{}&#8220;][et_pb_column type=&#8220;4_4&#8243; _builder_version=&#8220;4.24.3&#8243; _module_preset=&#8220;default&#8220; global_colors_info=&#8220;{}&#8220;][et_pb_text _builder_version=&#8220;4.27.0&#8243; _module_preset=&#8220;default&#8220; text_font=&#8220;|||on|||||&#8220; global_colors_info=&#8220;{}&#8220;]<\/p>\n<p style=\"text-align: center;\">Die Kunst des All-Inclusive-Lebens<\/p>\n<p>[\/et_pb_text][et_pb_text module_class=&#8220;et_pb_slide_titleDifference&#8220; _builder_version=&#8220;4.27.0&#8243; _module_preset=&#8220;default&#8220; text_font=&#8220;|||on|||||&#8220; text_text_color=&#8220;#000000&#8243; text_font_size=&#8220;36px&#8220; text_letter_spacing=&#8220;1px&#8220; text_line_height=&#8220;1em&#8220; header_line_height=&#8220;1.1em&#8220; custom_margin=&#8220;0px||30px||false|false&#8220; global_colors_info=&#8220;{}&#8220;]<\/p>\n<p style=\"text-align: center;\">Premium Alles Inklusive<\/p>\n<p>[\/et_pb_text][et_pb_text _builder_version=&#8220;4.27.0&#8243; _module_preset=&#8220;default&#8220; global_colors_info=&#8220;{}&#8220;]<\/p>\n<p style=\"text-align: center;\">Unser Premium All-Inclusive-Plan bietet eine Welt der kulinarischen Freiheit, gehobene Erlebnisse und die Garantie der ber\u00fchmten kretischen Gastfreundschaft. Genie\u00dfen Sie die Freiheit eines All-Inclusive-Urlaubs im Aquila Elounda Village, das inmitten der ruhigen Sch\u00f6nheit der Mirabello-Bucht liegt und \u00fcber einen abgeschiedenen Privatstrand verf\u00fcgt. Hier ist jedes Detail darauf ausgerichtet, Ihr Vergn\u00fcgen zu steigern. Unser Premium All-Inclusive-Plan bietet eine ausgew\u00e4hlte Auswahl an kulinarischen K\u00f6stlichkeiten, von \u00fcppigen Buffets mit internationalen und lokalen K\u00f6stlichkeiten bis hin zu exquisiten \u00c0-la-carte-Gerichten und Themenabenden sowie einem Gala-Dinner-Abend.   <\/p>\n<p style=\"text-align: center;\">Lassen Sie die Seele baumeln und genie\u00dfen Sie jeden Moment mit dem Seelenfrieden, den Ihnen unser Premium-All-Inclusive-Angebot bietet, das mit der Herzlichkeit und Gro\u00dfz\u00fcgigkeit der kretischen Gastfreundschaft abgerundet wird.<\/p>\n<p>[\/et_pb_text][\/et_pb_column][\/et_pb_row][\/et_pb_section][et_pb_section fb_built=&#8220;1&#8243; _builder_version=&#8220;4.27.0&#8243; _module_preset=&#8220;default&#8220; custom_margin=&#8220;0px||0px||false|false&#8220; custom_padding=&#8220;0px||0px||false|false&#8220; global_colors_info=&#8220;{}&#8220;][et_pb_row column_structure=&#8220;1_3,1_3,1_3&#8243; _builder_version=&#8220;4.27.4&#8243; _module_preset=&#8220;default&#8220; width_tablet=&#8220;&#8220; width_phone=&#8220;90%&#8220; width_last_edited=&#8220;on|desktop&#8220; max_width=&#8220;2560px&#8220; custom_margin=&#8220;0px||0px||false|false&#8220; custom_margin_tablet=&#8220;0px||0px||false|false&#8220; custom_margin_phone=&#8220;0px||0px||false|false&#8220; custom_margin_last_edited=&#8220;on|phone&#8220; custom_padding=&#8220;0px||60px||false|false&#8220; locked=&#8220;off&#8220; global_colors_info=&#8220;{}&#8220;][et_pb_column type=&#8220;1_3&#8243; _builder_version=&#8220;4.27.0&#8243; _module_preset=&#8220;default&#8220; global_colors_info=&#8220;{}&#8220;][et_pb_image src=&#8220;https:\/\/eloundavillage.com\/wp-content\/uploads\/2024\/10\/elounda_village_premium_all_inclusive_dining.jpg&#8220; title_text=&#8220;elounda_village_premium_all_inclusive_dining&#8220; _builder_version=&#8220;4.27.0&#8243; _module_preset=&#8220;default&#8220; custom_margin=&#8220;0px|0px|30px|0px|false|false&#8220; custom_padding=&#8220;0px|0px|0px|0px|false|false&#8220; scroll_vertical_motion=&#8220;0|70|70|100|4|0|-4&#8243; locked=&#8220;off&#8220; global_colors_info=&#8220;{}&#8220;][\/et_pb_image][et_pb_text _builder_version=&#8220;4.27.0&#8243; _module_preset=&#8220;default&#8220; custom_margin=&#8220;||10px||false|false&#8220; global_colors_info=&#8220;{}&#8220;]Genie\u00dfen Sie den ganzen Tag \u00fcber Zugang zu verschiedenen Restaurants, lassen Sie sich von der t\u00e4glich aufgef\u00fcllten Minibar im Zimmer verw\u00f6hnen und nehmen Sie an einer Reihe von Themenveranstaltungen und Galadiners teil.[\/et_pb_text][\/et_pb_column][et_pb_column type=&#8220;1_3&#8243; _builder_version=&#8220;4.27.0&#8243; _module_preset=&#8220;default&#8220; global_colors_info=&#8220;{}&#8220;][et_pb_image src=&#8220;https:\/\/eloundavillage.com\/wp-content\/uploads\/2024\/10\/elounda_village_premium_all_inclusive_drinks.jpg&#8220; title_text=&#8220;elounda_village_premium_all_inclusive_getr\u00e4nke&#8220; _builder_version=&#8220;4.27.0&#8243; _module_preset=&#8220;default&#8220; custom_margin=&#8220;0px|0px|30px|0px|false|false&#8220; custom_padding=&#8220;0px|0px|0px|0px|false|false&#8220; scroll_vertical_motion=&#8220;0|70|70|100|4|0|-4&#8243; locked=&#8220;off&#8220; global_colors_info=&#8220;{}&#8220;][\/et_pb_image][et_pb_text _builder_version=&#8220;4.27.0&#8243; _module_preset=&#8220;default&#8220; custom_margin=&#8220;||10px||false|false&#8220; global_colors_info=&#8220;{}&#8220;]<\/p>\n<p>Genie\u00dfen Sie eine unbegrenzte Auswahl aus unserer erstklassigen Getr\u00e4nkekarte mit handgefertigten Cocktails, erlesenen Weinen und erfrischenden alkoholfreien Optionen.<\/p>\n<p>[\/et_pb_text][\/et_pb_column][et_pb_column type=&#8220;1_3&#8243; _builder_version=&#8220;4.27.0&#8243; _module_preset=&#8220;default&#8220; global_colors_info=&#8220;{}&#8220;][et_pb_image src=&#8220;https:\/\/eloundavillage.com\/wp-content\/uploads\/2024\/10\/elounda_village_premium_all_inclusive_discounts.jpg&#8220; title_text=&#8220;elounda_village_premium_all_inclusive_discounts&#8220; _builder_version=&#8220;4.27.0&#8243; _module_preset=&#8220;default&#8220; custom_margin=&#8220;0px|0px|30px|0px|false|false&#8220; custom_padding=&#8220;0px|0px|0px|0px|false|false&#8220; scroll_vertical_motion=&#8220;0|70|70|100|4|0|-4&#8243; locked=&#8220;off&#8220; global_colors_info=&#8220;{}&#8220;][\/et_pb_image][et_pb_text _builder_version=&#8220;4.27.4&#8243; _module_preset=&#8220;default&#8220; custom_margin=&#8220;||10px||false|false&#8220; hover_enabled=&#8220;0&#8243; global_colors_info=&#8220;{}&#8220; sticky_enabled=&#8220;0&#8243;]Premium-All-Inclusive-G\u00e4ste erhalten 25 % Rabatt auf Spirituosen, Weine und Speisen, die nicht bereits in Ihrem gew\u00e4hlten Programm enthalten sind \u2013 in all unseren Bars und Restaurants.[\/et_pb_text][\/et_pb_column][\/et_pb_row][et_pb_row column_structure=&#8220;1_3,1_3,1_3&#8243; _builder_version=&#8220;4.27.0&#8243; _module_preset=&#8220;default&#8220; background_image=&#8220;https:\/\/eloundavillage.com\/wp-content\/uploads\/2024\/10\/aquila_elounda_village_premium_all_Inclusive.jpg&#8220; parallax=&#8220;on&#8220; parallax_method=&#8220;off&#8220; width=&#8220;100%&#8220; max_width=&#8220;2560px&#8220; min_height=&#8220;780px&#8220; custom_margin=&#8220;0px|auto||auto|false|false&#8220; locked=&#8220;off&#8220; global_colors_info=&#8220;{}&#8220;][et_pb_column type=&#8220;1_3&#8243; _builder_version=&#8220;4.24.2&#8243; _module_preset=&#8220;default&#8220; global_colors_info=&#8220;{}&#8220;][\/et_pb_column][et_pb_column type=&#8220;1_3&#8243; _builder_version=&#8220;4.24.2&#8243; _module_preset=&#8220;default&#8220; global_colors_info=&#8220;{}&#8220;][\/et_pb_column][et_pb_column type=&#8220;1_3&#8243; _builder_version=&#8220;4.24.2&#8243; _module_preset=&#8220;default&#8220; global_colors_info=&#8220;{}&#8220;][\/et_pb_column][\/et_pb_row][\/et_pb_section]<\/p>\n","protected":false},"excerpt":{"rendered":"<p>Die Kunst des All-Inclusive-LebensPremium Alles InklusiveUnser Premium All-Inclusive-Plan bietet eine Welt der kulinarischen Freiheit, gehobene Erlebnisse und die Garantie der ber\u00fchmten kretischen Gastfreundschaft. Genie\u00dfen Sie die Freiheit eines All-Inclusive-Urlaubs im Aquila Elounda Village, das inmitten der ruhigen Sch\u00f6nheit der Mirabello-Bucht liegt und \u00fcber einen abgeschiedenen Privatstrand verf\u00fcgt. Hier ist jedes Detail darauf ausgerichtet, Ihr Vergn\u00fcgen [&hellip;]<\/p>\n","protected":false},"author":2,"featured_media":0,"parent":0,"menu_order":0,"comment_status":"closed","ping_status":"closed","template":"","meta":{"_et_pb_use_builder":"on","_et_pb_old_content":"","_et_gb_content_width":"","footnotes":""},"class_list":["post-6406","page","type-page","status-publish","hentry"],"_links":{"self":[{"href":"https:\/\/eloundavillage.com\/de\/wp-json\/wp\/v2\/pages\/6406","targetHints":{"allow":["GET"]}}],"collection":[{"href":"https:\/\/eloundavillage.com\/de\/wp-json\/wp\/v2\/pages"}],"about":[{"href":"https:\/\/eloundavillage.com\/de\/wp-json\/wp\/v2\/types\/page"}],"author":[{"embeddable":true,"href":"https:\/\/eloundavillage.com\/de\/wp-json\/wp\/v2\/users\/2"}],"replies":[{"embeddable":true,"href":"https:\/\/eloundavillage.com\/de\/wp-json\/wp\/v2\/comments?post=6406"}],"version-history":[{"count":7,"href":"https:\/\/eloundavillage.com\/de\/wp-json\/wp\/v2\/pages\/6406\/revisions"}],"predecessor-version":[{"id":9067,"href":"https:\/\/eloundavillage.com\/de\/wp-json\/wp\/v2\/pages\/6406\/revisions\/9067"}],"wp:attachment":[{"href":"https:\/\/eloundavillage.com\/de\/wp-json\/wp\/v2\/media?parent=6406"}],"curies":[{"name":"wp","href":"https:\/\/api.w.org\/{rel}","templated":true}]}}