{"id":6197,"date":"2024-09-25T19:57:11","date_gmt":"2024-09-25T19:57:11","guid":{"rendered":"https:\/\/eloundavillage.com\/mythica-junior-suite-meerblick\/"},"modified":"2025-02-22T11:14:46","modified_gmt":"2025-02-22T11:14:46","slug":"mythica-junior-suite-meerblick","status":"publish","type":"page","link":"https:\/\/eloundavillage.com\/de\/mythica-junior-suite-meerblick\/","title":{"rendered":"Mythica Junior Suite, Meerblick"},"content":{"rendered":"<p>[et_pb_section fb_built=&#8220;1&#8243; _builder_version=&#8220;4.26.0&#8243; _module_preset=&#8220;default&#8220; background_color=&#8220;#f3eee7&#8243; custom_margin=&#8220;-140px||||false|false&#8220; custom_padding=&#8220;0px||0px|||&#8220; global_colors_info=&#8220;{}&#8220;][et_pb_row _builder_version=&#8220;4.24.3&#8243; _module_preset=&#8220;default&#8220; width=&#8220;100%&#8220; max_width=&#8220;2560px&#8220; custom_padding=&#8220;0px||0px|||&#8220; global_colors_info=&#8220;{}&#8220;][et_pb_column type=&#8220;4_4&#8243; _builder_version=&#8220;4.24.3&#8243; _module_preset=&#8220;default&#8220; global_colors_info=&#8220;{}&#8220;][et_pb_slider _builder_version=&#8220;4.27.4&#8243; _module_preset=&#8220;default&#8220; header_text_color=&#8220;#FFFFFF&#8220; body_text_color=&#8220;#FFFFFF&#8220; background_image=&#8220;https:\/\/eloundavillage.com\/wp-content\/uploads\/2024\/09\/elounda-standard-classic-bungalow-garden-view-01banner.jpg&#8220; background_position=&#8220;bottom_center&#8220; min_height=&#8220;940px&#8220; min_height_tablet=&#8220;500px&#8220; min_height_phone=&#8220;400px&#8220; min_height_last_edited=&#8220;on|desktop&#8220; locked=&#8220;off&#8220; global_colors_info=&#8220;{}&#8220;][et_pb_slide _builder_version=&#8220;4.27.4&#8243; _module_preset=&#8220;default&#8220; background_image=&#8220;https:\/\/eloundavillage.com\/wp-content\/uploads\/2024\/12\/Mythica-Junior-Suite-Sea-View-01_700-01.jpg&#8220; background_enable_image=&#8220;on&#8220; parallax=&#8220;off&#8220; width=&#8220;100%&#8220; locked=&#8220;off&#8220; global_colors_info=&#8220;{}&#8220; sticky_transition=&#8220;on&#8220;][\/et_pb_slide][\/et_pb_slider][\/et_pb_column][\/et_pb_row][\/et_pb_section][et_pb_section fb_built=&#8220;1&#8243; _builder_version=&#8220;4.26.0&#8243; _module_preset=&#8220;default&#8220; background_color=&#8220;#f3eee7&#8243; custom_margin=&#8220;0px||0px||false|false&#8220; custom_padding=&#8220;100px||2px||false|false&#8220; global_colors_info=&#8220;{}&#8220;][et_pb_row _builder_version=&#8220;4.27.0&#8243; _module_preset=&#8220;default&#8220; width=&#8220;70%&#8220; width_tablet=&#8220;&#8220; width_phone=&#8220;90%&#8220; width_last_edited=&#8220;on|phone&#8220; max_width=&#8220;2560px&#8220; custom_padding=&#8220;0px||1px|||&#8220; global_colors_info=&#8220;{}&#8220;][et_pb_column type=&#8220;4_4&#8243; _builder_version=&#8220;4.26.0&#8243; _module_preset=&#8220;default&#8220; global_colors_info=&#8220;{}&#8220;][et_pb_text module_class=&#8220;italiana-regular&#8220; _builder_version=&#8220;4.27.0&#8243; _module_preset=&#8220;default&#8220; text_text_color=&#8220;#313131&#8243; text_font_size=&#8220;32px&#8220; text_line_height=&#8220;1.2em&#8220; min_height=&#8220;43.8px&#8220; custom_margin=&#8220;||30px||false|false&#8220; locked=&#8220;off&#8220; global_colors_info=&#8220;{}&#8220;]<\/p>\n<p>Mythica Junior Suite, Meerblick<\/p>\n<div id=\"awebChromeHelper\"><\/div>\n<p>[\/et_pb_text][\/et_pb_column][\/et_pb_row][et_pb_row column_structure=&#8220;3_5,2_5&#8243; _builder_version=&#8220;4.27.0&#8243; _module_preset=&#8220;default&#8220; width=&#8220;70%&#8220; width_tablet=&#8220;&#8220; width_phone=&#8220;90%&#8220; width_last_edited=&#8220;on|phone&#8220; max_width=&#8220;2560px&#8220; custom_padding=&#8220;0px||50px||false|false&#8220; global_colors_info=&#8220;{}&#8220;][et_pb_column type=&#8220;3_5&#8243; _builder_version=&#8220;4.26.0&#8243; _module_preset=&#8220;default&#8220; global_colors_info=&#8220;{}&#8220;][et_pb_text _builder_version=&#8220;4.27.0&#8243; _module_preset=&#8220;default&#8220; global_colors_info=&#8220;{}&#8220;]<\/p>\n<p>Diese gro\u00dfartige Suite mit einem Schlafzimmer bietet eine harmonische Mischung aus Komfort und Stil, mit subtilen Anspielungen auf die kretische Farbpalette. Die ger\u00e4umige Suite verf\u00fcgt \u00fcber ein offenes Wohnzimmer, ein eigenes Marmorbad, exklusive Holzm\u00f6bel und Sonnenliegen auf der Terrasse\/Balkon. Treten Sie auf Ihre weitl\u00e4ufige private Terrasse, ein wahrer Lebensraum im Freien, und bewundern Sie den herrlichen Meerblick \u00fcber die Mirabello-Bucht. Blaue Akzente in der Inneneinrichtung, die an die beruhigende \u00c4g\u00e4is erinnern, verst\u00e4rken das Gef\u00fchl der Gelassenheit noch. Jedes Element, vom luxuri\u00f6sen Marmorbad bis hin zu den sorgf\u00e4ltig ausgew\u00e4hlten M\u00f6beln, wurde entworfen, um Ihren Aufenthalt zu versch\u00f6nern und unvergessliche Erinnerungen zu schaffen.    <\/p>\n<p>[\/et_pb_text][et_pb_button button_url=&#8220;https:\/\/aquilaeloundavillage.reserve-online.net\/?_ga=2.144844852.1085921262.1718554969-1726060018.1708244718&#038;_gac=1.183191380.1715445894.CjwKCAjwrvyxBhAbEiwAEg_KgtHKkZ9l2vvLEGNDIn6hL70cyeJTavuHCgKXcfBNpdvRg4VjW1glnBoC1fMQAvD_BwE&#038;_gl=1*ptxk0*_gcl_aw*R0NMLjE3MTU0NDU4OTQuQ2p3S0NBandydnl4QmhBYkVpd0FFZ19LZ3RIS2taOWwydnZMRUdOREluNmhMNzBjeWVKVGF2dUhDZ0tYY2ZCTnBkdlJnNFZqVzFnbG5Cb0MxZk1RQXZEX0J3RQ..*_gcl_au*MTU0NTU2NjAzMC4xNzE2MDQ0NTQz*_ga*MTcyNjA2MDAxOC4xNzA4MjQ0NzE4*_ga_GPDKE8MRTC*MTcxODU1NzgzNy4zNC4wLjE3MTg1NTc4MzcuNjAuMC4w&#8220; url_new_window=&#8220;on&#8220; button_text=&#8220;Preise pr\u00fcfen&#8220; admin_label=&#8220;Button&#8220; module_class=&#8220;fullwidthBTN&#8220; _builder_version=&#8220;4.26.0&#8243; _module_preset=&#8220;default&#8220; custom_button=&#8220;on&#8220; button_text_size=&#8220;17px&#8220; button_text_color=&#8220;#FFFFFF&#8220; button_bg_color=&#8220;rgba(182,164,134,0.66)&#8220; button_border_color=&#8220;rgba(182,164,134,0.66)&#8220; custom_margin=&#8220;10px||0px||false|false&#8220; custom_padding=&#8220;||||false|false&#8220; locked=&#8220;off&#8220; global_colors_info=&#8220;{}&#8220;][\/et_pb_button][\/et_pb_column][et_pb_column type=&#8220;2_5&#8243; _builder_version=&#8220;4.26.0&#8243; _module_preset=&#8220;default&#8220; global_colors_info=&#8220;{}&#8220;][et_pb_text _builder_version=&#8220;4.27.0&#8243; _module_preset=&#8220;default&#8220; text_line_height=&#8220;2.3em&#8220; custom_margin=&#8220;||-1px|||&#8220; custom_padding=&#8220;0px||9px||false|false&#8220; border_radii=&#8220;on|1px|1px|1px|1px&#8220; border_width_bottom=&#8220;1px&#8220; border_color_bottom=&#8220;#b6a486&#8243; global_colors_info=&#8220;{}&#8220;]<\/p>\n<p><strong><img decoding=\"async\" src=\"https:\/\/eloundavillage.com\/wp-content\/uploads\/2024\/08\/eye-1.png\" width=\"16\" height=\"16\" alt=\"\" class=\"wp-image-1759 alignnone size-full\"><\/strong>  Meerblick<br \/><img decoding=\"async\" src=\"https:\/\/eloundavillage.com\/wp-content\/uploads\/2024\/08\/A-adult.png\" width=\"16\" height=\"16\" alt=\"\" class=\"wp-image-1759 alignnone size-full\"> 2 Erwachsene<br \/><img decoding=\"async\" src=\"https:\/\/eloundavillage.com\/wp-content\/uploads\/2024\/08\/a-arrow.png\" width=\"16\" height=\"16\" alt=\"\" class=\"wp-image-1759 alignnone size-full\"> 45 m\u00b2<br \/><img decoding=\"async\" src=\"https:\/\/eloundavillage.com\/wp-content\/uploads\/2024\/08\/a-bed.png\" width=\"16\" height=\"16\" alt=\"\" class=\"wp-image-1759 alignnone size-full\"> King Size Bett<\/p>\n<p>[\/et_pb_text][et_pb_button button_url=&#8220;https:\/\/eloundavillage.com\/wp-content\/uploads\/2024\/09\/Junior-Bungalow-Suite-Sea-View.pdf&#8220; url_new_window=&#8220;on&#8220; button_text=&#8220;Ansicht Grundriss&#8220; _builder_version=&#8220;4.27.0&#8243; _module_preset=&#8220;default&#8220; custom_button=&#8220;on&#8220; button_text_size=&#8220;14px&#8220; button_text_color=&#8220;#b6a486&#8243; button_bg_color=&#8220;RGBA(255,255,255,0)&#8220; button_border_color=&#8220;#b6a486&#8243; button_icon=&#8220;&#x22;||divi||400&#8243; button_icon_color=&#8220;#b6a486&#8243; button_on_hover=&#8220;off&#8220; custom_margin=&#8220;16px||15px||false|false&#8220; global_colors_info=&#8220;{}&#8220;][\/et_pb_button][\/et_pb_column][\/et_pb_row][et_pb_row _builder_version=&#8220;4.27.0&#8243; _module_preset=&#8220;default&#8220; background_color=&#8220;RGBA(255,255,255,0)&#8220; width=&#8220;100%&#8220; width_tablet=&#8220;70%&#8220; width_phone=&#8220;90%&#8220; width_last_edited=&#8220;on|phone&#8220; max_width=&#8220;2560px&#8220; custom_padding=&#8220;0px|||||&#8220; global_colors_info=&#8220;{}&#8220;][et_pb_column type=&#8220;4_4&#8243; _builder_version=&#8220;4.26.0&#8243; _module_preset=&#8220;default&#8220; global_colors_info=&#8220;{}&#8220;][et_pb_text _builder_version=&#8220;4.27.4&#8243; _module_preset=&#8220;default&#8220; global_colors_info=&#8220;{}&#8220;]<div id=\"metaslider-id-5146\" style=\"width: 100%;\" class=\"ml-slider-3-107-0 metaslider metaslider-flex metaslider-5146 ml-slider has-carousel-mode ms-theme-default nav-hidden\" role=\"region\" aria-label=\"Mythica Junior Suite, Sea View\" data-height=\"525\" data-width=\"800\">\n    <div id=\"metaslider_container_5146\">\n        <div id=\"metaslider_5146\">\n            <ul class='slides'>\n                <li style=\"display: none; width: 100%;\" class=\"slide-5149 ms-image \" aria-roledescription=\"slide\" data-date=\"2024-12-26 11:13:26\" data-filename=\"Mythica-Junior-Suite-Sea-View-05-2-800x525.jpg\" data-slide-type=\"image\"><img decoding=\"async\" src=\"https:\/\/eloundavillage.com\/wp-content\/uploads\/2024\/12\/Mythica-Junior-Suite-Sea-View-05-2-800x525.jpg\" height=\"525\" width=\"800\" alt=\"Adults Only hotel in Crete\" class=\"slider-5146 slide-5149 msDefaultImage\" title=\"Adults Only hotel in Crete\" \/><\/li>\n                <li style=\"display: none; width: 100%;\" class=\"slide-5150 ms-image \" aria-roledescription=\"slide\" data-date=\"2024-12-26 11:13:27\" data-filename=\"Mythica-Junior-Suite-Sea-View-02-2-800x525.jpg\" data-slide-type=\"image\"><img decoding=\"async\" src=\"https:\/\/eloundavillage.com\/wp-content\/uploads\/2024\/12\/Mythica-Junior-Suite-Sea-View-02-2-800x525.jpg\" height=\"525\" width=\"800\" alt=\"Adults Only hotel in Crete\" class=\"slider-5146 slide-5150 msDefaultImage\" title=\"Adults Only hotel in Crete\" \/><\/li>\n                <li style=\"display: none; width: 100%;\" class=\"slide-5151 ms-image \" aria-roledescription=\"slide\" data-date=\"2024-12-26 11:13:28\" data-filename=\"Mythica-Junior-Suite-Sea-View-03-2-800x525.jpg\" data-slide-type=\"image\"><img decoding=\"async\" src=\"https:\/\/eloundavillage.com\/wp-content\/uploads\/2024\/12\/Mythica-Junior-Suite-Sea-View-03-2-800x525.jpg\" height=\"525\" width=\"800\" alt=\"Adults Only hotel in Crete\" class=\"slider-5146 slide-5151 msDefaultImage\" title=\"Adults Only hotel in Crete\" \/><\/li>\n                <li style=\"display: none; width: 100%;\" class=\"slide-5147 ms-image \" aria-roledescription=\"slide\" data-date=\"2024-12-26 11:13:25\" data-filename=\"Mythica-Junior-Suite-Sea-View-04-2-800x525.jpg\" data-slide-type=\"image\"><img decoding=\"async\" src=\"https:\/\/eloundavillage.com\/wp-content\/uploads\/2024\/12\/Mythica-Junior-Suite-Sea-View-04-2-800x525.jpg\" height=\"525\" width=\"800\" alt=\"Adults Only hotel in Crete\" class=\"slider-5146 slide-5147 msDefaultImage\" title=\"Adults Only hotel in Crete\" \/><\/li>\n            <\/ul>\n        <\/div>\n        \n    <\/div>\n<\/div>[\/et_pb_text][\/et_pb_column][\/et_pb_row][\/et_pb_section][et_pb_section fb_built=&#8220;1&#8243; _builder_version=&#8220;4.26.0&#8243; _module_preset=&#8220;default&#8220; custom_padding=&#8220;50px||50px||false|false&#8220; global_colors_info=&#8220;{}&#8220;][et_pb_row column_structure=&#8220;1_2,1_2&#8243; _builder_version=&#8220;4.27.0&#8243; _module_preset=&#8220;default&#8220; background_color=&#8220;#FFFFFF&#8220; width=&#8220;70%&#8220; width_tablet=&#8220;&#8220; width_phone=&#8220;90%&#8220; width_last_edited=&#8220;on|phone&#8220; max_width=&#8220;2560px&#8220; custom_margin=&#8220;||||false|false&#8220; custom_padding=&#8220;||||false|false&#8220; global_colors_info=&#8220;{}&#8220;][et_pb_column type=&#8220;1_2&#8243; _builder_version=&#8220;4.24.3&#8243; _module_preset=&#8220;default&#8220; global_colors_info=&#8220;{}&#8220;][et_pb_text module_class=&#8220;et_pb_slide_titleDifference&#8220; _builder_version=&#8220;4.27.0&#8243; _module_preset=&#8220;default&#8220; text_text_color=&#8220;#313131&#8243; text_font_size=&#8220;26px&#8220; text_letter_spacing=&#8220;1px&#8220; text_line_height=&#8220;1.5em&#8220; custom_margin=&#8220;0px|0px|0px|0px|false|false&#8220; custom_padding=&#8220;0px|0px|0px|0px|false|false&#8220; locked=&#8220;off&#8220; global_colors_info=&#8220;{}&#8220;]<\/p>\n<p>Alle Aufenthalte beinhalten<\/p>\n<p>[\/et_pb_text][et_pb_text _builder_version=&#8220;4.26.0&#8243; _module_preset=&#8220;default&#8220; custom_margin=&#8220;0px|0px|0px|0px|false|false&#8220; custom_padding=&#8220;0px|0px|0px|0px|false|false&#8220; global_colors_info=&#8220;{}&#8220;]<\/p>\n<ul>\n<li>Ausgew\u00e4hlte Toilettenartikel und Badutensilien<\/li>\n<li>Badem\u00e4ntel<\/li>\n<li>Haartrockner<\/li>\n<li>Wahl des Kissens<\/li>\n<li>Strandt\u00fccher<\/li>\n<li>Tee-\/Kaffeekocher<\/li>\n<li>Digitales Tresorfach<\/li>\n<li>Direktwahl-Telefon<\/li>\n<li>Smart Satellite LCD Flachbildschirm 43\u2033 TV mit integriertem Radio und Musikkan\u00e4len<\/li>\n<li>Minibar<\/li>\n<li>Klimatisierung\/Heizung<\/li>\n<li><span style=\"font-size: 16px;\">Willkommensgru\u00df bei der Ankunft<\/span><\/li>\n<li>Zugang zu allen Freizeiteinrichtungen: beheizter Innenpool, Sauna, Fitnessraum, Tennisplatz und Whirlpool im Freien<\/li>\n<\/ul>\n<p>[\/et_pb_text][\/et_pb_column][et_pb_column type=&#8220;1_2&#8243; _builder_version=&#8220;4.24.3&#8243; _module_preset=&#8220;default&#8220; global_colors_info=&#8220;{}&#8220;][et_pb_text module_class=&#8220;et_pb_slide_titleDifference&#8220; _builder_version=&#8220;4.27.0&#8243; _module_preset=&#8220;default&#8220; text_text_color=&#8220;#313131&#8243; text_font_size=&#8220;26px&#8220; text_letter_spacing=&#8220;1px&#8220; text_line_height=&#8220;1.5em&#8220; custom_margin=&#8220;0px|0px|0px|0px|false|false&#8220; custom_padding=&#8220;0px|0px|0px|0px|false|false&#8220; locked=&#8220;off&#8220; global_colors_info=&#8220;{}&#8220;]<\/p>\n<p>Mythica Exklusivit\u00e4ten<\/p>\n<p>[\/et_pb_text][et_pb_text _builder_version=&#8220;4.26.0&#8243; _module_preset=&#8220;default&#8220; text_line_height=&#8220;1.9em&#8220; custom_margin=&#8220;0px|0px|0px|0px|false|false&#8220; custom_padding=&#8220;0px|0px|0px|0px|false|false&#8220; global_colors_info=&#8220;{}&#8220;]<\/p>\n<ul>\n<li>Mythica Exklusivit\u00e4ten<\/li>\n<li>Luxuri\u00f6se Toilettenartikel und Badezimmerausstattung<\/li>\n<li>Badem\u00e4ntel &amp; Hausschuhe<\/li>\n<li>Strandt\u00fccher &amp; Strandtasche<\/li>\n<li>Smart Satellite LCD TV 43\u2033-55\u2033 mit Radio &amp; Musikkan\u00e4len<\/li>\n<li>Vollst\u00e4ndig gef\u00fcllte Minibar<\/li>\n<li>Begr\u00fc\u00dfungssekt und frischer Orangensaft bei der Ankunft<\/li>\n<li>Willkommensangebot (Blumen, Fr\u00fcchte und ein speziell ausgew\u00e4hltes Geschenk) bei der Ankunft<\/li>\n<li>Pers\u00f6nlicher G\u00e4stebetreuungsservice<\/li>\n<li>Kostenloses kontinentales Fr\u00fchst\u00fcck im Zimmerservice<\/li>\n<li>Kostenfreier Zimmerservice<\/li>\n<li>T\u00e4glicher Abstellservice<\/li>\n<li>Express Check-in\/out<\/li>\n<li>Cocktail mit dem Management-Team<\/li>\n<li>Erm\u00e4\u00dfigungen in ausgew\u00e4hlten Gesch\u00e4ften<\/li>\n<li>Fr\u00fcher Check-in \/ Sp\u00e4ter Check-out bis 18:00 Uhr nach Verf\u00fcgbarkeit<\/li>\n<li>Geschenk zum Abschied<\/li>\n<\/ul>\n<p>[\/et_pb_text][\/et_pb_column][\/et_pb_row][et_pb_row _builder_version=&#8220;4.27.0&#8243; _module_preset=&#8220;default&#8220; background_color=&#8220;#FFFFFF&#8220; width=&#8220;70%&#8220; width_tablet=&#8220;&#8220; width_phone=&#8220;90%&#8220; width_last_edited=&#8220;on|phone&#8220; max_width=&#8220;2560px&#8220; custom_padding=&#8220;0px||||false|false&#8220; locked=&#8220;off&#8220; global_colors_info=&#8220;{}&#8220;][et_pb_column type=&#8220;4_4&#8243; _builder_version=&#8220;4.24.3&#8243; _module_preset=&#8220;default&#8220; global_colors_info=&#8220;{}&#8220;][et_pb_text module_class=&#8220;et_pb_slide_titleDifference&#8220; _builder_version=&#8220;4.27.0&#8243; _module_preset=&#8220;default&#8220; text_text_color=&#8220;#313131&#8243; text_font_size=&#8220;26px&#8220; text_letter_spacing=&#8220;1px&#8220; text_line_height=&#8220;1.5em&#8220; custom_margin=&#8220;0px|0px|0px|0px|false|false&#8220; custom_padding=&#8220;0px|0px|0px|0px|false|false&#8220; locked=&#8220;off&#8220; global_colors_info=&#8220;{}&#8220;]<\/p>\n<p>Mythica Essensprivilegien<\/p>\n<p>[\/et_pb_text][et_pb_text _builder_version=&#8220;4.27.0&#8243; _module_preset=&#8220;default&#8220; custom_margin=&#8220;0px|0px|0px|0px|false|false&#8220; custom_padding=&#8220;0px|0px|0px|0px|false|false&#8220; global_colors_info=&#8220;{}&#8220;]<\/p>\n<p>Mythica-G\u00e4ste mit Halbpension oder Premium-All-Inclusive-Verpflegung k\u00f6nnen ihre Mahlzeiten in den \u00c0-la-carte-Restaurants &#8222;Mirabello&#8220; und &#8222;Symposium&#8220; des Resorts ohne Aufpreis genie\u00dfen. Bitte beachten Sie, dass einige Spezialit\u00e4ten und Getr\u00e4nke sowie einige unserer Themenabende gegen eine zus\u00e4tzliche Geb\u00fchr erh\u00e4ltlich sind. <\/p>\n<p>[\/et_pb_text][\/et_pb_column][\/et_pb_row][\/et_pb_section][et_pb_section fb_built=&#8220;1&#8243; _builder_version=&#8220;4.26.0&#8243; _module_preset=&#8220;default&#8220; background_color=&#8220;#f3eee7&#8243; global_colors_info=&#8220;{}&#8220;][et_pb_row _builder_version=&#8220;4.27.0&#8243; _module_preset=&#8220;default&#8220; background_color=&#8220;RGBA(255,255,255,0)&#8220; width=&#8220;70%&#8220; width_tablet=&#8220;&#8220; width_phone=&#8220;90%&#8220; width_last_edited=&#8220;on|phone&#8220; max_width=&#8220;2560px&#8220; custom_padding=&#8220;0px|0px|0px|0px|false|false&#8220; global_colors_info=&#8220;{}&#8220;][et_pb_column type=&#8220;4_4&#8243; _builder_version=&#8220;4.24.3&#8243; _module_preset=&#8220;default&#8220; global_colors_info=&#8220;{}&#8220;][et_pb_text module_class=&#8220;et_pb_slide_titleDifference&#8220; _builder_version=&#8220;4.26.0&#8243; _module_preset=&#8220;default&#8220; text_text_color=&#8220;#313131&#8243; text_font_size=&#8220;26px&#8220; text_letter_spacing=&#8220;1px&#8220; text_line_height=&#8220;1.5em&#8220; custom_margin=&#8220;-1px||||false|false&#8220; locked=&#8220;off&#8220; global_colors_info=&#8220;{}&#8220;]<\/p>\n<p style=\"text-align: left;\">Andere Vorschl\u00e4ge<\/p>\n<p>[\/et_pb_text][\/et_pb_column][\/et_pb_row][et_pb_row column_structure=&#8220;1_2,1_2&#8243; _builder_version=&#8220;4.27.0&#8243; _module_preset=&#8220;default&#8220; width=&#8220;70%&#8220; width_tablet=&#8220;70%&#8220; width_phone=&#8220;90%&#8220; width_last_edited=&#8220;on|phone&#8220; max_width=&#8220;2560px&#8220; custom_margin=&#8220;20px||0px||false|false&#8220; custom_padding=&#8220;0px||0px||false|false&#8220; global_colors_info=&#8220;{}&#8220;][et_pb_column type=&#8220;1_2&#8243; _builder_version=&#8220;4.26.0&#8243; _module_preset=&#8220;default&#8220; global_colors_info=&#8220;{}&#8220;][et_pb_image src=&#8220;https:\/\/eloundavillage.com\/wp-content\/uploads\/2024\/12\/Mythica-One-Bedroom-One-Living-Room-Bungalow-Suite-Sea-View-01.jpg&#8220; title_text=&#8220;Mythica Bungalow-Suite mit einem Schlafzimmer und einem Wohnzimmer, Meerblick 01&#8243; _builder_version=&#8220;4.27.4&#8243; _module_preset=&#8220;default&#8220; scroll_fade_enable=&#8220;on&#8220; locked=&#8220;off&#8220; global_colors_info=&#8220;{}&#8220;][\/et_pb_image][et_pb_text module_class=&#8220;mainTitleHome&#8220; _builder_version=&#8220;4.27.0&#8243; _module_preset=&#8220;default&#8220; text_text_color=&#8220;#313131&#8243; text_font_size=&#8220;22px&#8220; text_line_height=&#8220;1.2em&#8220; min_height=&#8220;53px&#8220; custom_margin=&#8220;0px||10px||false|false&#8220; custom_padding=&#8220;0px||0px||false|false&#8220; locked=&#8220;off&#8220; global_colors_info=&#8220;{}&#8220;]<\/p>\n<p>Mythica Ein-Schlafzimmer, Ein-Wohnzimmer Bungalow Suite, Meerblick<\/p>\n<p>[\/et_pb_text][et_pb_button button_url=&#8220;@ET-DC@eyJkeW5hbWljIjp0cnVlLCJjb250ZW50IjoicG9zdF9saW5rX3VybF9wYWdlIiwic2V0dGluZ3MiOnsicG9zdF9pZCI6IjI2MjAifX0=@&#8220; button_text=&#8220;Details&#8220; admin_label=&#8220;Button&#8220; module_class=&#8220;fullwidthBTN&#8220; _builder_version=&#8220;4.27.0&#8243; _dynamic_attributes=&#8220;button_url&#8220; _module_preset=&#8220;default&#8220; custom_button=&#8220;on&#8220; button_text_size=&#8220;17px&#8220; button_text_color=&#8220;#b6a486&#8243; button_bg_color=&#8220;RGBA(255,255,255,0)&#8220; button_border_color=&#8220;rgba(182,164,134,0.66)&#8220; custom_margin=&#8220;0px||0px||false|false&#8220; locked=&#8220;off&#8220; global_colors_info=&#8220;{}&#8220;][\/et_pb_button][\/et_pb_column][et_pb_column type=&#8220;1_2&#8243; _builder_version=&#8220;4.26.0&#8243; _module_preset=&#8220;default&#8220; global_colors_info=&#8220;{}&#8220;][et_pb_image src=&#8220;https:\/\/eloundavillage.com\/wp-content\/uploads\/2024\/12\/elounda_mythica_maisonette_private-pool_sea_view.jpg&#8220; title_text=&#8220;elounda_mythica_maisonette_privater-pool_meerblick&#8220; _builder_version=&#8220;4.27.4&#8243; _module_preset=&#8220;default&#8220; scroll_fade_enable=&#8220;on&#8220; locked=&#8220;off&#8220; global_colors_info=&#8220;{}&#8220;][\/et_pb_image][et_pb_text module_class=&#8220;mainTitleHome&#8220; _builder_version=&#8220;4.27.4&#8243; _module_preset=&#8220;default&#8220; text_text_color=&#8220;#313131&#8243; text_font_size=&#8220;22px&#8220; text_line_height=&#8220;1.2em&#8220; min_height=&#8220;53px&#8220; custom_margin=&#8220;0px||10px||false|false&#8220; custom_padding=&#8220;0px||0px||false|false&#8220; locked=&#8220;off&#8220; global_colors_info=&#8220;{}&#8220;]<\/p>\n<p>Mythica Bungalow mit Gemeinschaftspool, Meerblick<\/p>\n<p>[\/et_pb_text][et_pb_button button_url=&#8220;@ET-DC@eyJkeW5hbWljIjp0cnVlLCJjb250ZW50IjoicG9zdF9saW5rX3VybF9wYWdlIiwic2V0dGluZ3MiOnsicG9zdF9pZCI6IjI2MjIifX0=@&#8220; button_text=&#8220;Details&#8220; admin_label=&#8220;Button&#8220; module_class=&#8220;fullwidthBTN&#8220; _builder_version=&#8220;4.27.0&#8243; _dynamic_attributes=&#8220;button_url&#8220; _module_preset=&#8220;default&#8220; custom_button=&#8220;on&#8220; button_text_size=&#8220;17px&#8220; button_text_color=&#8220;#b6a486&#8243; button_bg_color=&#8220;RGBA(255,255,255,0)&#8220; button_border_color=&#8220;rgba(182,164,134,0.66)&#8220; custom_margin=&#8220;0px||0px||false|false&#8220; locked=&#8220;off&#8220; global_colors_info=&#8220;{}&#8220;][\/et_pb_button][\/et_pb_column][\/et_pb_row][\/et_pb_section]<\/p>\n","protected":false},"excerpt":{"rendered":"<p>Mythica Junior Suite, Meerblick Diese gro\u00dfartige Suite mit einem Schlafzimmer bietet eine harmonische Mischung aus Komfort und Stil, mit subtilen Anspielungen auf die kretische Farbpalette. Die ger\u00e4umige Suite verf\u00fcgt \u00fcber ein offenes Wohnzimmer, ein eigenes Marmorbad, exklusive Holzm\u00f6bel und Sonnenliegen auf der Terrasse\/Balkon. Treten Sie auf Ihre weitl\u00e4ufige private Terrasse, ein wahrer Lebensraum im Freien, [&hellip;]<\/p>\n","protected":false},"author":2,"featured_media":0,"parent":0,"menu_order":0,"comment_status":"closed","ping_status":"closed","template":"","meta":{"_et_pb_use_builder":"on","_et_pb_old_content":"","_et_gb_content_width":"","footnotes":""},"class_list":["post-6197","page","type-page","status-publish","hentry"],"_links":{"self":[{"href":"https:\/\/eloundavillage.com\/de\/wp-json\/wp\/v2\/pages\/6197","targetHints":{"allow":["GET"]}}],"collection":[{"href":"https:\/\/eloundavillage.com\/de\/wp-json\/wp\/v2\/pages"}],"about":[{"href":"https:\/\/eloundavillage.com\/de\/wp-json\/wp\/v2\/types\/page"}],"author":[{"embeddable":true,"href":"https:\/\/eloundavillage.com\/de\/wp-json\/wp\/v2\/users\/2"}],"replies":[{"embeddable":true,"href":"https:\/\/eloundavillage.com\/de\/wp-json\/wp\/v2\/comments?post=6197"}],"version-history":[{"count":3,"href":"https:\/\/eloundavillage.com\/de\/wp-json\/wp\/v2\/pages\/6197\/revisions"}],"predecessor-version":[{"id":8658,"href":"https:\/\/eloundavillage.com\/de\/wp-json\/wp\/v2\/pages\/6197\/revisions\/8658"}],"wp:attachment":[{"href":"https:\/\/eloundavillage.com\/de\/wp-json\/wp\/v2\/media?parent=6197"}],"curies":[{"name":"wp","href":"https:\/\/api.w.org\/{rel}","templated":true}]}}