{"id":6165,"date":"2024-09-22T08:07:00","date_gmt":"2024-09-22T08:07:00","guid":{"rendered":"https:\/\/eloundavillage.com\/strand-bar\/"},"modified":"2025-07-02T14:08:55","modified_gmt":"2025-07-02T14:08:55","slug":"strand-bar","status":"publish","type":"page","link":"https:\/\/eloundavillage.com\/de\/strand-bar\/","title":{"rendered":"Strand Bar"},"content":{"rendered":"<p>[et_pb_section fb_built=&#8220;1&#8243; _builder_version=&#8220;4.26.0&#8243; _module_preset=&#8220;default&#8220; background_color=&#8220;#f3eee7&#8243; custom_margin=&#8220;-140px||||false|false&#8220; custom_padding=&#8220;0px||0px|||&#8220; locked=&#8220;off&#8220; global_colors_info=&#8220;{}&#8220;][et_pb_row _builder_version=&#8220;4.24.3&#8243; _module_preset=&#8220;default&#8220; width=&#8220;100%&#8220; max_width=&#8220;2560px&#8220; custom_padding=&#8220;0px||0px|||&#8220; global_colors_info=&#8220;{}&#8220;][et_pb_column type=&#8220;4_4&#8243; _builder_version=&#8220;4.24.3&#8243; _module_preset=&#8220;default&#8220; global_colors_info=&#8220;{}&#8220;][et_pb_slider _builder_version=&#8220;4.27.2&#8243; _module_preset=&#8220;default&#8220; header_text_color=&#8220;#FFFFFF&#8220; body_text_color=&#8220;#FFFFFF&#8220; background_image=&#8220;https:\/\/eloundavillage.com\/wp-content\/uploads\/2024\/10\/elounda_village_beach_bar_banner1.jpg&#8220; min_height=&#8220;940px&#8220; global_colors_info=&#8220;{}&#8220;][et_pb_slide _builder_version=&#8220;4.27.2&#8243; _module_preset=&#8220;default&#8220; header_text_align=&#8220;left&#8220; header_text_color=&#8220;#000000&#8243; body_text_align=&#8220;left&#8220; body_text_color=&#8220;#000000&#8243; global_colors_info=&#8220;{}&#8220; sticky_transition=&#8220;on&#8220;][\/et_pb_slide][\/et_pb_slider][\/et_pb_column][\/et_pb_row][\/et_pb_section][et_pb_section fb_built=&#8220;1&#8243; _builder_version=&#8220;4.26.0&#8243; _module_preset=&#8220;default&#8220; background_color=&#8220;#f3eee7&#8243; locked=&#8220;off&#8220; global_colors_info=&#8220;{}&#8220;][et_pb_row _builder_version=&#8220;4.26.0&#8243; _module_preset=&#8220;default&#8220; width_tablet=&#8220;&#8220; width_phone=&#8220;90%&#8220; width_last_edited=&#8220;on|phone&#8220; custom_padding=&#8220;||1px|||&#8220; global_colors_info=&#8220;{}&#8220;][et_pb_column type=&#8220;4_4&#8243; _builder_version=&#8220;4.26.0&#8243; _module_preset=&#8220;default&#8220; global_colors_info=&#8220;{}&#8220;][et_pb_text _builder_version=&#8220;4.27.0&#8243; _module_preset=&#8220;default&#8220; text_font_size=&#8220;12px&#8220; custom_margin=&#8220;||15px|||&#8220; global_colors_info=&#8220;{}&#8220;]Getr\u00e4nke &amp; leichte Snacks[\/et_pb_text][et_pb_text _builder_version=&#8220;4.27.0&#8243; _module_preset=&#8220;default&#8220; header_font_size=&#8220;32px&#8220; custom_margin=&#8220;||15px|||&#8220; global_colors_info=&#8220;{}&#8220;]<\/p>\n<h1 class=\"et_pb_slide_title\">Strand Bar<\/h1>\n<div id=\"awebChromeHelper\"><\/div>\n<p>[\/et_pb_text][\/et_pb_column][\/et_pb_row][et_pb_row column_structure=&#8220;3_4,1_4&#8243; _builder_version=&#8220;4.26.0&#8243; _module_preset=&#8220;default&#8220; width_tablet=&#8220;&#8220; width_phone=&#8220;90%&#8220; width_last_edited=&#8220;on|phone&#8220; custom_padding=&#8220;0px||50px|||&#8220; global_colors_info=&#8220;{}&#8220;][et_pb_column type=&#8220;3_4&#8243; _builder_version=&#8220;4.26.0&#8243; _module_preset=&#8220;default&#8220; global_colors_info=&#8220;{}&#8220;][et_pb_text _builder_version=&#8220;4.27.0&#8243; _module_preset=&#8220;default&#8220; global_colors_info=&#8220;{}&#8220;]Lassen Sie das sanfte Pl\u00e4tschern der Wellen und die warme Umarmung der mediterranen Sonne Ihre Sorgen in unserer b\u00f6hmischen Strandbar dahinschmelzen. Hier steht nichts zwischen Ihnen und purer Entspannung. Lassen Sie Ihre Zehen in den weichen Sand gleiten, schl\u00fcrfen Sie einen erfrischenden Cocktail oder frisch gebr\u00fchten Kaffee und genie\u00dfen Sie ein leichtes Mittagessen oder einen belebenden Smoothie. Unser aufmerksames Personal ist nur einen Anruf entfernt und sorgt daf\u00fcr, dass jeder Moment Ihrem Komfort und Ihrem Vergn\u00fcgen gewidmet ist.[\/et_pb_text][\/et_pb_column][et_pb_column type=&#8220;1_4&#8243; _builder_version=&#8220;4.26.0&#8243; _module_preset=&#8220;default&#8220; global_colors_info=&#8220;{}&#8220;][et_pb_text _builder_version=&#8220;4.27.0&#8243; _module_preset=&#8220;default&#8220; text_font_size=&#8220;11px&#8220; text_line_height=&#8220;2.3em&#8220; custom_margin=&#8220;||-1px|||&#8220; custom_padding=&#8220;0px|||||&#8220; border_radii=&#8220;on|1px|1px|1px|1px&#8220; global_colors_info=&#8220;{}&#8220;]<\/p>\n<p><strong>Servicezeiten:<\/strong><\/p>\n<p>[\/et_pb_text][et_pb_text _builder_version=&#8220;4.27.4&#8243; _module_preset=&#8220;default&#8220; text_font_size=&#8220;12px&#8220; text_line_height=&#8220;2.3em&#8220; custom_margin=&#8220;||-1px|||&#8220; custom_padding=&#8220;0px|||||&#8220; border_radii=&#8220;on|1px|1px|1px|1px&#8220; global_colors_info=&#8220;{}&#8220;]<\/p>\n<p>10:00a.m.- 18:00<\/p>\n<p>[\/et_pb_text][\/et_pb_column][\/et_pb_row][et_pb_row column_structure=&#8220;3_4,1_4&#8243; _builder_version=&#8220;4.27.2&#8243; _module_preset=&#8220;default&#8220; background_color=&#8220;#FFFFFF&#8220; width_tablet=&#8220;&#8220; width_phone=&#8220;90%&#8220; width_last_edited=&#8220;on|phone&#8220; min_height=&#8220;391px&#8220; custom_margin=&#8220;0px||0px||false|false&#8220; custom_padding=&#8220;0px|0px|0px|0px|false|false&#8220; global_colors_info=&#8220;{}&#8220;][et_pb_column type=&#8220;3_4&#8243; _builder_version=&#8220;4.27.0&#8243; _module_preset=&#8220;default&#8220; global_colors_info=&#8220;{}&#8220;][et_pb_slider _builder_version=&#8220;4.27.2&#8243; _module_preset=&#8220;default&#8220; width=&#8220;100%&#8220; max_width=&#8220;100%&#8220; content_max_width=&#8220;100%&#8220; height=&#8220;500px&#8220; height_tablet=&#8220;400px&#8220; height_phone=&#8220;300px&#8220; height_last_edited=&#8220;on|phone&#8220; global_colors_info=&#8220;{}&#8220;][et_pb_slide _builder_version=&#8220;4.27.0&#8243; _module_preset=&#8220;default&#8220; background_image=&#8220;https:\/\/eloundavillage.com\/wp-content\/uploads\/2024\/10\/elounda_village_beach_bar_1.jpg&#8220; background_enable_image=&#8220;on&#8220; parallax=&#8220;off&#8220; global_colors_info=&#8220;{}&#8220; sticky_transition=&#8220;on&#8220;][\/et_pb_slide][et_pb_slide _builder_version=&#8220;4.27.0&#8243; _module_preset=&#8220;default&#8220; background_image=&#8220;https:\/\/eloundavillage.com\/wp-content\/uploads\/2024\/10\/elounda_village_beach_bar_2.jpg&#8220; background_enable_image=&#8220;on&#8220; parallax=&#8220;off&#8220; global_colors_info=&#8220;{}&#8220; sticky_transition=&#8220;on&#8220;][\/et_pb_slide][\/et_pb_slider][\/et_pb_column][et_pb_column type=&#8220;1_4&#8243; _builder_version=&#8220;4.27.0&#8243; _module_preset=&#8220;default&#8220; global_colors_info=&#8220;{}&#8220;][et_pb_text content_tablet=&#8220;<\/p>\n<p style=%22text-align: center;%22><strong>Men\u00fcs ansehen:<\/strong><\/p>\n<div id=%22awebChromeHelper%22 data-version=%221.23.2%22><\/div>\n<p>&#8220; content_phone=&#8220;<\/p>\n<p style=%22text-align: center;%22><strong>Men\u00fcs ansehen:<\/strong><\/p>\n<div id=%22awebChromeHelper%22 data-version=%221.23.2%22><\/div>\n<p>&#8220; content_last_edited=&#8220;on|phone&#8220; _builder_version=&#8220;4.27.0&#8243; _module_preset=&#8220;default&#8220; text_font_size=&#8220;11px&#8220; text_line_height=&#8220;2.3em&#8220; custom_margin=&#8220;30px||0px||false|false&#8220; custom_padding=&#8220;||||false|false&#8220; custom_padding_tablet=&#8220;||||false|false&#8220; custom_padding_phone=&#8220;||||false|false&#8220; custom_padding_last_edited=&#8220;on|desktop&#8220; border_radii=&#8220;on|1px|1px|1px|1px&#8220; locked=&#8220;off&#8220; global_colors_info=&#8220;{}&#8220;]<\/p>\n<p><strong>Men\u00fcs ansehen:<\/strong><\/p>\n<p>[\/et_pb_text][et_pb_button button_url=&#8220;https:\/\/books.emd.systems\/flipbook\/elounda-beach-bar-en\/&#8220; url_new_window=&#8220;on&#8220; button_text=&#8220;Menu&#8220; button_alignment_tablet=&#8220;center&#8220; button_alignment_phone=&#8220;center&#8220; button_alignment_last_edited=&#8220;on|phone&#8220; _builder_version=&#8220;4.27.4&#8243; _module_preset=&#8220;default&#8220; custom_button=&#8220;on&#8220; button_text_size=&#8220;14px&#8220; button_text_color=&#8220;#b6a486&#8243; button_bg_color=&#8220;RGBA(255,255,255,0)&#8220; button_border_color=&#8220;#b6a486&#8243; button_icon=&#8220;&#x22;||divi||400&#8243; button_icon_color=&#8220;#b6a486&#8243; button_on_hover=&#8220;off&#8220; custom_margin=&#8220;16px||15px||false|false&#8220; hover_enabled=&#8220;0&#8243; locked=&#8220;off&#8220; global_colors_info=&#8220;{}&#8220; sticky_enabled=&#8220;0&#8243;][\/et_pb_button][et_pb_button button_url=&#8220;https:\/\/books.emd.systems\/flipbook\/elounda-beach-bar-snacks\/&#8220; url_new_window=&#8220;on&#8220; button_text=&#8220;Snack menu&#8220; button_alignment_tablet=&#8220;center&#8220; button_alignment_phone=&#8220;center&#8220; button_alignment_last_edited=&#8220;on|phone&#8220; disabled_on=&#8220;off|off|off&#8220; _builder_version=&#8220;4.27.4&#8243; _module_preset=&#8220;default&#8220; custom_button=&#8220;on&#8220; button_text_size=&#8220;14px&#8220; button_text_color=&#8220;#b6a486&#8243; button_bg_color=&#8220;RGBA(255,255,255,0)&#8220; button_border_color=&#8220;#b6a486&#8243; button_icon=&#8220;&#x22;||divi||400&#8243; button_icon_color=&#8220;#b6a486&#8243; button_on_hover=&#8220;off&#8220; custom_margin=&#8220;16px||15px||false|false&#8220; hover_enabled=&#8220;0&#8243; locked=&#8220;off&#8220; global_colors_info=&#8220;{}&#8220; sticky_enabled=&#8220;0&#8243;][\/et_pb_button][\/et_pb_column][\/et_pb_row][\/et_pb_section]<\/p>\n","protected":false},"excerpt":{"rendered":"<p>Getr\u00e4nke &amp; leichte SnacksStrand Bar Lassen Sie das sanfte Pl\u00e4tschern der Wellen und die warme Umarmung der mediterranen Sonne Ihre Sorgen in unserer b\u00f6hmischen Strandbar dahinschmelzen. Hier steht nichts zwischen Ihnen und purer Entspannung. Lassen Sie Ihre Zehen in den weichen Sand gleiten, schl\u00fcrfen Sie einen erfrischenden Cocktail oder frisch gebr\u00fchten Kaffee und genie\u00dfen Sie [&hellip;]<\/p>\n","protected":false},"author":2,"featured_media":0,"parent":0,"menu_order":0,"comment_status":"closed","ping_status":"closed","template":"","meta":{"_et_pb_use_builder":"on","_et_pb_old_content":"","_et_gb_content_width":"","footnotes":""},"class_list":["post-6165","page","type-page","status-publish","hentry"],"_links":{"self":[{"href":"https:\/\/eloundavillage.com\/de\/wp-json\/wp\/v2\/pages\/6165","targetHints":{"allow":["GET"]}}],"collection":[{"href":"https:\/\/eloundavillage.com\/de\/wp-json\/wp\/v2\/pages"}],"about":[{"href":"https:\/\/eloundavillage.com\/de\/wp-json\/wp\/v2\/types\/page"}],"author":[{"embeddable":true,"href":"https:\/\/eloundavillage.com\/de\/wp-json\/wp\/v2\/users\/2"}],"replies":[{"embeddable":true,"href":"https:\/\/eloundavillage.com\/de\/wp-json\/wp\/v2\/comments?post=6165"}],"version-history":[{"count":7,"href":"https:\/\/eloundavillage.com\/de\/wp-json\/wp\/v2\/pages\/6165\/revisions"}],"predecessor-version":[{"id":9699,"href":"https:\/\/eloundavillage.com\/de\/wp-json\/wp\/v2\/pages\/6165\/revisions\/9699"}],"wp:attachment":[{"href":"https:\/\/eloundavillage.com\/de\/wp-json\/wp\/v2\/media?parent=6165"}],"curies":[{"name":"wp","href":"https:\/\/api.w.org\/{rel}","templated":true}]}}