{"id":6105,"date":"2024-09-09T19:11:46","date_gmt":"2024-09-09T19:11:46","guid":{"rendered":"https:\/\/eloundavillage.com\/gourmet-hauptrestaurant\/"},"modified":"2025-11-12T21:35:29","modified_gmt":"2025-11-12T21:35:29","slug":"gourmet-hauptrestaurant","status":"publish","type":"page","link":"https:\/\/eloundavillage.com\/de\/gourmet-hauptrestaurant\/","title":{"rendered":"Gourmet Hauptrestaurant"},"content":{"rendered":"<p>[et_pb_section fb_built=&#8220;1&#8243; _builder_version=&#8220;4.27.3&#8243; _module_preset=&#8220;default&#8220; background_color=&#8220;#f3eee7&#8243; custom_margin=&#8220;-140px||||false|false&#8220; custom_padding=&#8220;0px||0px|||&#8220; locked=&#8220;off&#8220; global_colors_info=&#8220;{}&#8220;][et_pb_row _builder_version=&#8220;4.27.3&#8243; _module_preset=&#8220;default&#8220; width=&#8220;100%&#8220; max_width=&#8220;2560px&#8220; custom_padding=&#8220;0px||0px|||&#8220; global_colors_info=&#8220;{}&#8220;][et_pb_column type=&#8220;4_4&#8243; _builder_version=&#8220;4.24.3&#8243; _module_preset=&#8220;default&#8220; global_colors_info=&#8220;{}&#8220;][et_pb_slider _builder_version=&#8220;4.27.4&#8243; _module_preset=&#8220;default&#8220; header_text_color=&#8220;#FFFFFF&#8220; body_text_color=&#8220;#FFFFFF&#8220; background_image=&#8220;https:\/\/eloundavillage.com\/wp-content\/uploads\/2024\/10\/elounda_village_main_restaurant_banner_1a.jpg&#8220; min_height=&#8220;940px&#8220; global_colors_info=&#8220;{}&#8220;][et_pb_slide _builder_version=&#8220;4.27.2&#8243; _module_preset=&#8220;default&#8220; header_text_align=&#8220;left&#8220; header_text_color=&#8220;#000000&#8243; body_text_align=&#8220;left&#8220; body_text_color=&#8220;#000000&#8243; global_colors_info=&#8220;{}&#8220; sticky_transition=&#8220;on&#8220;][\/et_pb_slide][\/et_pb_slider][\/et_pb_column][\/et_pb_row][\/et_pb_section][et_pb_section fb_built=&#8220;1&#8243; _builder_version=&#8220;4.26.0&#8243; _module_preset=&#8220;default&#8220; background_color=&#8220;#f3eee7&#8243; locked=&#8220;off&#8220; global_colors_info=&#8220;{}&#8220;][et_pb_row _builder_version=&#8220;4.26.0&#8243; _module_preset=&#8220;default&#8220; width_tablet=&#8220;&#8220; width_phone=&#8220;90%&#8220; width_last_edited=&#8220;on|phone&#8220; custom_padding=&#8220;||1px|||&#8220; global_colors_info=&#8220;{}&#8220;][et_pb_column type=&#8220;4_4&#8243; _builder_version=&#8220;4.26.0&#8243; _module_preset=&#8220;default&#8220; global_colors_info=&#8220;{}&#8220;][et_pb_text _builder_version=&#8220;4.27.0&#8243; _module_preset=&#8220;default&#8220; text_font_size=&#8220;12px&#8220; custom_margin=&#8220;||15px|||&#8220; global_colors_info=&#8220;{}&#8220;]<\/p>\n<p>International<\/p>\n<div id=\"awebChromeHelper\"><\/div>\n<p>[\/et_pb_text][et_pb_text _builder_version=&#8220;4.27.0&#8243; _module_preset=&#8220;default&#8220; header_font_size=&#8220;32px&#8220; custom_margin=&#8220;||15px|||&#8220; global_colors_info=&#8220;{}&#8220;]<\/p>\n<h1 class=\"et_pb_slide_title\">Gourmet Hauptrestaurant<\/h1>\n<div id=\"awebChromeHelper\"><\/div>\n<p>[\/et_pb_text][\/et_pb_column][\/et_pb_row][et_pb_row column_structure=&#8220;3_4,1_4&#8243; _builder_version=&#8220;4.27.0&#8243; _module_preset=&#8220;default&#8220; width_tablet=&#8220;&#8220; width_phone=&#8220;90%&#8220; width_last_edited=&#8220;on|phone&#8220; custom_padding=&#8220;0px||50px|||&#8220; global_colors_info=&#8220;{}&#8220;][et_pb_column type=&#8220;3_4&#8243; _builder_version=&#8220;4.26.0&#8243; _module_preset=&#8220;default&#8220; global_colors_info=&#8220;{}&#8220;][et_pb_text _builder_version=&#8220;4.27.0&#8243; _module_preset=&#8220;default&#8220; global_colors_info=&#8220;{}&#8220;]<\/p>\n<p>Das Gourmet-Hauptrestaurant serviert eine kulinarische Reise, auf der sich von morgens bis abends ein Teppich aus kretischen und internationalen Aromen entfaltet.<\/p>\n<p>Beginnen Sie Ihren Tag mit einem reichhaltigen amerikanischen Fr\u00fchst\u00fccksbuffet mit einer verlockenden Auswahl an frischen, lokal bezogenen Zutaten, darunter saftiger Lachs und prickelnder Champagner. Genie\u00dfen Sie Eier, die genau so zubereitet werden, wie Sie es m\u00f6gen<br \/>, und eine gro\u00dfe Auswahl an gesunden und speziellen Di\u00e4toptionen, die Ihren Bed\u00fcrfnissen entsprechen.<\/p>\n<p>F\u00fcr diejenigen, die einen gem\u00fctlichen Start bevorzugen, steht bis 11:00 Uhr ein kontinentales Fr\u00fchst\u00fcck bereit.<br \/>Fr\u00fchaufsteher k\u00f6nnen von 05:00 bis 07:15 Uhr ein leichteres kontinentales Angebot genie\u00dfen. Am Abend erwartet Sie ein \u00fcppiges Buffet mit einer gro\u00dfen Auswahl an internationalen Gerichten sowie gesunden und di\u00e4tetischen Optionen, die durch fesselnde Live-Kochshows erg\u00e4nzt werden. Freuen Sie sich auf eine harmonische Mischung von Aromen, die fachm\u00e4nnisch zubereitet werden, um jeden Wunsch zu erf\u00fcllen, mit einer kleinen \u00dcberraschung durch unser kulinarisches Team an jedem Abend.  <\/p>\n<p>[\/et_pb_text][\/et_pb_column][et_pb_column type=&#8220;1_4&#8243; _builder_version=&#8220;4.26.0&#8243; _module_preset=&#8220;default&#8220; global_colors_info=&#8220;{}&#8220;][et_pb_text _builder_version=&#8220;4.27.0&#8243; _module_preset=&#8220;default&#8220; text_font_size=&#8220;11px&#8220; text_line_height=&#8220;2.3em&#8220; custom_margin=&#8220;||-1px|||&#8220; custom_padding=&#8220;0px|||||&#8220; border_radii=&#8220;on|1px|1px|1px|1px&#8220; global_colors_info=&#8220;{}&#8220;]<\/p>\n<p><strong>Servicezeiten:<\/strong><\/p>\n<p>[\/et_pb_text][et_pb_text _builder_version=&#8220;4.27.4&#8243; _module_preset=&#8220;default&#8220; text_font_size=&#8220;12px&#8220; text_line_height=&#8220;2.3em&#8220; custom_margin=&#8220;||-1px|||&#8220; custom_padding=&#8220;0px|||||&#8220; hover_enabled=&#8220;0&#8243; border_radii=&#8220;on|1px|1px|1px|1px&#8220; locked=&#8220;off&#8220; global_colors_info=&#8220;{}&#8220; sticky_enabled=&#8220;0&#8243;]<\/p>\n<p>Fr\u00fchst\u00fcck:\u00a0 <strong>07:30 &#8211; 10:30<\/strong><br \/>Abendessen: <strong>18:30-21:00<\/strong><br \/>Reservierung: <strong>Nicht<\/strong> <strong>erforderlich<\/strong><br \/>Kleiderordnung: <strong>L\u00e4ssig elegant<\/strong><\/p>\n<p>[\/et_pb_text][\/et_pb_column][\/et_pb_row][et_pb_row column_structure=&#8220;3_4,1_4&#8243; custom_padding_last_edited=&#8220;on|phone&#8220; _builder_version=&#8220;4.27.0&#8243; _module_preset=&#8220;default&#8220; background_color=&#8220;#FFFFFF&#8220; width_tablet=&#8220;&#8220; width_phone=&#8220;90%&#8220; width_last_edited=&#8220;on|phone&#8220; min_height=&#8220;391px&#8220; custom_margin=&#8220;0px||0px||false|false&#8220; custom_padding=&#8220;0px|0px|0px|0px|false|false&#8220; custom_padding_tablet=&#8220;0px|0px|0px|0px|false|false&#8220; custom_padding_phone=&#8220;0px|0px|0px|0px|false|false&#8220; global_colors_info=&#8220;{}&#8220;][et_pb_column type=&#8220;3_4&#8243; _builder_version=&#8220;4.27.0&#8243; _module_preset=&#8220;default&#8220; custom_padding=&#8220;0px|0px|0px|0px|false|false&#8220; global_colors_info=&#8220;{}&#8220;][et_pb_slider _builder_version=&#8220;4.27.4&#8243; _module_preset=&#8220;default&#8220; width=&#8220;100%&#8220; max_width=&#8220;100%&#8220; content_max_width=&#8220;100%&#8220; min_height=&#8220;500px&#8220; min_height_tablet=&#8220;400px&#8220; min_height_phone=&#8220;300px&#8220; min_height_last_edited=&#8220;on|phone&#8220; global_colors_info=&#8220;{}&#8220;][et_pb_slide _builder_version=&#8220;4.27.0&#8243; _module_preset=&#8220;default&#8220; background_image=&#8220;https:\/\/eloundavillage.com\/wp-content\/uploads\/2024\/10\/elounda_village_main_restaurant_2.jpg&#8220; background_enable_image=&#8220;on&#8220; parallax=&#8220;off&#8220; global_colors_info=&#8220;{}&#8220; sticky_transition=&#8220;on&#8220;][\/et_pb_slide][et_pb_slide _builder_version=&#8220;4.27.0&#8243; _module_preset=&#8220;default&#8220; background_image=&#8220;https:\/\/eloundavillage.com\/wp-content\/uploads\/2024\/10\/elounda_village_main_restaurant_3.jpg&#8220; background_enable_image=&#8220;on&#8220; parallax=&#8220;off&#8220; global_colors_info=&#8220;{}&#8220; sticky_transition=&#8220;on&#8220;][\/et_pb_slide][et_pb_slide _builder_version=&#8220;4.27.4&#8243; _module_preset=&#8220;default&#8220; background_image=&#8220;https:\/\/eloundavillage.com\/wp-content\/uploads\/2024\/12\/Main-Restaurant-02.jpg&#8220; background_enable_image=&#8220;on&#8220; parallax=&#8220;off&#8220; global_colors_info=&#8220;{}&#8220; sticky_transition=&#8220;on&#8220;][\/et_pb_slide][et_pb_slide _builder_version=&#8220;4.27.4&#8243; _module_preset=&#8220;default&#8220; background_image=&#8220;https:\/\/eloundavillage.com\/wp-content\/uploads\/2024\/12\/Main-Restaurant-03.jpg&#8220; background_enable_image=&#8220;on&#8220; parallax=&#8220;off&#8220; global_colors_info=&#8220;{}&#8220; sticky_transition=&#8220;on&#8220;][\/et_pb_slide][et_pb_slide _builder_version=&#8220;4.27.0&#8243; _module_preset=&#8220;default&#8220; background_image=&#8220;https:\/\/eloundavillage.com\/wp-content\/uploads\/2024\/10\/elounda_village_main_restaurant_6.jpg&#8220; background_enable_image=&#8220;on&#8220; parallax=&#8220;off&#8220; global_colors_info=&#8220;{}&#8220; sticky_transition=&#8220;on&#8220;][\/et_pb_slide][et_pb_slide _builder_version=&#8220;4.27.0&#8243; _module_preset=&#8220;default&#8220; background_image=&#8220;https:\/\/eloundavillage.com\/wp-content\/uploads\/2024\/10\/elounda_village_main_restaurant_7.jpg&#8220; background_enable_image=&#8220;on&#8220; parallax=&#8220;off&#8220; global_colors_info=&#8220;{}&#8220; sticky_transition=&#8220;on&#8220;][\/et_pb_slide][\/et_pb_slider][\/et_pb_column][et_pb_column type=&#8220;1_4&#8243; _builder_version=&#8220;4.27.0&#8243; _module_preset=&#8220;default&#8220; custom_padding=&#8220;0px|0px|0px|0px|false|false&#8220; global_colors_info=&#8220;{}&#8220;][et_pb_text content_tablet=&#8220;<\/p>\n<p style=%22text-align: center;%22><strong>Men\u00fcs ansehen:<\/strong><\/p>\n<p>&#8220; content_phone=&#8220;<\/p>\n<p style=%22text-align: center;%22><strong>Men\u00fcs ansehen:<\/strong><\/p>\n<div id=%22awebChromeHelper%22 data-version=%221.23.2%22><\/div>\n<p>&#8220; content_last_edited=&#8220;on|phone&#8220; disabled_on=&#8220;on|on|on&#8220; _builder_version=&#8220;4.27.4&#8243; _module_preset=&#8220;default&#8220; text_font_size=&#8220;11px&#8220; text_line_height=&#8220;2.3em&#8220; custom_margin=&#8220;30px||0px||false|false&#8220; custom_padding=&#8220;||||false|false&#8220; custom_padding_tablet=&#8220;||||false|false&#8220; custom_padding_phone=&#8220;||||false|false&#8220; custom_padding_last_edited=&#8220;on|desktop&#8220; border_radii=&#8220;on|1px|1px|1px|1px&#8220; disabled=&#8220;on&#8220; locked=&#8220;off&#8220; global_colors_info=&#8220;{}&#8220;]<\/p>\n<p><strong>Men\u00fcs ansehen:<\/strong><\/p>\n<p>[\/et_pb_text][et_pb_button button_url=&#8220;#&#8220; button_text=&#8220;Fr\u00fchst\u00fccksmen\u00fc&#8220; button_alignment_tablet=&#8220;center&#8220; button_alignment_phone=&#8220;center&#8220; button_alignment_last_edited=&#8220;on|phone&#8220; disabled_on=&#8220;on|on|on&#8220; _builder_version=&#8220;4.27.4&#8243; _module_preset=&#8220;default&#8220; custom_button=&#8220;on&#8220; button_text_size=&#8220;14px&#8220; button_text_color=&#8220;#b6a486&#8243; button_bg_color=&#8220;RGBA(255,255,255,0)&#8220; button_border_color=&#8220;#b6a486&#8243; button_icon=&#8220;&#x22;||divi||400&#8243; button_icon_color=&#8220;#b6a486&#8243; button_on_hover=&#8220;off&#8220; custom_margin=&#8220;16px||15px||false|false&#8220; disabled=&#8220;on&#8220; locked=&#8220;off&#8220; global_colors_info=&#8220;{}&#8220;][\/et_pb_button][et_pb_button button_url=&#8220;#&#8220; button_text=&#8220;Men\u00fc zum Abendessen&#8220; button_alignment_tablet=&#8220;center&#8220; button_alignment_phone=&#8220;center&#8220; button_alignment_last_edited=&#8220;on|phone&#8220; disabled_on=&#8220;on|on|on&#8220; _builder_version=&#8220;4.27.4&#8243; _module_preset=&#8220;default&#8220; custom_button=&#8220;on&#8220; button_text_size=&#8220;14px&#8220; button_text_color=&#8220;#b6a486&#8243; button_bg_color=&#8220;RGBA(255,255,255,0)&#8220; button_border_color=&#8220;#b6a486&#8243; button_icon=&#8220;&#x22;||divi||400&#8243; button_icon_color=&#8220;#b6a486&#8243; button_on_hover=&#8220;off&#8220; custom_margin=&#8220;16px||15px||false|false&#8220; disabled=&#8220;on&#8220; locked=&#8220;off&#8220; global_colors_info=&#8220;{}&#8220;][\/et_pb_button][\/et_pb_column][\/et_pb_row][et_pb_row custom_padding_last_edited=&#8220;on|phone&#8220; _builder_version=&#8220;4.27.4&#8243; _module_preset=&#8220;default&#8220; width_tablet=&#8220;&#8220; width_phone=&#8220;90%&#8220; width_last_edited=&#8220;on|phone&#8220; custom_padding=&#8220;70px||100px|||&#8220; custom_padding_tablet=&#8220;70px||100px|||&#8220; custom_padding_phone=&#8220;70px||0px||false|false&#8220; locked=&#8220;off&#8220; global_colors_info=&#8220;{}&#8220;][et_pb_column type=&#8220;4_4&#8243; _builder_version=&#8220;4.24.3&#8243; _module_preset=&#8220;default&#8220; global_colors_info=&#8220;{}&#8220;][et_pb_text _builder_version=&#8220;4.27.0&#8243; _module_preset=&#8220;default&#8220; global_colors_info=&#8220;{}&#8220;]<\/p>\n<p style=\"text-align: left;\"><strong>Kleiderordnung:<\/strong><br \/><em>Wir bitten die Herren, in unseren Restaurants und Bars keine Flip-Flops zu tragen.<\/em><\/p>\n<p>[\/et_pb_text][\/et_pb_column][\/et_pb_row][\/et_pb_section]<\/p>\n","protected":false},"excerpt":{"rendered":"<p>International Gourmet Hauptrestaurant Das Gourmet-Hauptrestaurant serviert eine kulinarische Reise, auf der sich von morgens bis abends ein Teppich aus kretischen und internationalen Aromen entfaltet. Beginnen Sie Ihren Tag mit einem reichhaltigen amerikanischen Fr\u00fchst\u00fccksbuffet mit einer verlockenden Auswahl an frischen, lokal bezogenen Zutaten, darunter saftiger Lachs und prickelnder Champagner. Genie\u00dfen Sie Eier, die genau so zubereitet [&hellip;]<\/p>\n","protected":false},"author":2,"featured_media":0,"parent":0,"menu_order":0,"comment_status":"closed","ping_status":"closed","template":"","meta":{"_et_pb_use_builder":"on","_et_pb_old_content":"","_et_gb_content_width":"","footnotes":""},"class_list":["post-6105","page","type-page","status-publish","hentry"],"_links":{"self":[{"href":"https:\/\/eloundavillage.com\/de\/wp-json\/wp\/v2\/pages\/6105","targetHints":{"allow":["GET"]}}],"collection":[{"href":"https:\/\/eloundavillage.com\/de\/wp-json\/wp\/v2\/pages"}],"about":[{"href":"https:\/\/eloundavillage.com\/de\/wp-json\/wp\/v2\/types\/page"}],"author":[{"embeddable":true,"href":"https:\/\/eloundavillage.com\/de\/wp-json\/wp\/v2\/users\/2"}],"replies":[{"embeddable":true,"href":"https:\/\/eloundavillage.com\/de\/wp-json\/wp\/v2\/comments?post=6105"}],"version-history":[{"count":9,"href":"https:\/\/eloundavillage.com\/de\/wp-json\/wp\/v2\/pages\/6105\/revisions"}],"predecessor-version":[{"id":11917,"href":"https:\/\/eloundavillage.com\/de\/wp-json\/wp\/v2\/pages\/6105\/revisions\/11917"}],"wp:attachment":[{"href":"https:\/\/eloundavillage.com\/de\/wp-json\/wp\/v2\/media?parent=6105"}],"curies":[{"name":"wp","href":"https:\/\/api.w.org\/{rel}","templated":true}]}}