{"id":6040,"date":"2024-09-07T18:46:21","date_gmt":"2024-09-07T18:46:21","guid":{"rendered":"https:\/\/eloundavillage.com\/unterhaltung\/"},"modified":"2025-11-08T00:28:06","modified_gmt":"2025-11-08T00:28:06","slug":"unterhaltung","status":"publish","type":"page","link":"https:\/\/eloundavillage.com\/de\/unterhaltung\/","title":{"rendered":"Unterhaltung"},"content":{"rendered":"<p>[et_pb_section fb_built=&#8220;1&#8243; _builder_version=&#8220;4.27.4&#8243; _module_preset=&#8220;default&#8220; background_color=&#8220;RGBA(255,255,255,0)&#8220; background_image=&#8220;https:\/\/eloundavillage.com\/wp-content\/uploads\/2024\/10\/elounda_village_entertainment_culinary_events_banner.jpg&#8220; background_blend=&#8220;overlay&#8220; height=&#8220;940px&#8220; custom_padding=&#8220;||13px|||&#8220; custom_css_main_element=&#8220;min-height:90vh;&#8220; locked=&#8220;off&#8220; global_colors_info=&#8220;{}&#8220;][\/et_pb_section][et_pb_section fb_built=&#8220;1&#8243; _builder_version=&#8220;4.27.2&#8243; _module_preset=&#8220;default&#8220; custom_margin=&#8220;0px||0px||false|false&#8220; custom_padding=&#8220;60px||||false|false&#8220; global_colors_info=&#8220;{}&#8220;][et_pb_row column_structure=&#8220;2_5,3_5&#8243; _builder_version=&#8220;4.27.2&#8243; _module_preset=&#8220;default&#8220; width_tablet=&#8220;&#8220; width_phone=&#8220;90%&#8220; width_last_edited=&#8220;on|phone&#8220; max_width=&#8220;2560px&#8220; custom_margin=&#8220;0px||0px||false|false&#8220; custom_padding=&#8220;0px||0px||false|false&#8220; global_colors_info=&#8220;{}&#8220;][et_pb_column type=&#8220;2_5&#8243; _builder_version=&#8220;4.27.0&#8243; _module_preset=&#8220;default&#8220; global_colors_info=&#8220;{}&#8220;][et_pb_text content_tablet=&#8220;<\/p>\n<p>Beleben Sie jeden Abend im Aquila Elounda Village<br \/>mit Themenabenden, Live-Musik, DJ-Sets,<br \/>und unvergesslichen Veranstaltungen, bei denen<br \/>das Beste von Kreta pr\u00e4sentiert.<\/p>\n<div id=%22awebChromeHelper%22 data-version=%221.23.4%22><\/div>\n<p>&#8220; content_phone=&#8220;<\/p>\n<p>Beleben Sie jeden Abend im Aquila Elounda Village<br \/>mit Themenabenden, Live-Musik, DJ-Sets,<br \/>und unvergesslichen Veranstaltungen, bei denen<br \/>das Beste von Kreta pr\u00e4sentiert.<\/p>\n<div id=%22awebChromeHelper%22 data-version=%221.23.4%22><\/div>\n<p>&#8220; content_last_edited=&#8220;on|tablet&#8220; module_class=&#8220;italiana-regular&#8220; _builder_version=&#8220;4.27.4&#8243; _module_preset=&#8220;default&#8220; text_text_color=&#8220;#313131&#8243; text_font_size=&#8220;32px&#8220; text_line_height=&#8220;1.2em&#8220; custom_margin=&#8220;||10px||false|false&#8220; locked=&#8220;off&#8220; global_colors_info=&#8220;{}&#8220;]<\/p>\n<p>Beleben Sie jeden Abend im Aquila Elounda Village mit Themenabenden, Live-Musik, DJ-Sets, und unvergesslichen Veranstaltungen, die das Beste von Kreta pr\u00e4sentieren.<\/p>\n<p>[\/et_pb_text][\/et_pb_column][et_pb_column type=&#8220;3_5&#8243; _builder_version=&#8220;4.27.0&#8243; _module_preset=&#8220;default&#8220; custom_padding=&#8220;|5%|||false|false&#8220; global_colors_info=&#8220;{}&#8220;][et_pb_text _builder_version=&#8220;4.27.0&#8243; _module_preset=&#8220;default&#8220; global_colors_info=&#8220;{}&#8220;]Im Aquila Elounda Village beginnt jeder Tag mit einem bunten Unterhaltungsprogramm, das Ihnen w\u00e4hrend Ihres gesamten Aufenthalts ein einzigartiges und reizvolles Erlebnis verspricht. Von den sanften Kl\u00e4ngen des Live-Saxophons bis hin zu lebhaften Themenabenden mit traditionellen griechischen T\u00e4nzen, DJ-Sets, Live-Musik und Vollmondpartys &#8211; es gibt immer etwas, das Sie begeistern und unterhalten wird. Tauchen Sie ein in die kretische Kultur, genie\u00dfen Sie kulinarische Veranstaltungen wie Gala-Dinner und Hummerabende oder entfesseln Sie Ihre Kreativit\u00e4t bei Cocktailkursen. Jeder Moment im Aquila Elounda Village ist eine Einladung, den Geist der Insel zu umarmen und bietet endlose M\u00f6glichkeiten, Kontakte zu kn\u00fcpfen, Spa\u00df zu haben und unvergessliche Erinnerungen zu schaffen.[\/et_pb_text][\/et_pb_column][\/et_pb_row][\/et_pb_section][et_pb_section fb_built=&#8220;1&#8243; _builder_version=&#8220;4.27.2&#8243; _module_preset=&#8220;default&#8220; background_color=&#8220;#f3eee7&#8243; custom_padding=&#8220;60px|0px|3px||false|false&#8220; global_colors_info=&#8220;{}&#8220;][et_pb_row _builder_version=&#8220;4.27.4&#8243; _module_preset=&#8220;default&#8220; width_tablet=&#8220;&#8220; width_phone=&#8220;90%&#8220; width_last_edited=&#8220;on|phone&#8220; max_width=&#8220;2560px&#8220; custom_margin=&#8220;0px||0px||false|false&#8220; custom_padding=&#8220;0px||0px||false|false&#8220; global_colors_info=&#8220;{}&#8220;][et_pb_column type=&#8220;4_4&#8243; _builder_version=&#8220;4.27.0&#8243; _module_preset=&#8220;default&#8220; global_colors_info=&#8220;{}&#8220;][et_pb_text module_class=&#8220;et_pb_slide_titleDifference&#8220; _builder_version=&#8220;4.27.4&#8243; _module_preset=&#8220;default&#8220; text_font_size=&#8220;56px&#8220; text_line_height=&#8220;1em&#8220; custom_margin=&#8220;0px||45px||false|false&#8220; custom_margin_tablet=&#8220;60px||30px||false|false&#8220; custom_margin_phone=&#8220;0px||30px||false|false&#8220; custom_margin_last_edited=&#8220;on|phone&#8220; locked=&#8220;off&#8220; global_colors_info=&#8220;{}&#8220;]<\/p>\n<p style=\"text-align: center;\">Thematische N\u00e4chte<\/p>\n<p>[\/et_pb_text][\/et_pb_column][\/et_pb_row][et_pb_row column_structure=&#8220;1_3,1_3,1_3&#8243; _builder_version=&#8220;4.27.2&#8243; _module_preset=&#8220;default&#8220; width_tablet=&#8220;&#8220; width_phone=&#8220;90%&#8220; width_last_edited=&#8220;on|phone&#8220; custom_margin=&#8220;0px||0px||false|false&#8220; custom_padding=&#8220;0px||60px||false|false&#8220; global_colors_info=&#8220;{}&#8220;][et_pb_column type=&#8220;1_3&#8243; _builder_version=&#8220;4.27.0&#8243; _module_preset=&#8220;default&#8220; global_colors_info=&#8220;{}&#8220;][et_pb_image src=&#8220;https:\/\/eloundavillage.com\/wp-content\/uploads\/2024\/10\/elounda_village_entertainment_movie_night-1.jpg&#8220; title_text=&#8220;elounda_dorf_unterhaltung_film_abend&#8220; _builder_version=&#8220;4.27.4&#8243; _module_preset=&#8220;default&#8220; global_colors_info=&#8220;{}&#8220;][\/et_pb_image][et_pb_text module_class=&#8220;italiana-regular&#8220; _builder_version=&#8220;4.27.4&#8243; _module_preset=&#8220;default&#8220; text_text_color=&#8220;#313131&#8243; text_font_size=&#8220;32px&#8220; text_line_height=&#8220;1.2em&#8220; custom_margin=&#8220;||10px||false|false&#8220; custom_margin_tablet=&#8220;||10px||false|false&#8220; custom_margin_phone=&#8220;||10px||false|false&#8220; custom_margin_last_edited=&#8220;on|desktop&#8220; custom_padding=&#8220;||||false|false&#8220; locked=&#8220;off&#8220; global_colors_info=&#8220;{}&#8220;]<\/p>\n<p>Filmabende<\/p>\n<p>[\/et_pb_text][et_pb_text _builder_version=&#8220;4.27.0&#8243; _module_preset=&#8220;default&#8220; custom_margin=&#8220;||30px||false|false&#8220; global_colors_info=&#8220;{}&#8220;]<\/p>\n<p>Eine beliebte Tradition im Freien, die den Zauber des Kinos an den Strand oder in unsere Lobby bringt, Popcorn inklusive! Wussten Sie schon, dass Sie abstimmen k\u00f6nnen, welchen Film Sie sehen m\u00f6chten? <\/p>\n<p>Wann: <em>jeden Montag<\/em><br \/>Wo: <em>Privatstrand, Lobby (je nach Wetterlage)<\/em><\/p>\n<p>[\/et_pb_text][\/et_pb_column][et_pb_column type=&#8220;1_3&#8243; _builder_version=&#8220;4.27.0&#8243; _module_preset=&#8220;default&#8220; global_colors_info=&#8220;{}&#8220;][et_pb_image src=&#8220;https:\/\/eloundavillage.com\/wp-content\/uploads\/2024\/10\/elounda_village_entertainment_beach_party-1.jpg&#8220; title_text=&#8220;elounda_dorf_unterhaltung_strand_party&#8220; _builder_version=&#8220;4.27.0&#8243; _module_preset=&#8220;default&#8220; locked=&#8220;off&#8220; global_colors_info=&#8220;{}&#8220;][\/et_pb_image][et_pb_text module_class=&#8220;italiana-regular&#8220; _builder_version=&#8220;4.27.0&#8243; _module_preset=&#8220;default&#8220; text_text_color=&#8220;#313131&#8243; text_font_size=&#8220;32px&#8220; text_line_height=&#8220;1.2em&#8220; custom_margin=&#8220;||10px||false|false&#8220; locked=&#8220;off&#8220; global_colors_info=&#8220;{}&#8220;]<\/p>\n<p>Strand Party<\/p>\n<p>[\/et_pb_text][et_pb_text _builder_version=&#8220;4.27.0&#8243; _module_preset=&#8220;default&#8220; custom_margin=&#8220;||30px||false|false&#8220; global_colors_info=&#8220;{}&#8220;]<\/p>\n<p>Lassen Sie die Seele baumeln und lassen Sie sich von der Musik auf unseren Strandpartys bewegen, einschlie\u00dflich der lebhaften Vollmondfeiern, bei denen die einzige Regel lautet: Haben Sie Spa\u00df und tanzen Sie die Nacht durch.<\/p>\n<p>Wann: <em>Jeden Dienstag<\/em><br \/>Wo: <em>Beach Bar- Privatstrand<\/em><\/p>\n<p>[\/et_pb_text][\/et_pb_column][et_pb_column type=&#8220;1_3&#8243; _builder_version=&#8220;4.27.0&#8243; _module_preset=&#8220;default&#8220; global_colors_info=&#8220;{}&#8220;][et_pb_image src=&#8220;https:\/\/eloundavillage.com\/wp-content\/uploads\/2024\/10\/elounda_village_entertainment_greek_night-1.jpg&#8220; title_text=&#8220;elounda_dorf_unterhaltung_griechische_nacht&#8220; _builder_version=&#8220;4.27.0&#8243; _module_preset=&#8220;default&#8220; global_colors_info=&#8220;{}&#8220;][\/et_pb_image][et_pb_text module_class=&#8220;italiana-regular&#8220; _builder_version=&#8220;4.27.0&#8243; _module_preset=&#8220;default&#8220; text_text_color=&#8220;#313131&#8243; text_font_size=&#8220;32px&#8220; text_line_height=&#8220;1.2em&#8220; custom_margin=&#8220;||10px||false|false&#8220; locked=&#8220;off&#8220; global_colors_info=&#8220;{}&#8220;]Griechische Nacht[\/et_pb_text][et_pb_text _builder_version=&#8220;4.27.0&#8243; _module_preset=&#8220;default&#8220; global_colors_info=&#8220;{}&#8220;]<\/p>\n<p>Von den temperamentvollen Schritten des Syrtaki (ein beliebter griechischer Tanz) bis zu den freudigen Ausrufen von &#8222;opa!&#8220; ist unsere Griechische Nacht ein lebendiges Eintauchen in Tradition und Freude.<\/p>\n<p>Wann: <em>Jeden Donnerstag<\/em><br \/>Wo: <em>Symposium<\/em><\/p>\n<p>[\/et_pb_text][\/et_pb_column][\/et_pb_row][\/et_pb_section][et_pb_section fb_built=&#8220;1&#8243; _builder_version=&#8220;4.27.4&#8243; _module_preset=&#8220;default&#8220; custom_padding=&#8220;1px|0px|||false|false&#8220; hover_enabled=&#8220;0&#8243; global_colors_info=&#8220;{}&#8220; sticky_enabled=&#8220;0&#8243; background_enable_color=&#8220;off&#8220;][et_pb_row _builder_version=&#8220;4.27.2&#8243; _module_preset=&#8220;default&#8220; width_tablet=&#8220;&#8220; width_phone=&#8220;90%&#8220; width_last_edited=&#8220;on|phone&#8220; max_width=&#8220;2560px&#8220; custom_margin=&#8220;0px||0px||false|false&#8220; custom_padding=&#8220;0px||0px||false|false&#8220; locked=&#8220;off&#8220; global_colors_info=&#8220;{}&#8220;][et_pb_column type=&#8220;4_4&#8243; _builder_version=&#8220;4.27.0&#8243; _module_preset=&#8220;default&#8220; global_colors_info=&#8220;{}&#8220;][et_pb_text module_class=&#8220;et_pb_slide_titleDifference&#8220; _builder_version=&#8220;4.27.4&#8243; _module_preset=&#8220;default&#8220; text_font_size=&#8220;56px&#8220; text_line_height=&#8220;1em&#8220; custom_margin=&#8220;20px||60px||false|false&#8220; custom_margin_tablet=&#8220;60px||30px||false|false&#8220; custom_margin_phone=&#8220;30px||30px||false|false&#8220; custom_margin_last_edited=&#8220;on|phone&#8220; hover_enabled=&#8220;0&#8243; locked=&#8220;off&#8220; global_colors_info=&#8220;{}&#8220; sticky_enabled=&#8220;0&#8243;]<\/p>\n<p style=\"text-align: center;\">Kulinarische Ereignisse<\/p>\n<p>[\/et_pb_text][\/et_pb_column][\/et_pb_row][et_pb_row column_structure=&#8220;1_5,1_5,1_5,1_5,1_5&#8243; custom_padding_last_edited=&#8220;on|phone&#8220; _builder_version=&#8220;4.27.4&#8243; _module_preset=&#8220;default&#8220; width=&#8220;90%&#8220; max_width=&#8220;2560px&#8220; custom_margin=&#8220;0px||0px||false|false&#8220; custom_padding=&#8220;0px||60px||false|false&#8220; custom_padding_tablet=&#8220;0px||60px||false|false&#8220; custom_padding_phone=&#8220;0px||0px||false|false&#8220; global_colors_info=&#8220;{}&#8220;][et_pb_column type=&#8220;1_5&#8243; _builder_version=&#8220;4.27.0&#8243; _module_preset=&#8220;default&#8220; global_colors_info=&#8220;{}&#8220;][et_pb_image src=&#8220;https:\/\/eloundavillage.com\/wp-content\/uploads\/2024\/10\/elounda_village_culinary_events_gala_dinner.jpg&#8220; title_text=&#8220;elounda_d\u00f6rfliche_kulinarische_Veranstaltungen_gala_dinner&#8220; _builder_version=&#8220;4.27.0&#8243; _module_preset=&#8220;default&#8220; global_colors_info=&#8220;{}&#8220;][\/et_pb_image][et_pb_text module_class=&#8220;italiana-regular&#8220; _builder_version=&#8220;4.27.0&#8243; _module_preset=&#8220;default&#8220; text_text_color=&#8220;#313131&#8243; text_font_size=&#8220;32px&#8220; text_line_height=&#8220;1.2em&#8220; custom_margin=&#8220;||10px||false|false&#8220; locked=&#8220;off&#8220; global_colors_info=&#8220;{}&#8220;]<\/p>\n<p>Gala-Dinner<\/p>\n<p>[\/et_pb_text][et_pb_text _builder_version=&#8220;4.27.0&#8243; _module_preset=&#8220;default&#8220; custom_padding=&#8220;||30px||false|false&#8220; global_colors_info=&#8220;{}&#8220;]<\/p>\n<p>Ein Abend voller raffinierter Eleganz, an dem die exquisite K\u00fcche ein unvergessliches Erlebnis schafft. Ziehen Sie sich schick an und lassen Sie sich verzaubern. <\/p>\n<p>Wann: <em>Jeden Freitag<\/em><br \/>Wo: <em>Hauptrestaurant<\/em><\/p>\n<p>[\/et_pb_text][\/et_pb_column][et_pb_column type=&#8220;1_5&#8243; _builder_version=&#8220;4.27.0&#8243; _module_preset=&#8220;default&#8220; global_colors_info=&#8220;{}&#8220;][et_pb_image src=&#8220;https:\/\/eloundavillage.com\/wp-content\/uploads\/2024\/10\/elounda_village_culinary_events_lobster_night.jpg&#8220; title_text=&#8220;Selektive Fokusaufnahme eines appetitlichen Hummers mit einer Zitronenscheibe&#8220; _builder_version=&#8220;4.27.0&#8243; _module_preset=&#8220;default&#8220; global_colors_info=&#8220;{}&#8220;][\/et_pb_image][et_pb_text module_class=&#8220;italiana-regular&#8220; _builder_version=&#8220;4.27.0&#8243; _module_preset=&#8220;default&#8220; text_text_color=&#8220;#313131&#8243; text_font_size=&#8220;32px&#8220; text_line_height=&#8220;1.2em&#8220; custom_margin=&#8220;||10px||false|false&#8220; locked=&#8220;off&#8220; global_colors_info=&#8220;{}&#8220;]<\/p>\n<p>Hummer Nacht<\/p>\n<p>[\/et_pb_text][et_pb_text _builder_version=&#8220;4.27.0&#8243; _module_preset=&#8220;default&#8220; custom_padding=&#8220;||30px||false|false&#8220; global_colors_info=&#8220;{}&#8220;]<\/p>\n<p>Geben Sie sich der kulinarischen Meisterschaft unserer talentierten K\u00f6che hin, wenn sie den frischesten Hummer der \u00c4g\u00e4is in eine Symphonie exquisiter Aromen verwandeln.<\/p>\n<p>Wann: <em>Jeden Samstag<\/em><br \/>Wo: <em>Mirabello Restaurant<\/em><\/p>\n<p>[\/et_pb_text][\/et_pb_column][et_pb_column type=&#8220;1_5&#8243; _builder_version=&#8220;4.27.0&#8243; _module_preset=&#8220;default&#8220; global_colors_info=&#8220;{}&#8220;][et_pb_image src=&#8220;https:\/\/eloundavillage.com\/wp-content\/uploads\/2024\/10\/elounda_village_culinary_events_seafood_night.jpg&#8220; title_text=&#8220;elounda_d\u00f6rfliche_kulinarische_Veranstaltungen_Meeresfr\u00fcchte_Nacht&#8220; _builder_version=&#8220;4.27.0&#8243; _module_preset=&#8220;default&#8220; global_colors_info=&#8220;{}&#8220;][\/et_pb_image][et_pb_text module_class=&#8220;italiana-regular&#8220; _builder_version=&#8220;4.27.0&#8243; _module_preset=&#8220;default&#8220; text_text_color=&#8220;#313131&#8243; text_font_size=&#8220;32px&#8220; text_line_height=&#8220;1.2em&#8220; custom_margin=&#8220;||10px||false|false&#8220; locked=&#8220;off&#8220; global_colors_info=&#8220;{}&#8220;]<\/p>\n<p>Meeresfr\u00fcchte Nacht<\/p>\n<p>[\/et_pb_text][et_pb_text _builder_version=&#8220;4.27.0&#8243; _module_preset=&#8220;default&#8220; custom_padding=&#8220;||30px||false|false&#8220; global_colors_info=&#8220;{}&#8220;]<\/p>\n<p>In der Seafood Night begeben Sie sich auf eine gastronomische Reise durch die Sch\u00e4tze der \u00c4g\u00e4is. Unsere K\u00fcchenchefs pr\u00e4sentieren die frischesten F\u00e4nge des Tages, die in k\u00f6stliche Gerichte verwandelt werden, die die Essenz des Mittelmeers feiern.<\/p>\n<p>Wann: <em>Jeden zweiten Sonntag<\/em><br \/>Wo: <em>Hauptrestaurant<\/em><\/p>\n<p>[\/et_pb_text][\/et_pb_column][et_pb_column type=&#8220;1_5&#8243; _builder_version=&#8220;4.27.0&#8243; _module_preset=&#8220;default&#8220; global_colors_info=&#8220;{}&#8220;][et_pb_image src=&#8220;https:\/\/eloundavillage.com\/wp-content\/uploads\/2024\/10\/elounda_village_culinary_events_cocktail_lessons.jpg&#8220; title_text=&#8220;elounda_d\u00f6rfer_kulinarische_veranstaltungen_cocktail_lektionen&#8220; _builder_version=&#8220;4.27.0&#8243; _module_preset=&#8220;default&#8220; global_colors_info=&#8220;{}&#8220;][\/et_pb_image][et_pb_text module_class=&#8220;italiana-regular&#8220; _builder_version=&#8220;4.27.0&#8243; _module_preset=&#8220;default&#8220; text_text_color=&#8220;#313131&#8243; text_font_size=&#8220;32px&#8220; text_line_height=&#8220;1.2em&#8220; custom_margin=&#8220;||10px||false|false&#8220; locked=&#8220;off&#8220; global_colors_info=&#8220;{}&#8220;]<\/p>\n<p>Kochen &#8211; Cocktails Lektionen<\/p>\n<p>[\/et_pb_text][et_pb_text _builder_version=&#8220;4.27.0&#8243; _module_preset=&#8220;default&#8220; custom_padding=&#8220;||30px||false|false&#8220; global_colors_info=&#8220;{}&#8220;]<\/p>\n<p>Von den temperamentvollen Schritten des Syrtaki (ein beliebter griechischer Tanz) bis zu den freudigen Ausrufen von &#8222;opa!&#8220; ist unsere Griechische Nacht ein lebendiges Eintauchen in Tradition und Freude.<\/p>\n<p>Wann: <em>Jeden Donnerstag<\/em><br \/>Wo: <em>Symposium<\/em><\/p>\n<p>[\/et_pb_text][\/et_pb_column][et_pb_column type=&#8220;1_5&#8243; _builder_version=&#8220;4.27.0&#8243; _module_preset=&#8220;default&#8220; global_colors_info=&#8220;{}&#8220;][et_pb_image src=&#8220;https:\/\/eloundavillage.com\/wp-content\/uploads\/2024\/10\/elounda_village_culinary_events_tastings_2.jpg&#8220; title_text=&#8220;elounda_d\u00f6rfliche_kulinarische_Veranstaltungen_Verkostungen_2&#8243; _builder_version=&#8220;4.27.0&#8243; _module_preset=&#8220;default&#8220; global_colors_info=&#8220;{}&#8220;][\/et_pb_image][et_pb_text module_class=&#8220;italiana-regular&#8220; _builder_version=&#8220;4.27.0&#8243; _module_preset=&#8220;default&#8220; text_text_color=&#8220;#313131&#8243; text_font_size=&#8220;32px&#8220; text_line_height=&#8220;1.2em&#8220; custom_margin=&#8220;||10px||false|false&#8220; locked=&#8220;off&#8220; global_colors_info=&#8220;{}&#8220;]<\/p>\n<p>Verkostungen<\/p>\n<p>[\/et_pb_text][et_pb_text _builder_version=&#8220;4.27.2&#8243; _module_preset=&#8220;default&#8220; custom_padding=&#8220;||30px||false|false&#8220; global_colors_info=&#8220;{}&#8220;]<\/p>\n<p>Tauchen Sie ein in die Aromen Kretas mit unseren Wein-, Ouzo-, Raki und Oliven\u00f6lverkostungen, die von unseren sachkundigen Sommeliers und lokalen Experten geleitet werden. F\u00fcr weitere Informationen oder zur Buchung Ihrer Verkostung wenden Sie sich bitte an unseren Concierge. <\/p>\n<div id=\"awebChromeHelper\" data-version=\"1.23.3\"><\/div>\n<p>[\/et_pb_text][\/et_pb_column][\/et_pb_row][\/et_pb_section]<\/p>\n","protected":false},"excerpt":{"rendered":"<p>Beleben Sie jeden Abend im Aquila Elounda Village mit Themenabenden, Live-Musik, DJ-Sets, und unvergesslichen Veranstaltungen, die das Beste von Kreta pr\u00e4sentieren.Im Aquila Elounda Village beginnt jeder Tag mit einem bunten Unterhaltungsprogramm, das Ihnen w\u00e4hrend Ihres gesamten Aufenthalts ein einzigartiges und reizvolles Erlebnis verspricht. Von den sanften Kl\u00e4ngen des Live-Saxophons bis hin zu lebhaften Themenabenden mit [&hellip;]<\/p>\n","protected":false},"author":2,"featured_media":0,"parent":0,"menu_order":0,"comment_status":"closed","ping_status":"closed","template":"","meta":{"_et_pb_use_builder":"on","_et_pb_old_content":"","_et_gb_content_width":"","footnotes":""},"class_list":["post-6040","page","type-page","status-publish","hentry"],"_links":{"self":[{"href":"https:\/\/eloundavillage.com\/de\/wp-json\/wp\/v2\/pages\/6040","targetHints":{"allow":["GET"]}}],"collection":[{"href":"https:\/\/eloundavillage.com\/de\/wp-json\/wp\/v2\/pages"}],"about":[{"href":"https:\/\/eloundavillage.com\/de\/wp-json\/wp\/v2\/types\/page"}],"author":[{"embeddable":true,"href":"https:\/\/eloundavillage.com\/de\/wp-json\/wp\/v2\/users\/2"}],"replies":[{"embeddable":true,"href":"https:\/\/eloundavillage.com\/de\/wp-json\/wp\/v2\/comments?post=6040"}],"version-history":[{"count":14,"href":"https:\/\/eloundavillage.com\/de\/wp-json\/wp\/v2\/pages\/6040\/revisions"}],"predecessor-version":[{"id":11788,"href":"https:\/\/eloundavillage.com\/de\/wp-json\/wp\/v2\/pages\/6040\/revisions\/11788"}],"wp:attachment":[{"href":"https:\/\/eloundavillage.com\/de\/wp-json\/wp\/v2\/media?parent=6040"}],"curies":[{"name":"wp","href":"https:\/\/api.w.org\/{rel}","templated":true}]}}