{"id":6025,"date":"2024-09-07T18:53:40","date_gmt":"2024-09-07T18:53:40","guid":{"rendered":"https:\/\/eloundavillage.com\/warum-aquila\/"},"modified":"2025-11-04T18:10:59","modified_gmt":"2025-11-04T18:10:59","slug":"warum-aquila","status":"publish","type":"page","link":"https:\/\/eloundavillage.com\/de\/warum-aquila\/","title":{"rendered":"Warum Aquila"},"content":{"rendered":"<p>[et_pb_section fb_built=&#8220;1&#8243; _builder_version=&#8220;4.27.4&#8243; _module_preset=&#8220;default&#8220; background_color=&#8220;RGBA(255,255,255,0)&#8220; background_image=&#8220;https:\/\/eloundavillage.com\/wp-content\/uploads\/2025\/11\/elounda_village_overview_why_aquila_1D_1920_X_1080.jpg&#8220; background_blend=&#8220;overlay&#8220; custom_padding=&#8220;||13px|||&#8220; filter_brightness=&#8220;93%&#8220; filter_contrast=&#8220;137%&#8220; filter_sepia=&#8220;40%&#8220; hover_enabled=&#8220;0&#8243; background_last_edited=&#8220;on|desktop&#8220; background_image_phone=&#8220;https:\/\/eloundavillage.com\/wp-content\/uploads\/2025\/11\/elounda_village_overview_why_aquila_1m_450_X_600.jpg&#8220; background_enable_image_phone=&#8220;on&#8220; custom_css_main_element=&#8220;min-height:90vh;&#8220; locked=&#8220;off&#8220; global_colors_info=&#8220;{}&#8220; height=&#8220;940px&#8220; sticky_enabled=&#8220;0&#8243;][\/et_pb_section][et_pb_section fb_built=&#8220;1&#8243; _builder_version=&#8220;4.27.2&#8243; _module_preset=&#8220;default&#8220; background_color=&#8220;#f3eee7&#8243; custom_margin=&#8220;0px||0px||false|false&#8220; custom_padding=&#8220;60px|0px|0px|0px|false|false&#8220; border_radii=&#8220;on|1px|1px|1px|1px&#8220; border_color_top=&#8220;#000000&#8243; border_style_top=&#8220;dotted&#8220; locked=&#8220;off&#8220; global_colors_info=&#8220;{}&#8220;][et_pb_row _builder_version=&#8220;4.27.2&#8243; _module_preset=&#8220;default&#8220; custom_margin=&#8220;0px||0px||false|false&#8220; custom_padding=&#8220;0px||0px||false|false&#8220; locked=&#8220;off&#8220; global_colors_info=&#8220;{}&#8220;][et_pb_column type=&#8220;4_4&#8243; _builder_version=&#8220;4.24.2&#8243; _module_preset=&#8220;default&#8220; global_colors_info=&#8220;{}&#8220;][et_pb_text _builder_version=&#8220;4.27.4&#8243; _module_preset=&#8220;_initial&#8220; text_font=&#8220;|||on|||||&#8220; text_text_color=&#8220;#313131&#8243; custom_margin=&#8220;0px||0px||false|false&#8220; custom_margin_tablet=&#8220;0px||0px||false|false&#8220; custom_margin_phone=&#8220;0px||0px||false|false&#8220; custom_margin_last_edited=&#8220;on|desktop&#8220; custom_padding=&#8220;0px||0px||false|false&#8220; text_font_size_tablet=&#8220;&#8220; text_font_size_phone=&#8220;15px&#8220; text_font_size_last_edited=&#8220;on|phone&#8220; global_colors_info=&#8220;{}&#8220;]<\/p>\n<p style=\"text-align: center;\">Wir sind Aquila.<\/p>\n<p>[\/et_pb_text][et_pb_text module_class=&#8220;italiana-regular&#8220; _builder_version=&#8220;4.27.4&#8243; _module_preset=&#8220;_initial&#8220; text_font=&#8220;Italiana||||||||&#8220; text_text_color=&#8220;#313131&#8243; text_font_size=&#8220;32px&#8220; text_line_height=&#8220;1em&#8220; custom_margin=&#8220;0px||0px||false|false&#8220; custom_margin_tablet=&#8220;0px||0px||false|false&#8220; custom_margin_phone=&#8220;0px||0px||false|false&#8220; custom_margin_last_edited=&#8220;on|desktop&#8220; custom_padding=&#8220;0px||30px||false|false&#8220; global_colors_info=&#8220;{}&#8220;]<\/p>\n<p style=\"text-align: center;\">Seit \u00fcber 50 Jahren stellen wir die Essenz<br \/>der kretischen Gastfreundschaft her.<\/p>\n<p>[\/et_pb_text][\/et_pb_column][\/et_pb_row][et_pb_row _builder_version=&#8220;4.27.2&#8243; _module_preset=&#8220;default&#8220; width_tablet=&#8220;&#8220; width_phone=&#8220;90%&#8220; width_last_edited=&#8220;on|phone&#8220; custom_margin=&#8220;0px||0px||false|false&#8220; custom_padding=&#8220;0px||60px||false|false&#8220; global_colors_info=&#8220;{}&#8220;][et_pb_column type=&#8220;4_4&#8243; _builder_version=&#8220;4.26.0&#8243; _module_preset=&#8220;default&#8220; global_colors_info=&#8220;{}&#8220;][et_pb_text module_class=&#8220;mainTextWeight&#8220; _builder_version=&#8220;4.27.4&#8243; _module_preset=&#8220;default&#8220; text_font_size=&#8220;18px&#8220; text_line_height=&#8220;1.8em&#8220; custom_margin=&#8220;0px||0px||false|false&#8220; custom_padding=&#8220;0px||0px||false|false&#8220; global_colors_info=&#8220;{}&#8220;]<\/p>\n<p style=\"text-align: left;\">Wir bieten ein Universum aus diskretem, entspanntem Luxus und anspruchsvollem Vergn\u00fcgen, in dem altehrw\u00fcrdige Traditionen nahtlos mit moderner Innovation verschmelzen.<\/p>\n<p style=\"text-align: left;\">Unsere erstklassigen Standorte auf Kreta sind die perfekten Ausgangspunkte, um die atemberaubende nat\u00fcrliche Sch\u00f6nheit der Insel zu erkunden und sich der Kunst der Freizeitgestaltung hinzugeben. Unser engagiertes Team ist das Herz und die Seele von Aquila und hat sich ganz dem au\u00dfergew\u00f6hnlichen, pers\u00f6nlichen Service verschrieben. Gastfreundschaft ist ein Instinkt, eine echte Reflexion unserer Liebe zu unserer Heimatinsel. Dieser Wert wird von Generation zu Generation weitergegeben, damit sich jeder Gast willkommen und umsorgt f\u00fchlt. Wir bieten 5-Sterne-Service, weil unsere Mitarbeiter 5-Sterne sind.<\/p>\n<p style=\"text-align: left;\">Wir von Aquila Hotels &amp; Resorts sind stolz darauf, einen au\u00dfergew\u00f6hnlichen Service und einen nachhaltigen Betrieb zu bieten, die besten lokalen Zutaten zu verwenden und der Gemeinschaft, die uns inspiriert, etwas zur\u00fcckzugeben. Bei allem, was wir tun, halten wir an unserer Verpflichtung zu 5-Sterne-Qualit\u00e4t fest. Im Laufe der Jahre haben wir das stolze Erbe der kretischen Gastfreundschaft in jeden Moment Ihres Aufenthalts einflie\u00dfen lassen. Es ist eine angenehme Verpflichtung, die wir aufrechterhalten: dass alles perfekt, reibungslos und fr\u00f6hlich abl\u00e4uft. Unsere Leidenschaft, au\u00dfergew\u00f6hnliche Erlebnisse zu schaffen, spiegelt sich in all unseren H\u00e4usern wider: Aquila Atlantis Hotel, Aquila Rithymna Beach, Aquila Porto Rethymno und Aquila Elounda Village.<\/p>\n<p style=\"text-align: left;\">Wir sind Aquila. Wir schaffen gemeinsam Erinnerungen, die noch lange nach Ihrer Abreise nachwirken. Entdecken Sie Ihr kretisches Paradies, so perfekt, wie Sie es sich immer vorgestellt haben.<\/p>\n<p>[\/et_pb_text][\/et_pb_column][\/et_pb_row][\/et_pb_section]<\/p>\n","protected":false},"excerpt":{"rendered":"<p>Wir sind Aquila.Seit \u00fcber 50 Jahren stellen wir die Essenzder kretischen Gastfreundschaft her.Wir bieten ein Universum aus diskretem, entspanntem Luxus und anspruchsvollem Vergn\u00fcgen, in dem altehrw\u00fcrdige Traditionen nahtlos mit moderner Innovation verschmelzen. Unsere erstklassigen Standorte auf Kreta sind die perfekten Ausgangspunkte, um die atemberaubende nat\u00fcrliche Sch\u00f6nheit der Insel zu erkunden und sich der Kunst der [&hellip;]<\/p>\n","protected":false},"author":2,"featured_media":0,"parent":0,"menu_order":0,"comment_status":"closed","ping_status":"closed","template":"","meta":{"_et_pb_use_builder":"on","_et_pb_old_content":"","_et_gb_content_width":"","footnotes":""},"class_list":["post-6025","page","type-page","status-publish","hentry"],"_links":{"self":[{"href":"https:\/\/eloundavillage.com\/de\/wp-json\/wp\/v2\/pages\/6025","targetHints":{"allow":["GET"]}}],"collection":[{"href":"https:\/\/eloundavillage.com\/de\/wp-json\/wp\/v2\/pages"}],"about":[{"href":"https:\/\/eloundavillage.com\/de\/wp-json\/wp\/v2\/types\/page"}],"author":[{"embeddable":true,"href":"https:\/\/eloundavillage.com\/de\/wp-json\/wp\/v2\/users\/2"}],"replies":[{"embeddable":true,"href":"https:\/\/eloundavillage.com\/de\/wp-json\/wp\/v2\/comments?post=6025"}],"version-history":[{"count":7,"href":"https:\/\/eloundavillage.com\/de\/wp-json\/wp\/v2\/pages\/6025\/revisions"}],"predecessor-version":[{"id":11656,"href":"https:\/\/eloundavillage.com\/de\/wp-json\/wp\/v2\/pages\/6025\/revisions\/11656"}],"wp:attachment":[{"href":"https:\/\/eloundavillage.com\/de\/wp-json\/wp\/v2\/media?parent=6025"}],"curies":[{"name":"wp","href":"https:\/\/api.w.org\/{rel}","templated":true}]}}