{"id":5995,"date":"2024-05-24T18:06:59","date_gmt":"2024-05-24T18:06:59","guid":{"rendered":"https:\/\/eloundavillage.com\/auf-einen-blick\/"},"modified":"2026-03-10T19:47:34","modified_gmt":"2026-03-10T19:47:34","slug":"auf-einen-blick","status":"publish","type":"page","link":"https:\/\/eloundavillage.com\/de\/auf-einen-blick\/","title":{"rendered":"Auf einen Blick"},"content":{"rendered":"<p>[et_pb_section fb_built=&#8220;1&#8243; _builder_version=&#8220;4.27.4&#8243; _module_preset=&#8220;default&#8220; background_color=&#8220;RGBA(255,255,255,0)&#8220; background_image=&#8220;https:\/\/eloundavillage.com\/wp-content\/uploads\/2024\/11\/elounda_village_overview_at_a_glance_2.jpg&#8220; height=&#8220;940px&#8220; custom_padding=&#8220;||13px|||&#8220; custom_css_main_element=&#8220;min-height:90vh;&#8220; locked=&#8220;off&#8220; global_colors_info=&#8220;{}&#8220;][\/et_pb_section][et_pb_section fb_built=&#8220;1&#8243; _builder_version=&#8220;4.27.4&#8243; _module_preset=&#8220;default&#8220; background_enable_color=&#8220;off&#8220; background_enable_image=&#8220;off&#8220; background_blend=&#8220;overlay&#8220; custom_margin=&#8220;||||false|false&#8220; custom_margin_tablet=&#8220;||||false|false&#8220; custom_margin_phone=&#8220;||||false|false&#8220; custom_margin_last_edited=&#8220;on|desktop&#8220; custom_padding=&#8220;60px||60px||false|false&#8220; locked=&#8220;off&#8220; global_colors_info=&#8220;{}&#8220;][et_pb_row _builder_version=&#8220;4.27.2&#8243; _module_preset=&#8220;default&#8220; custom_margin=&#8220;0px||0px||false|false&#8220; custom_padding=&#8220;0px||0px||false|false&#8220; locked=&#8220;off&#8220; global_colors_info=&#8220;{}&#8220;][et_pb_column type=&#8220;4_4&#8243; _builder_version=&#8220;4.24.2&#8243; _module_preset=&#8220;default&#8220; global_colors_info=&#8220;{}&#8220;][et_pb_text _builder_version=&#8220;4.27.4&#8243; _module_preset=&#8220;_initial&#8220; text_font=&#8220;|||on|||||&#8220; text_text_color=&#8220;#313131&#8243; custom_margin=&#8220;0px||0px||false|false&#8220; custom_margin_tablet=&#8220;0px||0px||false|false&#8220; custom_margin_phone=&#8220;0px||0px||false|false&#8220; custom_margin_last_edited=&#8220;on|desktop&#8220; custom_padding=&#8220;0px||0px||false|false&#8220; text_font_size_tablet=&#8220;&#8220; text_font_size_phone=&#8220;15px&#8220; text_font_size_last_edited=&#8220;on|phone&#8220; global_colors_info=&#8220;{}&#8220;]<\/p>\n<p style=\"text-align: center;\">LERNEN SIE UNSER RESORT KENNEN<\/p>\n<p>[\/et_pb_text][et_pb_text module_class=&#8220;italiana-regular&#8220; _builder_version=&#8220;4.27.4&#8243; _module_preset=&#8220;_initial&#8220; text_font=&#8220;Italiana||||||||&#8220; text_text_color=&#8220;#313131&#8243; text_font_size=&#8220;32px&#8220; text_line_height=&#8220;1.1em&#8220; custom_margin=&#8220;0px||0px||false|false&#8220; custom_margin_tablet=&#8220;0px||0px||false|false&#8220; custom_margin_phone=&#8220;0px||0px||false|false&#8220; custom_margin_last_edited=&#8220;on|desktop&#8220; custom_padding=&#8220;0px||0px||false|false&#8220; global_colors_info=&#8220;{}&#8220;]<\/p>\n<p style=\"text-align: center;\">Entdecken Sie, Was Unseren 5-Sterne-Hafen Nur F\u00fcr Erwachsene Zu Einem Ganz Besonderen Ziel F\u00fcr Ihre N\u00e4chste Kreta-Reise Macht<\/p>\n<p>[\/et_pb_text][\/et_pb_column][\/et_pb_row][\/et_pb_section][et_pb_section fb_built=&#8220;1&#8243; _builder_version=&#8220;4.27.2&#8243; _module_preset=&#8220;default&#8220; background_color=&#8220;RGBA(255,255,255,0)&#8220; custom_margin=&#8220;0px||0px||false|false&#8220; custom_padding=&#8220;0px|0px|0px||false|false&#8220; locked=&#8220;off&#8220; global_colors_info=&#8220;{}&#8220;][et_pb_row custom_padding_last_edited=&#8220;on|tablet&#8220; _builder_version=&#8220;4.27.2&#8243; _module_preset=&#8220;default&#8220; width_tablet=&#8220;&#8220; width_phone=&#8220;90%&#8220; width_last_edited=&#8220;on|phone&#8220; custom_margin=&#8220;0px||0px||false|false&#8220; custom_padding=&#8220;60px||0px||false|false&#8220; custom_padding_tablet=&#8220;30px||0px||false|false&#8220; custom_padding_phone=&#8220;30px||0px||false|false&#8220; global_colors_info=&#8220;{}&#8220;][et_pb_column type=&#8220;4_4&#8243; _builder_version=&#8220;4.27.0&#8243; _module_preset=&#8220;default&#8220; global_colors_info=&#8220;{}&#8220;][et_pb_text module_class=&#8220;mainTitleHome&#8220; _builder_version=&#8220;4.27.4&#8243; _module_preset=&#8220;default&#8220; text_font=&#8220;|||on|||||&#8220; text_text_color=&#8220;#313131&#8243; text_line_height=&#8220;1.2em&#8220; custom_margin=&#8220;0px|0px|0px|0px|false|false&#8220; custom_margin_tablet=&#8220;120px|0px|5px|0px|false|false&#8220; custom_margin_phone=&#8220;20px|0px|5px|0px|false|false&#8220; custom_margin_last_edited=&#8220;on|phone&#8220; custom_padding=&#8220;0px|0px|0px|0px|false|false&#8220; locked=&#8220;off&#8220; global_colors_info=&#8220;{}&#8220;]<\/p>\n<p><strong>HOTEL-ANNEHMLICHKEITEN<\/strong><\/p>\n<p>[\/et_pb_text][et_pb_text _builder_version=&#8220;4.27.2&#8243; _module_preset=&#8220;default&#8220; custom_margin=&#8220;10px||||false|false&#8220; global_colors_info=&#8220;{}&#8220;]<\/p>\n<ul>\n<li>237 Zimmer &amp; Suiten<\/li>\n<li>7 Restaurants &amp; Bars<\/li>\n<li>Privater Strand mit Sonnenliegen<\/li>\n<li>1 gro\u00dfer Infinity-Pool auf drei Ebenen mit Blick auf die wundersch\u00f6ne Mirabello-Bucht<\/li>\n<li>Blue Spa powered by Aegeo Spas, bietet Gesichtsbehandlungen, K\u00f6rperbehandlungen, Massagen, Steintherapien und verf\u00fcgt \u00fcber einen beheizten Innenpool, Fitnessraum, Sauna, Whirlpool, Dampfbad, Laconium und Tepidarium<\/li>\n<li>Fitness Center mit modernsten Technogym-Ger\u00e4ten<\/li>\n<li>Strandbereich mit Liegest\u00fchlen, Netzen und einer Strandbar<\/li>\n<li>Strandpromenade mit Sonnenliegen Wassersportarten wie Jet-Ski, Wasserski, Paddeln, Segeln, Kajakfahren, Schnorcheln<\/li>\n<li>Tauchen in Zusammenarbeit mit einer zertifizierten PADI-Tauchschule<\/li>\n<li>Tennisplatz mit Flutlicht und professionellen Trainern<\/li>\n<li>Kreta Golf Club in der N\u00e4he (48 km) (Aquila Elounda Village ist Mitglied des Kreta Golf Clubs)<\/li>\n<li>Zahlreiche M\u00f6glichkeiten zum Wandern und Mountainbiken in der Umgebung<\/li>\n<li>Mini-Markt<\/li>\n<li>SCARABEO Juweliergesch\u00e4ft<\/li>\n<li>TV-Ecke und Leseecke<\/li>\n<li>Billard, Tischtennis, Darts und Brettspiele<\/li>\n<li>Entfesselungsraum<\/li>\n<li>Internet-Ecke \/ Business Center<\/li>\n<li><span>Konferenzraum<\/span><\/li>\n<\/ul>\n<p>[\/et_pb_text][\/et_pb_column][\/et_pb_row][et_pb_row custom_padding_last_edited=&#8220;on|tablet&#8220; _builder_version=&#8220;4.27.0&#8243; _module_preset=&#8220;default&#8220; width_tablet=&#8220;&#8220; width_phone=&#8220;90%&#8220; width_last_edited=&#8220;on|phone&#8220; custom_margin=&#8220;0px||0px||false|false&#8220; custom_padding=&#8220;60px||0px||false|false&#8220; custom_padding_tablet=&#8220;0px||0px||false|false&#8220; custom_padding_phone=&#8220;0px||0px||false|false&#8220; global_colors_info=&#8220;{}&#8220;][et_pb_column type=&#8220;4_4&#8243; _builder_version=&#8220;4.27.0&#8243; _module_preset=&#8220;default&#8220; global_colors_info=&#8220;{}&#8220;][et_pb_text module_class=&#8220;mainTitleHome&#8220; _builder_version=&#8220;4.27.4&#8243; _module_preset=&#8220;default&#8220; text_font=&#8220;|||on|||||&#8220; text_text_color=&#8220;#313131&#8243; text_line_height=&#8220;1.2em&#8220; custom_margin=&#8220;0px|0px|0px|0px|false|false&#8220; custom_margin_tablet=&#8220;120px|0px|5px|0px|false|false&#8220; custom_margin_phone=&#8220;20px|0px|5px|0px|false|false&#8220; custom_margin_last_edited=&#8220;on|phone&#8220; custom_padding=&#8220;0px|0px|0px|0px|false|false&#8220; locked=&#8220;off&#8220; global_colors_info=&#8220;{}&#8220;]<\/p>\n<p><strong>HOTEL-DIENSTLEISTUNGEN<\/strong><\/p>\n<p>[\/et_pb_text][et_pb_text _builder_version=&#8220;4.27.0&#8243; _module_preset=&#8220;default&#8220; custom_margin=&#8220;10px||||false|false&#8220; global_colors_info=&#8220;{}&#8220;]<\/p>\n<ul>\n<li>24-Stunden-Rezeption<\/li>\n<li>24-Stunden-Gep\u00e4ckdienst<\/li>\n<li>Kostenloses Wi-Fi im gesamten Hotel<\/li>\n<li>24-Stunden-Zimmerservice<\/li>\n<li>Kontinentales Fr\u00fchst\u00fcck \u00fcber den Zimmerservice erh\u00e4ltlich (07:30 &#8211; 10:30 Uhr)<\/li>\n<li>&#8222;Mein Zimmer herrichten&#8220; zur vom Kunden gew\u00fcnschten Zeit f\u00fcr alle Unterk\u00fcnfte<\/li>\n<li>Wahl des Kissens<\/li>\n<li>Chemische Reinigung, W\u00e4scherei, B\u00fcgelservice<\/li>\n<li>B\u00fcgeleisen auf Anfrage<\/li>\n<li>Laptop auf Anfrage<\/li>\n<li>Postdienste, Express-Kurierdienst<\/li>\n<li>Kostenfreie Zeitungen in der Lobby-Lounge erh\u00e4ltlich<\/li>\n<li>Transferdienste. F\u00fcr eine nahtlose und pers\u00f6nliche Ankunft k\u00f6nnen wir einen privaten Transfer vom Flughafen oder Hafen direkt zum Aquila Elounda Village organisieren. <\/li>\n<\/ul>\n<p>[\/et_pb_text][\/et_pb_column][\/et_pb_row][et_pb_row column_structure=&#8220;1_2,1_2&#8243; custom_padding_last_edited=&#8220;on|tablet&#8220; _builder_version=&#8220;4.27.2&#8243; _module_preset=&#8220;default&#8220; width_tablet=&#8220;&#8220; width_phone=&#8220;90%&#8220; width_last_edited=&#8220;on|phone&#8220; custom_margin=&#8220;0px||0px||false|false&#8220; custom_padding=&#8220;60px||0px||false|false&#8220; custom_padding_tablet=&#8220;0px||0px||false|false&#8220; custom_padding_phone=&#8220;0px||0px||false|false&#8220; global_colors_info=&#8220;{}&#8220;][et_pb_column type=&#8220;1_2&#8243; _builder_version=&#8220;4.27.0&#8243; _module_preset=&#8220;default&#8220; global_colors_info=&#8220;{}&#8220;][et_pb_text module_class=&#8220;mainTitleHome&#8220; _builder_version=&#8220;4.27.4&#8243; _module_preset=&#8220;default&#8220; text_font=&#8220;|||on|||||&#8220; text_text_color=&#8220;#313131&#8243; text_line_height=&#8220;1.2em&#8220; custom_margin=&#8220;0px|0px|0px|0px|false|false&#8220; custom_margin_tablet=&#8220;120px|0px|5px|0px|false|false&#8220; custom_margin_phone=&#8220;20px|0px|5px|0px|false|false&#8220; custom_margin_last_edited=&#8220;on|desktop&#8220; custom_padding=&#8220;0px|0px|0px|0px|false|false&#8220; locked=&#8220;off&#8220; global_colors_info=&#8220;{}&#8220;]<\/p>\n<p><strong>ZIMMERDIENSTE<\/strong><\/p>\n<p>[\/et_pb_text][et_pb_text _builder_version=&#8220;4.27.2&#8243; _module_preset=&#8220;default&#8220; custom_margin=&#8220;10px||||false|false&#8220; custom_margin_tablet=&#8220;10px||||false|false&#8220; custom_margin_phone=&#8220;10px||||false|false&#8220; custom_margin_last_edited=&#8220;on|phone&#8220; global_colors_info=&#8220;{}&#8220;]<\/p>\n<p>Alle Aufenthalte sind inklusive:<\/p>\n<ul>\n<li>Ausgew\u00e4hlte Toilettenartikel und Badutensilien<\/li>\n<li>Badem\u00e4ntel<\/li>\n<li>Haartrockner<\/li>\n<li>Wahl des Kissens<\/li>\n<li>Tee-\/Kaffeekocher<\/li>\n<li>Digitales Tresorfach<\/li>\n<li>Direktwahl-Telefon<\/li>\n<li>Smart Satellite LCD Flachbildschirm 43\u2033 TV mit integriertem Radio und Musikkan\u00e4len<\/li>\n<li>Minibar<\/li>\n<li>Klimatisierung\/Heizung<\/li>\n<li>Weckdienst<\/li>\n<li>Strandt\u00fccher<\/li>\n<\/ul>\n<p>[\/et_pb_text][\/et_pb_column][et_pb_column type=&#8220;1_2&#8243; _builder_version=&#8220;4.27.0&#8243; _module_preset=&#8220;default&#8220; global_colors_info=&#8220;{}&#8220;][et_pb_text disabled_on=&#8220;on|on|off&#8220; module_class=&#8220;mainTitleHome&#8220; _builder_version=&#8220;4.27.4&#8243; _module_preset=&#8220;default&#8220; text_font=&#8220;|||on|||||&#8220; text_text_color=&#8220;#f3eee7&#8243; text_line_height=&#8220;1.2em&#8220; custom_margin=&#8220;0px|0px|0px|0px|false|false&#8220; custom_margin_tablet=&#8220;120px|0px|5px|0px|false|false&#8220; custom_margin_phone=&#8220;20px|0px|5px|0px|false|false&#8220; custom_margin_last_edited=&#8220;on|desktop&#8220; custom_padding=&#8220;0px|0px|0px|0px|false|false&#8220; locked=&#8220;off&#8220; global_colors_info=&#8220;{}&#8220;]<\/p>\n<p><strong>.<\/strong><\/p>\n<p>[\/et_pb_text][et_pb_text _builder_version=&#8220;4.27.2&#8243; _module_preset=&#8220;default&#8220; custom_margin=&#8220;10px||||false|false&#8220; custom_margin_tablet=&#8220;10px||||false|false&#8220; custom_margin_phone=&#8220;0px||||false|false&#8220; custom_margin_last_edited=&#8220;on|phone&#8220; global_colors_info=&#8220;{}&#8220;]<\/p>\n<p>Mythica Exklusiv:<\/p>\n<ul>\n<li>Luxuri\u00f6se Toilettenartikel und Badezimmerausstattung<\/li>\n<li>Badem\u00e4ntel &amp; Hausschuhe<\/li>\n<li>Strandt\u00fccher &amp; Strandtasche<\/li>\n<li>Smart Satellite LCD TV 43\u2033-55\u2033 mit Radio &amp; Musikkan\u00e4len<\/li>\n<li>Vollst\u00e4ndig gef\u00fcllte Minibar<\/li>\n<li>Begr\u00fc\u00dfungssekt und frischer Orangensaft bei der Ankunft<\/li>\n<li>Willkommensangebot (Blumen, Fr\u00fcchte und ein speziell ausgew\u00e4hltes Geschenk) bei der Ankunft<\/li>\n<li>Pers\u00f6nlicher G\u00e4stebetreuungsservice<\/li>\n<li>Kostenloses kontinentales Fr\u00fchst\u00fcck im Zimmerservice<\/li>\n<li>Kostenfreier Zimmerservice<\/li>\n<li>T\u00e4glicher Abstellservice<\/li>\n<li>Express Check-in\/out<\/li>\n<li>Cocktail mit dem Management-Team<\/li>\n<li>Erm\u00e4\u00dfigungen in ausgew\u00e4hlten Gesch\u00e4ften<\/li>\n<li>Fr\u00fcher Check-in \/ Sp\u00e4ter Check-out bis 18:00 Uhr nach Verf\u00fcgbarkeit<\/li>\n<li>Geschenk zum Abschied<\/li>\n<\/ul>\n<p>[\/et_pb_text][\/et_pb_column][\/et_pb_row][\/et_pb_section][et_pb_section fb_built=&#8220;1&#8243; _builder_version=&#8220;4.27.2&#8243; _module_preset=&#8220;default&#8220; background_color=&#8220;RGBA(255,255,255,0)&#8220; custom_padding=&#8220;0px|||||&#8220; global_colors_info=&#8220;{}&#8220;][et_pb_row custom_padding_last_edited=&#8220;on|tablet&#8220; _builder_version=&#8220;4.27.0&#8243; _module_preset=&#8220;default&#8220; width_tablet=&#8220;&#8220; width_phone=&#8220;90%&#8220; width_last_edited=&#8220;on|phone&#8220; custom_margin=&#8220;0px||0px||false|false&#8220; custom_padding=&#8220;60px||0px||false|false&#8220; custom_padding_tablet=&#8220;0px||0px||false|false&#8220; custom_padding_phone=&#8220;0px||0px||false|false&#8220; global_colors_info=&#8220;{}&#8220;][et_pb_column type=&#8220;4_4&#8243; _builder_version=&#8220;4.27.0&#8243; _module_preset=&#8220;default&#8220; global_colors_info=&#8220;{}&#8220;][et_pb_text module_class=&#8220;mainTitleHome&#8220; _builder_version=&#8220;4.27.4&#8243; _module_preset=&#8220;default&#8220; text_font=&#8220;|||on|||||&#8220; text_text_color=&#8220;#313131&#8243; text_line_height=&#8220;1.2em&#8220; custom_margin=&#8220;0px|0px|0px|0px|false|false&#8220; custom_margin_tablet=&#8220;120px|0px|5px|0px|false|false&#8220; custom_margin_phone=&#8220;20px|0px|5px|0px|false|false&#8220; custom_margin_last_edited=&#8220;on|phone&#8220; custom_padding=&#8220;0px|0px|0px|0px|false|false&#8220; locked=&#8220;off&#8220; global_colors_info=&#8220;{}&#8220;]<\/p>\n<p><strong>RESORT-POLITIK<\/strong><\/p>\n<p>[\/et_pb_text][et_pb_text _builder_version=&#8220;4.27.4&#8243; _module_preset=&#8220;default&#8220; custom_margin=&#8220;10px||||false|false&#8220; global_colors_info=&#8220;{}&#8220;]<\/p>\n<ul>\n<li>Alterspolitik: Wir hei\u00dfen G\u00e4ste ab 16 Jahren willkommen.<\/li>\n<li>Check-in Richtlinien: Check-in-Zeit: 14:00 | Check-out-Zeit: 11:00<\/li>\n<li>Sp\u00e4ter Check-out: Nach Verf\u00fcgbarkeit und auf Anfrage.<\/li>\n<li>Zustellbett-Politik: Die Verf\u00fcgbarkeit f\u00fcr 3. und 4. G\u00e4ste h\u00e4ngt vom Zimmertyp und dem Zeitraum ab. Bitte erkundigen Sie sich bei unserem Buchungsteam.<\/li>\n<li>Kleiderordnung: Wir bitten die Herren, in unseren Restaurants und Bars keine Flip-Flops zu tragen.<\/li>\n<li>Raucherpolitik: Das Rauchen ist in den Hotelbereichen nicht gestattet, sondern nur in den daf\u00fcr vorgesehenen Au\u00dfenbereichen.<\/li>\n<li>Haustier-Politik: Im Aquila Elounda Village hei\u00dfen wir G\u00e4ste mit Begleithunden willkommen, um einen komfortablen und angenehmen Aufenthalt f\u00fcr alle zu gew\u00e4hrleisten. Bitte kontaktieren Sie uns im Voraus, um Vorkehrungen zu treffen.<\/li>\n<li>Stornierungsbedingungen: Die Stornierungsbedingungen h\u00e4ngen vom jeweiligen Tarif und der Art Ihrer Reservierung ab. Bitte lesen Sie Ihre Reservierungsbest\u00e4tigung, um sich \u00fcber die Einzelheiten Ihrer Stornierungsbedingungen zu informieren. Sollten Sie weitere Unterst\u00fctzung ben\u00f6tigen oder Fragen haben, z\u00f6gern Sie bitte nicht, uns zu kontaktieren.<\/li>\n<li><strong data-start=\"37\" data-end=\"64\">Nachhaltigkeitspolitik:<\/strong> F\u00fcr weitere Informationen zu unserem Nachhaltigkeitsprogramm <span style=\"text-decoration: underline;\"><a href=\"\/de\/nachhaltigkeit-umwelt\/\">klicken Sie hier.<\/a><\/span><br data-start=\"143\" data-end=\"146\" data-is-only-node=\"\" \/><strong data-start=\"146\" data-end=\"167\">Barrierefreiheit:<\/strong> F\u00fcr weitere Informationen zur Barrierefreiheit kontaktieren Sie uns bitte unter <a data-start=\"248\" data-end=\"269\" class=\"decorated-link cursor-pointer\" rel=\"noopener\">info@aquilahotels.com<span aria-hidden=\"true\" class=\"ms-0.5 inline-block align-middle leading-none\"><\/span><\/a><\/li>\n<\/ul>\n<p>[\/et_pb_text][\/et_pb_column][\/et_pb_row][et_pb_row custom_padding_last_edited=&#8220;on|tablet&#8220; _builder_version=&#8220;4.27.0&#8243; _module_preset=&#8220;default&#8220; width_tablet=&#8220;&#8220; width_phone=&#8220;90%&#8220; width_last_edited=&#8220;on|phone&#8220; custom_margin=&#8220;0px||0px||false|false&#8220; custom_padding=&#8220;40px||0px||false|false&#8220; custom_padding_tablet=&#8220;0px||0px||false|false&#8220; custom_padding_phone=&#8220;0px||0px||false|false&#8220; global_colors_info=&#8220;{}&#8220;][et_pb_column type=&#8220;4_4&#8243; _builder_version=&#8220;4.27.0&#8243; _module_preset=&#8220;default&#8220; global_colors_info=&#8220;{}&#8220;][et_pb_text module_class=&#8220;mainTitleHome&#8220; _builder_version=&#8220;4.27.6&#8243; _module_preset=&#8220;default&#8220; text_font=&#8220;|||on|||||&#8220; text_text_color=&#8220;#313131&#8243; text_line_height=&#8220;1.2em&#8220; custom_margin=&#8220;0px|0px|0px|0px|false|false&#8220; custom_margin_tablet=&#8220;120px|0px|5px|0px|false|false&#8220; custom_margin_phone=&#8220;20px|0px|5px|0px|false|false&#8220; custom_margin_last_edited=&#8220;on|phone&#8220; custom_padding=&#8220;0px|0px|0px|0px|false|false&#8220; hover_enabled=&#8220;0&#8243; locked=&#8220;off&#8220; global_colors_info=&#8220;{}&#8220; sticky_enabled=&#8220;0&#8243;]<strong><br \/>\nUMWELTPOLITIK<br \/>\n<\/strong>[\/et_pb_text][et_pb_text _builder_version=&#8220;4.27.6&#8243; _module_preset=&#8220;default&#8220; custom_margin=&#8220;10px||||false|false&#8220; hover_enabled=&#8220;0&#8243; global_colors_info=&#8220;{}&#8220; sticky_enabled=&#8220;0&#8243;]<\/p>\n<ul>\n<li>Papier-, Aluminium- und Glasrecycling<\/li>\n<li>Integrierte Planung und Programmierung f\u00fcr die Abfallwirtschaft<\/li>\n<li>Energie- und Wassersparma\u00dfnahmen; biologische D\u00fcngung und \u00f6kologische Bepflanzung der Hotelg\u00e4rten<\/li>\n<li>Umweltaktivit\u00e4ten und Informationen f\u00fcr G\u00e4ste<\/li>\n<li><strong data-start=\"37\" data-end=\"64\">Nachhaltigkeitspolitik:<\/strong> F\u00fcr weitere Informationen zu unserem Nachhaltigkeitsprogramm.<br data-start=\"143\" data-end=\"146\" data-is-only-node=\"\" \/><strong data-start=\"146\" data-end=\"167\">Barrierefreiheit:<\/strong> F\u00fcr weitere Informationen zur Barrierefreiheit kontaktieren Sie uns bitte unter <a data-start=\"248\" data-end=\"269\" class=\"decorated-link cursor-pointer\" rel=\"noopener\">info@aquilahotels.com<span aria-hidden=\"true\" class=\"ms-0.5 inline-block align-middle leading-none\"><\/span><\/a>\u00a0<\/li>\n<\/ul>\n<p>[\/et_pb_text][\/et_pb_column][\/et_pb_row][et_pb_row custom_padding_last_edited=&#8220;on|tablet&#8220; _builder_version=&#8220;4.27.0&#8243; _module_preset=&#8220;default&#8220; width_tablet=&#8220;&#8220; width_phone=&#8220;90%&#8220; width_last_edited=&#8220;on|phone&#8220; custom_margin=&#8220;0px||0px||false|false&#8220; custom_padding=&#8220;60px||0px||false|false&#8220; custom_padding_tablet=&#8220;0px||0px||false|false&#8220; custom_padding_phone=&#8220;0px||0px||false|false&#8220; global_colors_info=&#8220;{}&#8220;][et_pb_column type=&#8220;4_4&#8243; _builder_version=&#8220;4.27.0&#8243; _module_preset=&#8220;default&#8220; global_colors_info=&#8220;{}&#8220;][et_pb_text module_class=&#8220;mainTitleHome&#8220; _builder_version=&#8220;4.27.4&#8243; _module_preset=&#8220;default&#8220; text_font=&#8220;|||on|||||&#8220; text_text_color=&#8220;#313131&#8243; text_line_height=&#8220;1.2em&#8220; custom_margin=&#8220;0px|0px|0px|0px|false|false&#8220; custom_margin_tablet=&#8220;120px|0px|5px|0px|false|false&#8220; custom_margin_phone=&#8220;20px|0px|5px|0px|false|false&#8220; custom_margin_last_edited=&#8220;on|phone&#8220; custom_padding=&#8220;0px|0px|0px|0px|false|false&#8220; locked=&#8220;off&#8220; global_colors_info=&#8220;{}&#8220;]<\/p>\n<p><strong>N\u00dcTZLICHE INFORMATIONEN<\/strong><\/p>\n<p>[\/et_pb_text][et_pb_text _builder_version=&#8220;4.27.4&#8243; _module_preset=&#8220;default&#8220; custom_margin=&#8220;10px||||false|false&#8220; global_colors_info=&#8220;{}&#8220;]<\/p>\n<ul>\n<li>Zeitzone: Von M\u00e4rz bis Mitte Oktober: Osteurop\u00e4ische Zeit (EET) &#8211; GMT+2. Von Mitte Oktober bis M\u00e4rz: Osteurop\u00e4ische Sommerzeit (EEST) &#8211; GMT+3 (Sommerzeit)<\/li>\n<li>Zahlungsw\u00e4hrung: Euro<\/li>\n<li>Akzeptierte Kreditkarten: Visa, Mastercard, Maestro, Diners, AMEX, Union Pay<\/li>\n<li>Die Preise verstehen sich pro Zimmer, pro Nacht, inklusive Mehrwertsteuer.<\/li>\n<li>Die Regierung erhebt eine Umweltsteuer in H\u00f6he von EUR 15 pro Unterkunft und pro Nacht.<\/li>\n<li>Bargeldtransaktionen in diesem Haus d\u00fcrfen aufgrund nationaler Vorschriften 500 EUR nicht \u00fcberschreiten.<\/li>\n<li>Parken: Kostenloses Parken und Parkservice. Ein Kinderwagen f\u00fcr den Transport zum\/vom Parkplatz ist verf\u00fcgbar.<\/li>\n<li>Rezeption \/ Concierge<\/li>\n<li>Die Dienstleistungen der Rezeption umfassen: Weckrufe, Nachrichten, Autovermietung\/Ausfl\u00fcge, Informationen \u00fcber Fluggesellschaften, Kreditkarten, Portier.<\/li>\n<li>Medizinische Informationen: Hotelarzt auf Abruf. Medizinische Versorgung (24-Stunden-Rufbereitschaft), Apotheke 4 km entfernt, Krankenhaus 11 km entfernt.<\/li>\n<\/ul>\n<p>[\/et_pb_text][\/et_pb_column][\/et_pb_row][et_pb_row custom_padding_last_edited=&#8220;on|tablet&#8220; _builder_version=&#8220;4.27.0&#8243; _module_preset=&#8220;default&#8220; width_tablet=&#8220;&#8220; width_phone=&#8220;90%&#8220; width_last_edited=&#8220;on|phone&#8220; custom_margin=&#8220;0px||0px||false|false&#8220; custom_padding=&#8220;60px||0px||false|false&#8220; custom_padding_tablet=&#8220;0px||0px||false|false&#8220; custom_padding_phone=&#8220;0px||0px||false|false&#8220; global_colors_info=&#8220;{}&#8220;][et_pb_column type=&#8220;4_4&#8243; _builder_version=&#8220;4.27.0&#8243; _module_preset=&#8220;default&#8220; global_colors_info=&#8220;{}&#8220;][et_pb_text module_class=&#8220;mainTitleHome&#8220; _builder_version=&#8220;4.27.4&#8243; _module_preset=&#8220;default&#8220; text_font=&#8220;|||on|||||&#8220; text_text_color=&#8220;#313131&#8243; text_line_height=&#8220;1.2em&#8220; custom_margin=&#8220;0px|0px|0px|0px|false|false&#8220; custom_margin_tablet=&#8220;120px|0px|5px|0px|false|false&#8220; custom_margin_phone=&#8220;20px|0px|5px|0px|false|false&#8220; custom_margin_last_edited=&#8220;on|phone&#8220; custom_padding=&#8220;0px|0px|0px|0px|false|false&#8220; locked=&#8220;off&#8220; global_colors_info=&#8220;{}&#8220;]<\/p>\n<p><strong>DINING OPTIONEN<\/strong><\/p>\n<p>[\/et_pb_text][et_pb_text _builder_version=&#8220;4.27.4&#8243; _module_preset=&#8220;default&#8220; custom_margin=&#8220;10px||||false|false&#8220; global_colors_info=&#8220;{}&#8220;]<\/p>\n<ul>\n<li>Das Aquila Elounda Village bietet eine Vielzahl von Speisem\u00f6glichkeiten f\u00fcr jede Stimmung und jeden Wunsch: W\u00e4hlen Sie diejenige, die Ihnen am besten gef\u00e4llt!<\/li>\n<li>\u00dcbernachtung und Fr\u00fchst\u00fcck: Beginnen Sie Ihren Tag mit einem k\u00f6stlichen Fr\u00fchst\u00fcck mit frischen, lokalen Zutaten und kretischen Spezialit\u00e4ten.<\/li>\n<li>Halbpension: Genie\u00dfen Sie ein k\u00f6stliches Fr\u00fchst\u00fccks- und Mittags- oder Abendbuffet, das die feinsten kretischen und internationalen Aromen pr\u00e4sentiert.<\/li>\n<li>Premium All Inclusive: G\u00f6nnen Sie sich grenzenlose M\u00f6glichkeiten mit unserem Premium All Inclusive Plan. Genie\u00dfen Sie ganzt\u00e4gige Mahlzeiten, Premium-Getr\u00e4nke und unvergessliche Themenabende.<\/li>\n<\/ul>\n<p><a href=\"\/de\/premium-alles-inklusive\/\"><span style=\"text-decoration: underline;\">Entdecken Sie Premium-All-Inclusive-Vorteile.<\/span><\/a><\/p>\n<p>[\/et_pb_text][\/et_pb_column][\/et_pb_row][\/et_pb_section]<\/p>\n","protected":false},"excerpt":{"rendered":"<p>LERNEN SIE UNSER RESORT KENNENEntdecken Sie, Was Unseren 5-Sterne-Hafen Nur F\u00fcr Erwachsene Zu Einem Ganz Besonderen Ziel F\u00fcr Ihre N\u00e4chste Kreta-Reise MachtHOTEL-ANNEHMLICHKEITEN 237 Zimmer &amp; Suiten 7 Restaurants &amp; Bars Privater Strand mit Sonnenliegen 1 gro\u00dfer Infinity-Pool auf drei Ebenen mit Blick auf die wundersch\u00f6ne Mirabello-Bucht Blue Spa powered by Aegeo Spas, bietet Gesichtsbehandlungen, K\u00f6rperbehandlungen, [&hellip;]<\/p>\n","protected":false},"author":2,"featured_media":0,"parent":0,"menu_order":0,"comment_status":"closed","ping_status":"closed","template":"","meta":{"_et_pb_use_builder":"on","_et_pb_old_content":"","_et_gb_content_width":"","footnotes":""},"class_list":["post-5995","page","type-page","status-publish","hentry"],"_links":{"self":[{"href":"https:\/\/eloundavillage.com\/de\/wp-json\/wp\/v2\/pages\/5995","targetHints":{"allow":["GET"]}}],"collection":[{"href":"https:\/\/eloundavillage.com\/de\/wp-json\/wp\/v2\/pages"}],"about":[{"href":"https:\/\/eloundavillage.com\/de\/wp-json\/wp\/v2\/types\/page"}],"author":[{"embeddable":true,"href":"https:\/\/eloundavillage.com\/de\/wp-json\/wp\/v2\/users\/2"}],"replies":[{"embeddable":true,"href":"https:\/\/eloundavillage.com\/de\/wp-json\/wp\/v2\/comments?post=5995"}],"version-history":[{"count":13,"href":"https:\/\/eloundavillage.com\/de\/wp-json\/wp\/v2\/pages\/5995\/revisions"}],"predecessor-version":[{"id":12066,"href":"https:\/\/eloundavillage.com\/de\/wp-json\/wp\/v2\/pages\/5995\/revisions\/12066"}],"wp:attachment":[{"href":"https:\/\/eloundavillage.com\/de\/wp-json\/wp\/v2\/media?parent=5995"}],"curies":[{"name":"wp","href":"https:\/\/api.w.org\/{rel}","templated":true}]}}