{"id":5970,"date":"2024-05-11T08:11:32","date_gmt":"2024-05-11T08:11:32","guid":{"rendered":"https:\/\/eloundavillage.com\/paare\/"},"modified":"2025-02-17T23:44:59","modified_gmt":"2025-02-17T23:44:59","slug":"paare","status":"publish","type":"page","link":"https:\/\/eloundavillage.com\/de\/paare\/","title":{"rendered":"Paare"},"content":{"rendered":"<p>[et_pb_section fb_built=&#8220;1&#8243; _builder_version=&#8220;4.26.0&#8243; _module_preset=&#8220;default&#8220; background_color=&#8220;#f3eee7&#8243; custom_margin=&#8220;-140px|0px|0px|0px|false|false&#8220; custom_padding=&#8220;0px|0px|0px|0px|false|false&#8220; global_colors_info=&#8220;{}&#8220;][et_pb_row _builder_version=&#8220;4.24.3&#8243; _module_preset=&#8220;default&#8220; width=&#8220;100%&#8220; max_width=&#8220;2560px&#8220; custom_margin=&#8220;0px|0px|0px|0px|false|false&#8220; custom_padding=&#8220;0px|0px|0px|0px|false|false&#8220; global_colors_info=&#8220;{}&#8220;][et_pb_column type=&#8220;4_4&#8243; _builder_version=&#8220;4.24.3&#8243; _module_preset=&#8220;default&#8220; global_colors_info=&#8220;{}&#8220;][et_pb_slider admin_label=&#8220;Slider&#8220; _builder_version=&#8220;4.26.0&#8243; _module_preset=&#8220;default&#8220; header_text_color=&#8220;#6a453f&#8220; background_color=&#8220;#f3eee7&#8243; custom_padding=&#8220;552px||250px|||&#8220; global_colors_info=&#8220;{}&#8220;][et_pb_slide heading=&#8220;Hotel nur f\u00fcr Erwachsene auf Kreta&#8220; use_bg_overlay=&#8220;off&#8220; use_text_overlay=&#8220;off&#8220; _builder_version=&#8220;4.26.0&#8243; _module_preset=&#8220;default&#8220; header_text_color=&#8220;#FFFFFF&#8220; body_text_color=&#8220;#212121&#8243; background_image=&#8220;https:\/\/eloundavillage.com\/wp-content\/uploads\/2024\/05\/crete-adults-only-elounda-beach-village.jpg&#8220; background_enable_image=&#8220;on&#8220; background_enable_video_mp4=&#8220;off&#8220; background_layout=&#8220;light&#8220; header_text_shadow_style=&#8220;preset3&#8243; global_colors_info=&#8220;{}&#8220; sticky_transition=&#8220;on&#8220;]<\/p>\n<nav aria-label=\"breadcrumbs\">\n            <div class=\"breadcrumb-container theme2\">\n                <ol>\n                    <li><a title=\"Home\" href=\"#\"><span>Home<\/span><\/a><span class=\"separator\">|<\/span><\/li>\n                    <\/ol>\n            <\/div>\n        <\/nav>    <script type=\"application\/ld+json\">\n        {\n            \"@context\": \"http:\/\/schema.org\",\n            \"@type\": \"BreadcrumbList\",\n            \"itemListElement\": [\n                 {\n                            \"@type\": \"ListItem\",\n                            \"position\": 1,\n                            \"item\": {\n                                \"@id\": \"#\",\n                                \"name\": \"Home\"\n                            }\n                        }\n                                                    ]\n        }\n    <\/script>\n   \n    <script>\n            <\/script>\n\n<p>[\/et_pb_slide][\/et_pb_slider][\/et_pb_column][\/et_pb_row][et_pb_row _builder_version=&#8220;4.24.3&#8243; _module_preset=&#8220;default&#8220; custom_padding=&#8220;0px|||||&#8220; global_colors_info=&#8220;{}&#8220;][et_pb_column type=&#8220;4_4&#8243; _builder_version=&#8220;4.24.2&#8243; _module_preset=&#8220;default&#8220; global_colors_info=&#8220;{}&#8220;][et_pb_text module_class=&#8220;pretitleHome&#8220; _builder_version=&#8220;4.24.3&#8243; _module_preset=&#8220;default&#8220; text_text_color=&#8220;#313131&#8243; min_height=&#8220;31.8px&#8220; custom_margin=&#8220;60px||0px||false|false&#8220; global_colors_info=&#8220;{}&#8220;]<\/p>\n<p style=\"text-align: center;\">HOTEL NUR F\u00dcR ERWACHSENE<\/p>\n<p>[\/et_pb_text][et_pb_text module_class=&#8220;mainTitleHome&#8220; _builder_version=&#8220;4.24.3&#8243; _module_preset=&#8220;default&#8220; text_text_color=&#8220;#313131&#8243; min_height=&#8220;43.8px&#8220; global_colors_info=&#8220;{}&#8220;]<\/p>\n<p style=\"text-align: center;\">Gelassenheit &amp; Luxus<\/p>\n<p>[\/et_pb_text][\/et_pb_column][\/et_pb_row][et_pb_row _builder_version=&#8220;4.24.2&#8243; _module_preset=&#8220;default&#8220; global_colors_info=&#8220;{}&#8220;][et_pb_column type=&#8220;4_4&#8243; _builder_version=&#8220;4.24.2&#8243; _module_preset=&#8220;default&#8220; global_colors_info=&#8220;{}&#8220;][et_pb_text module_class=&#8220;mainTextWeight&#8220; _builder_version=&#8220;4.24.3&#8243; _module_preset=&#8220;default&#8220; text_line_height=&#8220;1.8em&#8220; global_colors_info=&#8220;{}&#8220;]<\/p>\n<p>Das an den malerischen Ufern der Bucht von Elounda auf Kreta gelegene Hotel Elounda Village ist ein Paradies f\u00fcr alle, die Ruhe und Luxus gleicherma\u00dfen suchen. Inmitten \u00fcppiger G\u00e4rten und mit Blick auf das schimmernde \u00c4g\u00e4ische Meer bietet dieser exklusive R\u00fcckzugsort eine Mischung aus raffinierter Eleganz und herzlicher Gastfreundschaft. Mit seinem abgeschiedenen Ambiente und seiner ruhigen Atmosph\u00e4re ist das Elounda Village ein idyllischer Zufluchtsort f\u00fcr Paare und Erwachsene, die eine romantische Auszeit oder eine friedliche Erholung vom Stress des Alltags suchen.  <\/p>\n<p>[\/et_pb_text][\/et_pb_column][\/et_pb_row][et_pb_row column_structure=&#8220;1_3,2_3&#8243; _builder_version=&#8220;4.24.3&#8243; _module_preset=&#8220;default&#8220; width=&#8220;100%&#8220; max_width=&#8220;2560px&#8220; custom_margin=&#8220;0px|0px|0px|0px|false|false&#8220; custom_padding=&#8220;0px|0px||0px|false|false&#8220; global_colors_info=&#8220;{}&#8220;][et_pb_column type=&#8220;1_3&#8243; _builder_version=&#8220;4.24.3&#8243; _module_preset=&#8220;default&#8220; custom_padding=&#8220;||||false|false&#8220; global_colors_info=&#8220;{}&#8220;][et_pb_text module_class=&#8220;et_pb_slide_titleDifference&#8220; _builder_version=&#8220;4.24.3&#8243; _module_preset=&#8220;default&#8220; text_text_color=&#8220;#313131&#8243; text_font_size=&#8220;36px&#8220; text_letter_spacing=&#8220;1px&#8220; text_line_height=&#8220;1.5em&#8220; custom_margin=&#8220;120px||||false|false&#8220; custom_padding=&#8220;|10%||10%|false|false&#8220; global_colors_info=&#8220;{}&#8220;]<\/p>\n<p><span data-metadata=\"&lt;encoded_tag_open \/&gt;!--(figmeta)eyJmaWxlS2V5Ijoib2J5NW1qSk5ZYUNrUmc0MzFoWVlXSSIsInBhc3RlSUQiOjMxMDQ4OTE2OCwiZGF0YVR5cGUiOiJzY2VuZSJ9Cg==(\/figmeta)--&lt;encoded_tag_closed \/&gt;\"><\/span>Mit dem Horizont verschmelzen<\/p>\n<p>[\/et_pb_text][et_pb_text module_class=&#8220;mainTextWeight&#8220; _builder_version=&#8220;4.24.3&#8243; _module_preset=&#8220;default&#8220; text_line_height=&#8220;1.8em&#8220; custom_padding=&#8220;|10%||10%|false|false&#8220; global_colors_info=&#8220;{}&#8220;]<\/p>\n<p>Einer der H\u00f6hepunkte des Elounda Village sind seine exquisiten Pools, an denen sich die G\u00e4ste in der mediterranen Sonne sonnen k\u00f6nnen, w\u00e4hrend sie die atemberaubende Aussicht auf die umliegende Landschaft genie\u00dfen. Ob Sie sich am Infinity-Pool entspannen, der nahtlos mit dem Horizont zu verschmelzen scheint, oder ein erfrischendes Bad in einer der privaten Pool-Suiten nehmen, die G\u00e4ste werden mit einem luxuri\u00f6sen Erlebnis verw\u00f6hnt, das Entspannung und Genuss verk\u00f6rpert. Umgeben von sich wiegenden Palmen und gr\u00fcnen G\u00e4rten bieten die Pools eine abgeschiedene Oase, in der die G\u00e4ste stilvoll entspannen und die Sch\u00f6nheit der Umgebung genie\u00dfen k\u00f6nnen.  <\/p>\n<p>[\/et_pb_text][\/et_pb_column][et_pb_column type=&#8220;2_3&#8243; _builder_version=&#8220;4.24.2&#8243; _module_preset=&#8220;default&#8220; global_colors_info=&#8220;{}&#8220;][et_pb_image src=&#8220;https:\/\/eloundavillage.com\/wp-content\/uploads\/2024\/05\/infinity-pool-crete.jpg&#8220; title_text=&#8220;Unendlicher-Pool-Beton&#8220; _builder_version=&#8220;4.24.3&#8243; _module_preset=&#8220;default&#8220; scroll_vertical_motion_enable=&#8220;on&#8220; scroll_vertical_motion=&#8220;0|70|70|100|4|0|-4&#8243; global_colors_info=&#8220;{}&#8220;][\/et_pb_image][\/et_pb_column][\/et_pb_row][et_pb_row column_structure=&#8220;2_3,1_3&#8243; _builder_version=&#8220;4.24.3&#8243; _module_preset=&#8220;default&#8220; width=&#8220;100%&#8220; max_width=&#8220;2560px&#8220; custom_padding=&#8220;0px||100px|||&#8220; global_colors_info=&#8220;{}&#8220;][et_pb_column type=&#8220;2_3&#8243; _builder_version=&#8220;4.24.2&#8243; _module_preset=&#8220;default&#8220; global_colors_info=&#8220;{}&#8220;][et_pb_image src=&#8220;https:\/\/eloundavillage.com\/wp-content\/uploads\/2024\/05\/dinning-for-two-with-sea-view.jpg&#8220; title_text=&#8220;Essen-f\u00fcr-zwei-mit-See-Blick&#8220; _builder_version=&#8220;4.24.3&#8243; _module_preset=&#8220;default&#8220; scroll_vertical_motion_enable=&#8220;on&#8220; scroll_vertical_motion=&#8220;0|70|70|100|4|0|-4&#8243; global_colors_info=&#8220;{}&#8220;][\/et_pb_image][\/et_pb_column][et_pb_column type=&#8220;1_3&#8243; _builder_version=&#8220;4.24.3&#8243; _module_preset=&#8220;default&#8220; custom_padding=&#8220;||||false|false&#8220; global_colors_info=&#8220;{}&#8220;][et_pb_text module_class=&#8220;et_pb_slide_titleDifference&#8220; _builder_version=&#8220;4.24.3&#8243; _module_preset=&#8220;default&#8220; text_text_color=&#8220;#313131&#8243; text_font_size=&#8220;36px&#8220; text_letter_spacing=&#8220;1px&#8220; text_line_height=&#8220;1.5em&#8220; custom_margin=&#8220;120px||||false|false&#8220; custom_padding=&#8220;|10%||10%|false|false&#8220; global_colors_info=&#8220;{}&#8220;]<\/p>\n<p><span data-metadata=\"&lt;encoded_tag_open \/&gt;!--(figmeta)eyJmaWxlS2V5Ijoib2J5NW1qSk5ZYUNrUmc0MzFoWVlXSSIsInBhc3RlSUQiOjMxMDQ4OTE2OCwiZGF0YVR5cGUiOiJzY2VuZSJ9Cg==(\/figmeta)--&lt;encoded_tag_closed \/&gt;\"><\/span>Gourmet-Dinner-Erlebnisse<\/p>\n<p>[\/et_pb_text][et_pb_text module_class=&#8220;mainTextWeight&#8220; _builder_version=&#8220;4.24.3&#8243; _module_preset=&#8220;default&#8220; text_line_height=&#8220;1.8em&#8220; custom_padding=&#8220;|10%||10%|false|false&#8220; global_colors_info=&#8220;{}&#8220;]<\/p>\n<p>Neben den atemberaubenden Pools und der bezaubernden Landschaft ist das Elounda Village auch f\u00fcr sein au\u00dfergew\u00f6hnliches kulinarisches Angebot bekannt. Die Restaurants des Resorts verw\u00f6hnen Ihren Gaumen mit einer k\u00f6stlichen Auswahl an mediterran inspirierten Gerichten, die aus den frischesten Zutaten der Region zubereitet werden &#8211; von Gourmetgerichten bis hin zu legeren Speisen im Freien. Ob bei einem romantischen Abendessen bei Kerzenschein mit Blick auf die Bucht oder bei einem gem\u00fctlichen Mittagessen am Pool, die G\u00e4ste werden mit einer kulinarischen Reise verw\u00f6hnt, die die reichen Aromen und Traditionen Kretas widerspiegelt. Mit seiner unvergleichlichen Mischung aus Luxus, nat\u00fcrlicher Sch\u00f6nheit und kulinarischer Exzellenz verspricht das Elounda Village einen unvergesslichen Aufenthalt f\u00fcr anspruchsvolle Reisende, die einen R\u00fcckzugsort nur f\u00fcr Erwachsene im Herzen des Paradieses suchen.   <\/p>\n<p>[\/et_pb_text][\/et_pb_column][\/et_pb_row][\/et_pb_section]<\/p>\n","protected":false},"excerpt":{"rendered":"<p><nav aria-label=\"breadcrumbs\">\n            <div class=\"breadcrumb-container theme2\">\n                <ol>\n                    <li><a title=\"Home\" href=\"#\"><span>Home<\/span><\/a><span class=\"separator\">|<\/span><\/li>\n                    <\/ol>\n            <\/div>\n        <\/nav>    <script type=\"application\/ld+json\">\n        {\n            \"@context\": \"http:\/\/schema.org\",\n            \"@type\": \"BreadcrumbList\",\n            \"itemListElement\": [\n                 {\n                            \"@type\": \"ListItem\",\n                            \"position\": 1,\n                            \"item\": {\n                                \"@id\": \"#\",\n                                \"name\": \"Home\"\n                            }\n                        }\n                                                    ]\n        }\n    <\/script>\n   \n    <script>\n            <\/script>\nHOTEL NUR F\u00dcR ERWACHSENEGelassenheit &amp; LuxusDas an den malerischen Ufern der Bucht von Elounda auf Kreta gelegene Hotel Elounda Village ist ein Paradies f\u00fcr alle, die Ruhe und Luxus gleicherma\u00dfen suchen. Inmitten \u00fcppiger G\u00e4rten und mit Blick auf das schimmernde \u00c4g\u00e4ische Meer bietet dieser exklusive R\u00fcckzugsort eine Mischung aus raffinierter Eleganz und herzlicher Gastfreundschaft. Mit [&hellip;]<\/p>\n","protected":false},"author":2,"featured_media":0,"parent":0,"menu_order":0,"comment_status":"closed","ping_status":"closed","template":"","meta":{"_et_pb_use_builder":"on","_et_pb_old_content":"","_et_gb_content_width":"","footnotes":""},"class_list":["post-5970","page","type-page","status-publish","hentry"],"_links":{"self":[{"href":"https:\/\/eloundavillage.com\/de\/wp-json\/wp\/v2\/pages\/5970","targetHints":{"allow":["GET"]}}],"collection":[{"href":"https:\/\/eloundavillage.com\/de\/wp-json\/wp\/v2\/pages"}],"about":[{"href":"https:\/\/eloundavillage.com\/de\/wp-json\/wp\/v2\/types\/page"}],"author":[{"embeddable":true,"href":"https:\/\/eloundavillage.com\/de\/wp-json\/wp\/v2\/users\/2"}],"replies":[{"embeddable":true,"href":"https:\/\/eloundavillage.com\/de\/wp-json\/wp\/v2\/comments?post=5970"}],"version-history":[{"count":11,"href":"https:\/\/eloundavillage.com\/de\/wp-json\/wp\/v2\/pages\/5970\/revisions"}],"predecessor-version":[{"id":7886,"href":"https:\/\/eloundavillage.com\/de\/wp-json\/wp\/v2\/pages\/5970\/revisions\/7886"}],"wp:attachment":[{"href":"https:\/\/eloundavillage.com\/de\/wp-json\/wp\/v2\/media?parent=5970"}],"curies":[{"name":"wp","href":"https:\/\/api.w.org\/{rel}","templated":true}]}}