{"id":5315,"date":"2024-05-11T09:01:01","date_gmt":"2024-05-11T09:01:01","guid":{"rendered":"https:\/\/eloundavillage.com\/cookie-richtlinie\/"},"modified":"2025-02-22T11:03:14","modified_gmt":"2025-02-22T11:03:14","slug":"cookie-richtlinie","status":"publish","type":"page","link":"https:\/\/eloundavillage.com\/de\/cookie-richtlinie\/","title":{"rendered":"Cookie-Richtlinie"},"content":{"rendered":"<p>[et_pb_section fb_built=&#8220;1&#8243; _builder_version=&#8220;4.26.0&#8243; _module_preset=&#8220;default&#8220; background_color=&#8220;#f3eee7&#8243; global_colors_info=&#8220;{}&#8220;][et_pb_row _builder_version=&#8220;4.24.3&#8243; _module_preset=&#8220;default&#8220; width=&#8220;100%&#8220; max_width=&#8220;2560px&#8220; custom_padding=&#8220;41px||0px|||&#8220; locked=&#8220;off&#8220; global_colors_info=&#8220;{}&#8220;][et_pb_column type=&#8220;4_4&#8243; _builder_version=&#8220;4.24.3&#8243; _module_preset=&#8220;default&#8220; global_colors_info=&#8220;{}&#8220;][et_pb_text module_class=&#8220;et_pb_slide_titleDifference&#8220; _builder_version=&#8220;4.26.0&#8243; _module_preset=&#8220;default&#8220; text_text_color=&#8220;#313131&#8243; text_font_size=&#8220;36px&#8220; text_letter_spacing=&#8220;1px&#8220; text_line_height=&#8220;1.5em&#8220; custom_margin=&#8220;-2px||20px||false|false&#8220; global_colors_info=&#8220;{}&#8220;]<\/p>\n<p style=\"text-align: center;\">COOKIE-POLITIK<\/p>\n<p>[\/et_pb_text][\/et_pb_column][\/et_pb_row][et_pb_row _builder_version=&#8220;4.24.3&#8243; _module_preset=&#8220;default&#8220; global_colors_info=&#8220;{}&#8220;][et_pb_column type=&#8220;4_4&#8243; _builder_version=&#8220;4.24.3&#8243; _module_preset=&#8220;default&#8220; global_colors_info=&#8220;{}&#8220;][et_pb_text _builder_version=&#8220;4.24.3&#8243; _module_preset=&#8220;default&#8220; global_colors_info=&#8220;{}&#8220;]<\/p>\n<div class=\"vc_row wpb_row vc_row-fluid\">\n<div class=\"wpb_column vc_column_container vc_col-sm-12\">\n<div class=\"vc_column-inner\">\n<div class=\"wpb_wrapper\">\n<div class=\"klb-section-title\">\n<div class=\"wpb_text_column wpb_content_element \">\n<div class=\"wpb_wrapper\">\n<p><strong>Zusammenfassung<\/strong><\/p>\n<p>Dieses Dokument beschreibt die Cookie-Richtlinie in Bezug auf die Verwendung von Cookies und \u00e4hnlichen Technologien<\/p>\n<p><strong>Geltungsbereich<\/strong><br \/>Alle Websites und\/oder alle mobilen Anwendungen, die von oder im Namen von Aquila Hotels &amp; Resorts und\/oder seinen verbundenen Unternehmen betrieben werden.<\/p>\n<hr>\n<p>&nbsp;<\/p>\n<h1><a name=\"_Toc513547392\"><\/a>Cookie-Richtlinie<\/p>\n<\/h1>\n<p><a name=\"_Toc508705876\"><\/a>Diese Cookie-Richtlinie enth\u00e4lt Informationen \u00fcber die Verwendung von Cookies und \u00e4hnlichen Technologien auf der\/den Website(s) und\/oder mobilen Anwendungen, die von oder im Namen von Aquila Hotels &amp; Resorts (&#8222;wir&#8220; oder &#8222;uns&#8220;) und\/oder seinen verbundenen Unternehmen (&#8222;Website&#8220;) betrieben werden. Wir werden auch beschreiben, welche Optionen Sie in Bezug auf Cookies und \u00e4hnliche Technologien haben k\u00f6nnen. <\/p>\n<p>Diese Cookie-Richtlinie ist Bestandteil der Nutzungsbedingungen der Website und kann von Zeit zu Zeit ge\u00e4ndert werden. Wir empfehlen Ihnen, unsere Cookie-Richtlinie regelm\u00e4\u00dfig zu \u00fcberpr\u00fcfen, um \u00fcber etwaige Aktualisierungen informiert zu sein. Entsprechende Benachrichtigungen \u00fcber wesentliche \u00c4nderungen k\u00f6nnen auch auf unserer Website angezeigt werden. Durch Ihren Besuch auf der Website erkl\u00e4ren Sie sich mit allen \u00c4nderungen dieser Richtlinie einverstanden.   <\/p>\n<p>In einigen F\u00e4llen k\u00f6nnen wir Tracking-Technologien verwenden, um Informationen zu sammeln, die pers\u00f6nlich identifizierbar sind oder die pers\u00f6nlich identifizierbar werden k\u00f6nnen, wenn wir sie mit anderen Informationen kombinieren. In solchen F\u00e4llen gilt zus\u00e4tzlich zu dieser Cookie-Richtlinie unsere Datenschutzrichtlinie. <\/p>\n<p>&nbsp;<\/p>\n<hr>\n<p>&nbsp;<\/p>\n<h1><a name=\"_Toc513547393\"><\/a>Was sind Cookies<\/p>\n<\/h1>\n<p>Cookies sind kleine Textdateien, die in der Regel aus Buchstaben und Zahlen bestehen und von einem Website-Server auf Ihrem Ger\u00e4t gespeichert werden.<\/p>\n<p>Cookies werden in &#8222;<strong>Session Cookies<\/strong>&#8220; und &#8222;<strong>Persistent Cookies<\/strong>&#8220; unterschieden, je nachdem, wie lange sie auf Ihrem Ger\u00e4t gespeichert bleiben. &#8222;Sitzungs-Cookies&#8220; werden auf Ihrem Ger\u00e4t gespeichert, wenn Sie eine Website besuchen, und werden automatisch gel\u00f6scht, nachdem Sie Ihren Browser geschlossen haben. &#8222;Dauerhafte Cookies&#8220; werden auf Ihrem Ger\u00e4t gespeichert, wenn Sie eine Website besuchen, und bleiben auch nach dem Schlie\u00dfen Ihres Browsers gespeichert. Dauerhafte Cookies werden automatisch wieder aktiviert, wenn Sie Ihren Browser \u00f6ffnen und im Internet surfen.   <\/p>\n<p><strong> <\/strong><\/p>\n<p><strong>Cookies von Erst- und Drittanbietern<\/strong> &#8211; Ob ein Cookie von einem Erst- oder Drittanbieter stammt, h\u00e4ngt von der Website oder Domain ab, die das Cookie setzt. Cookies von Erstanbietern sind grunds\u00e4tzlich Cookies, die von einer vom Benutzer besuchten Website gesetzt werden &#8211; der Website, die im URL-Fenster angezeigt wird. Cookies von Drittanbietern sind Cookies, die von einer anderen Domain als der vom Benutzer besuchten gesetzt werden. Wenn ein Benutzer eine Website besucht und ein anderes Unternehmen \u00fcber diese Website ein Cookie setzt, handelt es sich um ein Drittanbieter-Cookie.   <\/p>\n<p>&nbsp;<\/p>\n<hr>\n<p>&nbsp;<\/p>\n<h1><a name=\"_Toc513547394\"><\/a>Warum verwenden wir Cookies?<\/p>\n<\/h1>\n<p>Wir verwenden Cookies, um Ihnen das bestm\u00f6gliche Surferlebnis zu bieten. Bestimmte Cookies sind technisch notwendig, damit die Website ordnungsgem\u00e4\u00df funktioniert. Andere Cookies werden f\u00fcr Funktionen wie Werbung, die Erstellung von Statistiken (z.B. wie viele Besucher bestimmte Seiten auf unserer Website ansehen oder unsere Werbung beim Besuch anderer Websites erhalten) und zur Erleichterung Ihrer Interaktion mit sozialen Netzwerken verwendet.  <\/p>\n<p>Wir und\/oder Dritte, die in unserem Namen Dienstleistungen erbringen, teilen Cookies in die folgenden Kategorien ein. Sie k\u00f6nnen jede Cookie-Kategorie (mit Ausnahme der unbedingt notwendigen Cookies) jederzeit ablehnen. <\/p>\n<p>&nbsp;<\/p>\n<hr>\n<p>&nbsp;<\/p>\n<h2><a name=\"_Toc513547395\"><\/a>Streng Notwendige Cookies<\/p>\n<\/h2>\n<p>Diese Cookies sind absolut notwendig, um Ihnen die gew\u00fcnschten Dienste \u00fcber die Website anbieten zu k\u00f6nnen. Sie sind unerl\u00e4sslich, damit Sie unsere Website besuchen und ihre Funktionen richtig nutzen k\u00f6nnen. Grundlegende Funktionen wie die folgenden h\u00e4ngen von diesen wichtigen Cookies ab:  <\/p>\n<ul>\n<li>bei unserer Website eingeloggt zu bleiben;<\/li>\n<li>die Erinnerung an alle pers\u00f6nlichen Daten, die Sie auf der Website bei Transaktionen \u00fcber unsere Website eingeben;<\/li>\n<li>die Sicherheit der angeforderten Transaktionen zu gew\u00e4hrleisten, indem wir Sie auf Zahlungsanwendungen von Websites Dritter weiterleiten und Sie auf die Website umleiten, um Ihre Transaktion abzuschlie\u00dfen;<\/li>\n<li>Ihnen helfen, Informationen \u00fcber Ihre Transaktion abzurufen, sobald diese abgeschlossen ist; und<\/li>\n<li>im Allgemeinen die Bereitstellung von Dienstleistungen und Informationen f\u00fcr Sie auf Ihre Anfrage.<\/li>\n<\/ul>\n<p>&nbsp;<\/p>\n<hr>\n<p>&nbsp;<\/p>\n<h2><a name=\"_Toc513547396\"><\/a>Performance Cookies<\/p>\n<\/h2>\n<p>Diese Cookies sammeln Informationen dar\u00fcber, wie Benutzer die Website nutzen, damit wir unsere Website und das Besuchererlebnis aktualisieren und verbessern k\u00f6nnen. Diese Cookies sammeln keine Informationen, die einen Besucher identifizieren. Solche Cookies sammeln Informationen in Bezug auf:  <\/p>\n<ul>\n<li>Seiten, die Benutzer h\u00e4ufiger besuchen;<\/li>\n<li>Produkte und Dienstleistungen, die von gr\u00f6\u00dferem Interesse sind;<\/li>\n<li>Werbung oder Angebote, die Nutzer angesehen haben;<\/li>\n<li>Links, denen die Benutzer gefolgt sind;<\/li>\n<li>Fehlermeldungen, die Benutzer beim Surfen auf der Website erhalten k\u00f6nnen, usw.<\/li>\n<\/ul>\n<p>&nbsp;<\/p>\n<hr>\n<p>&nbsp;<\/p>\n<h2><a name=\"_Toc513547397\"><\/a>Funktionalit\u00e4t Cookies<\/p>\n<\/h2>\n<p>Diese Cookies erm\u00f6glichen es uns, unsere Inhalte f\u00fcr Sie zu personalisieren, Sie mit Ihrem Namen zu begr\u00fc\u00dfen und Ihre Pr\u00e4ferenzen zu speichern (z.B. Ihre Wahl der Sprache oder Region). Wenn Sie sich daf\u00fcr entscheiden, diese Funktions-Cookies zu l\u00f6schen\/zu deaktivieren, werden die von Ihnen gew\u00e4hlten Pr\u00e4ferenzen\/Einstellungen bei sp\u00e4teren Besuchen unserer Website nicht mehr gespeichert. <\/p>\n<p>&nbsp;<\/p>\n<hr>\n<p>&nbsp;<\/p>\n<h2><a name=\"_Toc513547398\"><\/a>Zielgerichtete Cookies\/Werbung<\/p>\n<\/h2>\n<p>Diese Cookies zeichnen Ihre Online-Aktivit\u00e4ten auf, einschlie\u00dflich Ihrer Besuche auf unserer Website, der Seiten, die Sie besucht haben, und der Links und Anzeigen, die Sie angeklickt haben. Dies dient zum einen dazu, die auf unserer Website angezeigten Inhalte f\u00fcr Sie relevanter zu machen. Ein weiterer Zweck ist es, Ihnen Werbung oder andere Mitteilungen zukommen zu lassen, die auf Ihre offensichtlichen Interessen abgestimmt sind. An der Bereitstellung von interessenbezogener Werbung k\u00f6nnen wir, unsere Dienstleister und Partner wie Verlage, Datenmanagement-Plattformen und Demand-Side-Plattformen beteiligt sein. Wenn Sie sich beispielsweise eine Seite auf einer unserer Websites ansehen, k\u00f6nnen wir veranlassen, dass Ihnen auf unserer Website oder auf anderen Websites eine Werbung f\u00fcr Produkte, auf die auf dieser Seite verwiesen wird, oder f\u00fcr \u00e4hnliche Produkte und Dienstleistungen angezeigt wird. Wir und unsere Dienstleister und Partner k\u00f6nnen auch andere Daten an die von diesen Cookies gesammelten Informationen anh\u00e4ngen, einschlie\u00dflich Informationen, die wir von Dritten erhalten haben, und diese Informationen mit Dritten teilen, um Ihnen Werbung zu liefern.     <\/p>\n<hr>\n<p>&nbsp;<\/p>\n<h2><a name=\"_Toc513547399\"><\/a>Cookies von Dritten<\/p>\n<\/h2>\n<p>Um Ihnen interessantere Inhalte zu bieten und Sie bei der Interaktion mit Ihren Konten in den sozialen Medien zu unterst\u00fctzen, kann die Website Inhalte und Dienste Dritter (z. B. &#8222;Plugins&#8220; von Facebook, Twitter, YouTube, Instagram, Pinterest usw.) oder Links zu Websites Dritter einbeziehen. Wenn Sie auf solche Links und\/oder Websites Dritter zugreifen, unterliegen Sie den Cookie-Richtlinien dieser Dritten. In diesem Fall handeln Sie auf eigene Verantwortung, und wir tragen keinerlei Verantwortung f\u00fcr Probleme, die sich aus der Speicherung von Cookies auf Ihrem Ger\u00e4t durch solche Websites Dritter ergeben.  <\/p>\n<p>[Option 1:]  Eine detaillierte Liste finden Sie unter http:\/\/cookiepedia.co.uk\/website\/aquilahotels.com<\/p>\n<p>[Option 2:]  Nachstehend finden Sie eine detaillierte Liste der Cookies, die wir auf unserer Website verwenden. Verwenden Sie <\/p>\n<p>[http:\/\/cookiepedia .co.uk\/website\/aquilahotels.com]  um die Liste zu erhalten<\/p>\n<p>&nbsp;<\/p>\n<hr>\n<p>&nbsp;<\/p>\n<h1><a name=\"_Toc513547400\"><\/a>Wie man Cookies kontrolliert<\/p>\n<\/h1>\n<p>Die meisten Webbrowser akzeptieren Cookies automatisch, bieten aber Kontrollm\u00f6glichkeiten, mit denen Sie sie blockieren oder l\u00f6schen k\u00f6nnen. Sie haben die M\u00f6glichkeit, die Speicherung von Cookies auf Ihrem Ger\u00e4t zu aktivieren oder zu deaktivieren, indem Sie die Einstellungen Ihres Browsers jederzeit \u00e4ndern. Sie k\u00f6nnen Ihren Browser auch so einstellen, dass Sie informiert werden, bevor ein Cookie auf Ihrem Ger\u00e4t gespeichert wird, oder den Anweisungen Ihres Browsers folgen, um bereits gespeicherte Cookies zu l\u00f6schen. Wenn Sie verschiedene Ger\u00e4te verwenden, m\u00fcssen Sie Ihre bevorzugten Browsereinstellungen in Bezug auf Cookies auf jedem Ihrer Ger\u00e4te anpassen.   <\/p>\n<p>Wenn Sie sich daf\u00fcr entscheiden, alle Cookies zu deaktivieren, k\u00f6nnen Sie m\u00f6glicherweise die interaktiven Funktionen unserer Website nicht in vollem Umfang nutzen oder unsere Dienste \u00fcber unsere Website nicht in Anspruch nehmen.<\/p>\n<p>Das L\u00f6schen von Cookies l\u00f6scht keine Flash-Objekte. Auf der Adobe-Website erfahren Sie mehr \u00fcber Flash-Objekte und wie Sie sie kontrollieren und deaktivieren k\u00f6nnen. Weitere Informationen \u00fcber Cookies und \u00e4hnliche Technologien, die auf verschiedenen Websites verwendet werden, finden Sie \u00fcber Ihren Browser oder andere Internetquellen.  <\/p>\n<p>Um Cookies \u00fcber Ihren Browser zu verwalten, klicken Sie auf die folgenden Links, um zu den Anweisungen Ihres Browsers weitergeleitet zu werden:<\/p>\n<p><a href=\"https:\/\/support.microsoft.com\/en-us\/help\/17442\/windows-internet-explorer-delete-manage-cookies\">Microsoft Windows Explorer<\/a><\/p>\n<p><a href=\"https:\/\/support.mozilla.org\/en-US\/kb\/enable-and-disable-cookies-website-preferences\">Mozilla Firefox<\/a><\/p>\n<p><a href=\"https:\/\/support.google.com\/chrome\/answer\/95647?co=GENIE.Platform%3DDesktop&amp;hl=en\">Google Chrome<\/a><\/p>\n<p><a href=\"https:\/\/support.apple.com\/kb\/ph19214?locale=en_US\">Apple Safari<\/a><\/p>\n<p>Sie k\u00f6nnen mehr \u00fcber Cookies und die folgenden Websites Dritter erfahren:<\/p>\n<ul>\n<li>AllAboutCookies: <a href=\"http:\/\/www.allaboutcookies.org\/\">http:\/\/www.allaboutcookies.org\/<\/a><\/li>\n<li>Cookiepedia: <a href=\"http:\/\/cookiepedia.co.uk\/\">http:\/\/cookiepedia.co.uk\/<\/a><\/li>\n<\/ul>\n<p>&nbsp;<\/p>\n<hr>\n<p>&nbsp;<\/p>\n<h1><a name=\"_Toc513547401\"><\/a>Was sind \u00e4hnliche Technologien?<\/p>\n<\/h1>\n<p>Pixel Tags, Web Beacons, eingebettete Skripte und Clear GIFs (Graphics Interchange Format) sind winzige Dateien, die zur \u00dcberwachung der Navigation auf einer Website verwendet werden und zusammen mit Cookies eingesetzt werden k\u00f6nnen. Flash-Objekte (Local Shared Objects) sind kleine Dateien, die von einer Website, die die Flash-Player-Technologie von Adobe verwendet, auf Ihrem Ger\u00e4t gespeichert werden. <\/p>\n<p><strong> <\/strong><\/p>\n<p><strong>Web-Beacons und eingebettete Skripte<\/strong><\/p>\n<p>Web Beacons und eingebettete Skripte sind weitere Technologien, die wir auf unseren Websites sowie in einigen unserer E-Mails und Anzeigen verwenden.<\/p>\n<p>Web Beacons (oder &#8222;Tags&#8220;) sind Programmiercodes, die in Webseiten, E-Mails und Anzeigen enthalten sind und uns und\/oder Dritte, die in unserem Namen Dienstleistungen erbringen, benachrichtigen, wenn diese Webseiten, E-Mails oder Anzeigen angesehen oder angeklickt wurden.<\/p>\n<p>Eingebettete Skripte sind Teile des Programmiercodes auf einigen unserer Webseiten, die messen, wie Sie diese Webseiten nutzen, z. B. welche Links Sie anklicken. Wir verwenden diese Informationen, um unsere Websites zu verbessern, unsere Website auf Ihre wahrscheinlichen Interessen abzustimmen und Marktforschung zu betreiben. Sie k\u00f6nnen Skriptfunktionen wie JavaScript in Ihrem Browser deaktivieren (siehe die Hilfefunktion Ihres Browsers). Beachten Sie, dass unsere Website m\u00f6glicherweise nicht richtig funktioniert, wenn Sie die Skriptfunktionalit\u00e4t deaktivieren.   <\/p>\n<hr>\n<p>&nbsp;<\/p>\n<h1><a name=\"_Toc513547402\"><\/a>Datenschutz<\/p>\n<\/h1>\n<p>Wir verpflichten uns zu guten Datenschutzpraktiken. Weitere Informationen \u00fcber unseren Ansatz zum Datenschutz finden Sie in unserer Datenschutzrichtlinie. <\/p>\n<hr>\n<p>&nbsp;<\/p>\n<h1><a name=\"_Toc513547403\"><\/a>Wie Sie uns kontaktieren k\u00f6nnen<\/p>\n<\/h1>\n<p>Wenn Sie Fragen dazu haben, wie wir Cookies verwenden, k\u00f6nnen Sie uns \u00fcber die unten stehenden Informationen kontaktieren. Bitte geben Sie Ihre Kontaktdaten an und beschreiben Sie genau, was Sie an den Cookies st\u00f6rt. <\/p>\n<div class=\"wpb_text_column wpb_content_element \">\n<div class=\"wpb_wrapper\">\n<p class=\"mainTextConteiner\"><strong>Hauptgesch\u00e4ftsstelle<\/strong><br \/>340,Kifisias ave.15451, N.Psychiko, Athen Griechenland<br \/>Tel.:+30-210-6773356 FAX.:+30210-6773358<br \/>e-mail :<strong> info@aquilahotels.com<\/strong><\/p>\n<\/div>\n<\/div>\n<p>Dieser Hinweis aktualisiert und ersetzt fr\u00fchere Versionen. Wir k\u00f6nnen diesen Hinweis jederzeit \u00e4ndern. Im Abschnitt &#8222;LETZTE AKTUALISIERUNG&#8220; am Ende dieser Seite ist aufgef\u00fchrt, wann dieser Hinweis zuletzt \u00fcberarbeitet wurde. Alle \u00c4nderungen an diesem Hinweis werden wirksam, wenn wir den \u00fcberarbeiteten Hinweis auf oder \u00fcber die Websites zur Verf\u00fcgung stellen. LETZTE AKTUALISIERUNG: Mai 24, 2018    <\/p>\n<hr>\n<p>&nbsp;<\/p>\n<h1><a name=\"_Toc513547404\"><\/a><a name=\"_Toc450566028\"><\/a>Dokument Revision<\/p>\n<\/h1>\n<p>Dieses Dokument wird in regelm\u00e4\u00dfigen Abst\u00e4nden \u00fcberpr\u00fcft und gegebenenfalls vom Datenschutzbeauftragten gem\u00e4\u00df der Datenschutzrichtlinie \u00fcberarbeitet.<\/p>\n<\/div>\n<\/div>\n<\/div>\n<\/div>\n<\/div>\n<\/div>\n<\/div>\n<div class=\"container\">\n<div class=\"vc_row wpb_row vc_row-fluid\"><\/div>\n<\/div>\n<p>[\/et_pb_text][\/et_pb_column][\/et_pb_row][\/et_pb_section]<\/p>\n","protected":false},"excerpt":{"rendered":"<p>COOKIE-POLITIK Zusammenfassung Dieses Dokument beschreibt die Cookie-Richtlinie in Bezug auf die Verwendung von Cookies und \u00e4hnlichen Technologien GeltungsbereichAlle Websites und\/oder alle mobilen Anwendungen, die von oder im Namen von Aquila Hotels &amp; Resorts und\/oder seinen verbundenen Unternehmen betrieben werden. &nbsp; Cookie-Richtlinie Diese Cookie-Richtlinie enth\u00e4lt Informationen \u00fcber die Verwendung von Cookies und \u00e4hnlichen Technologien auf der\/den [&hellip;]<\/p>\n","protected":false},"author":2,"featured_media":0,"parent":0,"menu_order":0,"comment_status":"closed","ping_status":"closed","template":"","meta":{"_et_pb_use_builder":"on","_et_pb_old_content":"","_et_gb_content_width":"","footnotes":""},"class_list":["post-5315","page","type-page","status-publish","hentry"],"_links":{"self":[{"href":"https:\/\/eloundavillage.com\/de\/wp-json\/wp\/v2\/pages\/5315","targetHints":{"allow":["GET"]}}],"collection":[{"href":"https:\/\/eloundavillage.com\/de\/wp-json\/wp\/v2\/pages"}],"about":[{"href":"https:\/\/eloundavillage.com\/de\/wp-json\/wp\/v2\/types\/page"}],"author":[{"embeddable":true,"href":"https:\/\/eloundavillage.com\/de\/wp-json\/wp\/v2\/users\/2"}],"replies":[{"embeddable":true,"href":"https:\/\/eloundavillage.com\/de\/wp-json\/wp\/v2\/comments?post=5315"}],"version-history":[{"count":9,"href":"https:\/\/eloundavillage.com\/de\/wp-json\/wp\/v2\/pages\/5315\/revisions"}],"predecessor-version":[{"id":8597,"href":"https:\/\/eloundavillage.com\/de\/wp-json\/wp\/v2\/pages\/5315\/revisions\/8597"}],"wp:attachment":[{"href":"https:\/\/eloundavillage.com\/de\/wp-json\/wp\/v2\/media?parent=5315"}],"curies":[{"name":"wp","href":"https:\/\/api.w.org\/{rel}","templated":true}]}}