{"id":5276,"date":"2024-05-11T08:52:10","date_gmt":"2024-05-11T08:52:10","guid":{"rendered":"https:\/\/eloundavillage.com\/deep-blue-deluxe-bungalow-am-wasser-mit-pool\/"},"modified":"2025-02-22T11:04:00","modified_gmt":"2025-02-22T11:04:00","slug":"deep-blue-deluxe-bungalow-am-wasser-mit-pool","status":"publish","type":"page","link":"https:\/\/eloundavillage.com\/de\/deep-blue-deluxe-bungalow-am-wasser-mit-pool\/","title":{"rendered":"DEEP BLUE DELUXE BUNGALOW AM WASSER MIT POOL"},"content":{"rendered":"<p>[et_pb_section fb_built=&#8220;1&#8243; _builder_version=&#8220;4.26.0&#8243; _module_preset=&#8220;default&#8220; background_color=&#8220;#f3eee7&#8243; custom_margin=&#8220;-140px||||false|false&#8220; custom_padding=&#8220;0px||0px|||&#8220; global_colors_info=&#8220;{}&#8220;][et_pb_row _builder_version=&#8220;4.24.3&#8243; _module_preset=&#8220;default&#8220; width=&#8220;100%&#8220; max_width=&#8220;2560px&#8220; custom_padding=&#8220;0px||0px|||&#8220; global_colors_info=&#8220;{}&#8220;][et_pb_column type=&#8220;4_4&#8243; _builder_version=&#8220;4.24.3&#8243; _module_preset=&#8220;default&#8220; global_colors_info=&#8220;{}&#8220;][et_pb_slider _builder_version=&#8220;4.26.0&#8243; _module_preset=&#8220;default&#8220; header_text_color=&#8220;#FFFFFF&#8220; body_text_color=&#8220;#FFFFFF&#8220; background_image=&#8220;https:\/\/eloundavillage.com\/wp-content\/uploads\/2024\/05\/DEEP-BLUE-DELUXE-WATERFRONT-BUNGALOW-SHARING-POOL-5.jpg&#8220; min_height=&#8220;940px&#8220; filter_contrast=&#8220;120%&#8220; global_colors_info=&#8220;{}&#8220;][et_pb_slide _builder_version=&#8220;4.26.0&#8243; _module_preset=&#8220;default&#8220; header_text_align=&#8220;left&#8220; header_text_color=&#8220;#000000&#8243; body_text_align=&#8220;left&#8220; body_text_color=&#8220;#000000&#8243; background_layout=&#8220;light&#8220; global_colors_info=&#8220;{}&#8220; sticky_transition=&#8220;on&#8220;]<\/p>\n<nav aria-label=\"breadcrumbs\">\n            <div class=\"breadcrumb-container theme2\">\n                <ol>\n                    <li><a title=\"Home\" href=\"#\"><span>Home<\/span><\/a><span class=\"separator\">|<\/span><\/li>\n                    <\/ol>\n            <\/div>\n        <\/nav>    <script type=\"application\/ld+json\">\n        {\n            \"@context\": \"http:\/\/schema.org\",\n            \"@type\": \"BreadcrumbList\",\n            \"itemListElement\": [\n                 {\n                            \"@type\": \"ListItem\",\n                            \"position\": 1,\n                            \"item\": {\n                                \"@id\": \"#\",\n                                \"name\": \"Home\"\n                            }\n                        }\n                                                    ]\n        }\n    <\/script>\n   \n    <script>\n            <\/script>\n\n<p>[\/et_pb_slide][\/et_pb_slider][\/et_pb_column][\/et_pb_row][\/et_pb_section][et_pb_section fb_built=&#8220;1&#8243; _builder_version=&#8220;4.26.0&#8243; _module_preset=&#8220;default&#8220; background_color=&#8220;#f3eee7&#8243; custom_margin=&#8220;0px||0px||false|false&#8220; custom_padding=&#8220;100px||2px||false|false&#8220; global_colors_info=&#8220;{}&#8220;][et_pb_row _builder_version=&#8220;4.27.0&#8243; _module_preset=&#8220;default&#8220; width=&#8220;70%&#8220; width_tablet=&#8220;&#8220; width_phone=&#8220;90%&#8220; width_last_edited=&#8220;on|phone&#8220; max_width=&#8220;2560px&#8220; custom_padding=&#8220;0px||1px|||&#8220; global_colors_info=&#8220;{}&#8220;][et_pb_column type=&#8220;4_4&#8243; _builder_version=&#8220;4.26.0&#8243; _module_preset=&#8220;default&#8220; global_colors_info=&#8220;{}&#8220;][et_pb_text module_class=&#8220;italiana-regular&#8220; _builder_version=&#8220;4.27.0&#8243; _module_preset=&#8220;default&#8220; text_text_color=&#8220;#313131&#8243; text_font_size=&#8220;32px&#8220; text_line_height=&#8220;1.2em&#8220; min_height=&#8220;43.8px&#8220; locked=&#8220;off&#8220; global_colors_info=&#8220;{}&#8220;]<\/p>\n<p>Deep Blue Delux Bungalow am Meer mit Pool<\/p>\n<p>[\/et_pb_text][\/et_pb_column][\/et_pb_row][et_pb_row column_structure=&#8220;3_5,2_5&#8243; _builder_version=&#8220;4.27.0&#8243; _module_preset=&#8220;default&#8220; width=&#8220;70%&#8220; width_tablet=&#8220;&#8220; width_phone=&#8220;90%&#8220; width_last_edited=&#8220;on|phone&#8220; max_width=&#8220;2560px&#8220; custom_padding=&#8220;0px||50px||false|false&#8220; global_colors_info=&#8220;{}&#8220;][et_pb_column type=&#8220;3_5&#8243; _builder_version=&#8220;4.26.0&#8243; _module_preset=&#8220;default&#8220; global_colors_info=&#8220;{}&#8220;][et_pb_text _builder_version=&#8220;4.24.3&#8243; _module_preset=&#8220;default&#8220; global_colors_info=&#8220;{}&#8220;]<\/p>\n<p>Unsere Deluxe Waterfront Bungalows sind ein ganz besonderes Erlebnis. Sie sind atemberaubend \u00fcber dem Meer gebaut und verf\u00fcgen \u00fcber ger\u00e4umige To-infinity-Pools, die sich bis zum Blau der \u00c4g\u00e4is erstrecken und eine atemberaubende Aussicht bieten, die Ihre Seele beruhigen wird. <\/p>\n<p>Diese eleganten Suiten bestehen aus einem Schlafzimmer mit offenem Wohn- und Sitzbereich, einer exklusiven Serie zeitgen\u00f6ssischer Holzm\u00f6bel und einem eigenen, mit Marmor ausgekleideten Badezimmer mit Regendusche.<\/p>\n<p>[\/et_pb_text][et_pb_button button_url=&#8220;https:\/\/aquilaeloundavillage.reserve-online.net\/?_ga=2.144844852.1085921262.1718554969-1726060018.1708244718&#038;_gac=1.183191380.1715445894.CjwKCAjwrvyxBhAbEiwAEg_KgtHKkZ9l2vvLEGNDIn6hL70cyeJTavuHCgKXcfBNpdvRg4VjW1glnBoC1fMQAvD_BwE&#038;_gl=1*ptxk0*_gcl_aw*R0NMLjE3MTU0NDU4OTQuQ2p3S0NBandydnl4QmhBYkVpd0FFZ19LZ3RIS2taOWwydnZMRUdOREluNmhMNzBjeWVKVGF2dUhDZ0tYY2ZCTnBkdlJnNFZqVzFnbG5Cb0MxZk1RQXZEX0J3RQ..*_gcl_au*MTU0NTU2NjAzMC4xNzE2MDQ0NTQz*_ga*MTcyNjA2MDAxOC4xNzA4MjQ0NzE4*_ga_GPDKE8MRTC*MTcxODU1NzgzNy4zNC4wLjE3MTg1NTc4MzcuNjAuMC4w&#8220; url_new_window=&#8220;on&#8220; button_text=&#8220;Preise pr\u00fcfen&#8220; admin_label=&#8220;Button&#8220; module_class=&#8220;fullwidthBTN&#8220; _builder_version=&#8220;4.26.0&#8243; _module_preset=&#8220;default&#8220; custom_button=&#8220;on&#8220; button_text_size=&#8220;17px&#8220; button_text_color=&#8220;#FFFFFF&#8220; button_bg_color=&#8220;rgba(182,164,134,0.66)&#8220; button_border_color=&#8220;rgba(182,164,134,0.66)&#8220; custom_margin=&#8220;10px||0px||false|false&#8220; custom_padding=&#8220;||||false|false&#8220; locked=&#8220;off&#8220; global_colors_info=&#8220;{}&#8220;][\/et_pb_button][\/et_pb_column][et_pb_column type=&#8220;2_5&#8243; _builder_version=&#8220;4.26.0&#8243; _module_preset=&#8220;default&#8220; global_colors_info=&#8220;{}&#8220;][et_pb_text _builder_version=&#8220;4.27.0&#8243; _module_preset=&#8220;default&#8220; text_line_height=&#8220;2.3em&#8220; custom_margin=&#8220;||-1px|||&#8220; custom_padding=&#8220;0px||9px||false|false&#8220; border_radii=&#8220;on|1px|1px|1px|1px&#8220; border_width_bottom=&#8220;1px&#8220; border_color_bottom=&#8220;#b6a486&#8243; global_colors_info=&#8220;{}&#8220;]<\/p>\n<p><strong><img decoding=\"async\" src=\"https:\/\/eloundavillage.com\/wp-content\/uploads\/2024\/08\/eye-1.png\" width=\"16\" height=\"16\" alt=\"\" class=\"wp-image-1759 alignnone size-full\"><\/strong>  Meerblick<br \/><img decoding=\"async\" src=\"https:\/\/eloundavillage.com\/wp-content\/uploads\/2024\/08\/A-adult.png\" width=\"16\" height=\"16\" alt=\"\" class=\"wp-image-1759 alignnone size-full\"> 2 Erwachsene<br \/><img decoding=\"async\" src=\"https:\/\/eloundavillage.com\/wp-content\/uploads\/2024\/08\/a-arrow.png\" width=\"16\" height=\"16\" alt=\"\" class=\"wp-image-1759 alignnone size-full\"> 44sqm<br \/><img decoding=\"async\" src=\"https:\/\/eloundavillage.com\/wp-content\/uploads\/2024\/08\/a-bed.png\" width=\"16\" height=\"16\" alt=\"\" class=\"wp-image-1759 alignnone size-full\"> 1 Doppelbett oder 2 Einzelbetten + 1 Einzelsofabett<\/p>\n<p>[\/et_pb_text][et_pb_button button_url=&#8220;https:\/\/eloundavillage.com\/wp-content\/uploads\/2024\/05\/1.jpg&#8220; url_new_window=&#8220;on&#8220; button_text=&#8220;Ansicht Grundriss &#8211; Typ 1&#8243; _builder_version=&#8220;4.27.0&#8243; _module_preset=&#8220;default&#8220; custom_button=&#8220;on&#8220; button_text_size=&#8220;14px&#8220; button_text_color=&#8220;#b6a486&#8243; button_bg_color=&#8220;RGBA(255,255,255,0)&#8220; button_border_color=&#8220;#b6a486&#8243; button_icon=&#8220;&#x22;||divi||400&#8243; button_icon_color=&#8220;#b6a486&#8243; button_on_hover=&#8220;off&#8220; custom_margin=&#8220;16px||15px||false|false&#8220; global_colors_info=&#8220;{}&#8220;][\/et_pb_button][et_pb_button button_url=&#8220;https:\/\/eloundavillage.com\/wp-content\/uploads\/2024\/05\/2.jpg&#8220; url_new_window=&#8220;on&#8220; button_text=&#8220;Ansicht Grundriss &#8211; Typ 2&#8243; _builder_version=&#8220;4.27.0&#8243; _module_preset=&#8220;default&#8220; custom_button=&#8220;on&#8220; button_text_size=&#8220;14px&#8220; button_text_color=&#8220;#b6a486&#8243; button_bg_color=&#8220;RGBA(255,255,255,0)&#8220; button_border_color=&#8220;#b6a486&#8243; button_icon=&#8220;&#x22;||divi||400&#8243; button_icon_color=&#8220;#b6a486&#8243; button_on_hover=&#8220;off&#8220; custom_margin=&#8220;16px||||false|false&#8220; global_colors_info=&#8220;{}&#8220;][\/et_pb_button][\/et_pb_column][\/et_pb_row][et_pb_row _builder_version=&#8220;4.27.0&#8243; _module_preset=&#8220;default&#8220; background_color=&#8220;RGBA(255,255,255,0)&#8220; width=&#8220;70%&#8220; max_width=&#8220;2560px&#8220; custom_padding=&#8220;0px|||||&#8220; global_colors_info=&#8220;{}&#8220;][et_pb_column type=&#8220;4_4&#8243; _builder_version=&#8220;4.26.0&#8243; _module_preset=&#8220;default&#8220; global_colors_info=&#8220;{}&#8220;][et_pb_text _builder_version=&#8220;4.27.0&#8243; _module_preset=&#8220;default&#8220; global_colors_info=&#8220;{}&#8220;]<\/p>\n<!-- MetaSlider 2313 not found -->\n<p>[\/et_pb_text][\/et_pb_column][\/et_pb_row][\/et_pb_section][et_pb_section fb_built=&#8220;1&#8243; _builder_version=&#8220;4.26.0&#8243; _module_preset=&#8220;default&#8220; custom_padding=&#8220;50px||50px||false|false&#8220; global_colors_info=&#8220;{}&#8220;][et_pb_row column_structure=&#8220;1_2,1_2&#8243; _builder_version=&#8220;4.27.0&#8243; _module_preset=&#8220;default&#8220; background_color=&#8220;#FFFFFF&#8220; width=&#8220;70%&#8220; width_tablet=&#8220;&#8220; width_phone=&#8220;90%&#8220; width_last_edited=&#8220;on|phone&#8220; max_width=&#8220;2560px&#8220; custom_margin=&#8220;||||false|false&#8220; custom_padding=&#8220;||||false|false&#8220; global_colors_info=&#8220;{}&#8220;][et_pb_column type=&#8220;1_2&#8243; _builder_version=&#8220;4.24.3&#8243; _module_preset=&#8220;default&#8220; global_colors_info=&#8220;{}&#8220;][et_pb_text module_class=&#8220;et_pb_slide_titleDifference&#8220; _builder_version=&#8220;4.27.0&#8243; _module_preset=&#8220;default&#8220; text_text_color=&#8220;#313131&#8243; text_font_size=&#8220;26px&#8220; text_letter_spacing=&#8220;1px&#8220; text_line_height=&#8220;1.5em&#8220; custom_margin=&#8220;0px|0px|0px|0px|false|false&#8220; custom_padding=&#8220;0px|0px|0px|0px|false|false&#8220; locked=&#8220;off&#8220; global_colors_info=&#8220;{}&#8220;]<\/p>\n<p>Alle Aufenthalte beinhalten<\/p>\n<p>[\/et_pb_text][et_pb_text _builder_version=&#8220;4.26.0&#8243; _module_preset=&#8220;default&#8220; custom_margin=&#8220;0px|0px|0px|0px|false|false&#8220; custom_padding=&#8220;0px|0px|0px|0px|false|false&#8220; global_colors_info=&#8220;{}&#8220;]<\/p>\n<ul>\n<li>Ausgew\u00e4hlte Toilettenartikel und Badutensilien<\/li>\n<li>Badem\u00e4ntel<\/li>\n<li>Haartrockner<\/li>\n<li>Wahl des Kissens<\/li>\n<li>Strandt\u00fccher<\/li>\n<li>Tee-\/Kaffeekocher<\/li>\n<li>Digitales Tresorfach<\/li>\n<li>Direktwahl-Telefon<\/li>\n<li>Satelliten-LCD-Flachbildschirm 46\u2033 TV mit integriertem Radio und Musikkan\u00e4len<br \/>Minibar<\/li>\n<li>Klimatisierung\/Heizung<\/li>\n<li>Willkommene Getr\u00e4nke<\/li>\n<li>Willkommensangebot bei Ankunft (Mineralwasser, Nougat oder Obstkorb, erlesener lokaler Wein)<\/li>\n<li>Zugang zu allen Freizeiteinrichtungen wie dem beheizten Innenpool, der Sauna, dem Fitnessraum, dem Tennisplatz und dem Whirlpool im Freien<\/li>\n<\/ul>\n<p>[\/et_pb_text][\/et_pb_column][et_pb_column type=&#8220;1_2&#8243; _builder_version=&#8220;4.24.3&#8243; _module_preset=&#8220;default&#8220; global_colors_info=&#8220;{}&#8220;][et_pb_text module_class=&#8220;et_pb_slide_titleDifference&#8220; _builder_version=&#8220;4.27.0&#8243; _module_preset=&#8220;default&#8220; text_text_color=&#8220;#313131&#8243; text_font_size=&#8220;26px&#8220; text_letter_spacing=&#8220;1px&#8220; text_line_height=&#8220;1.5em&#8220; custom_margin=&#8220;0px|0px|0px|0px|false|false&#8220; custom_padding=&#8220;0px|0px|0px|0px|false|false&#8220; locked=&#8220;off&#8220; global_colors_info=&#8220;{}&#8220;]<\/p>\n<p>Mythica Exklusivit\u00e4ten<\/p>\n<p>[\/et_pb_text][et_pb_text _builder_version=&#8220;4.26.0&#8243; _module_preset=&#8220;default&#8220; text_line_height=&#8220;1.9em&#8220; custom_margin=&#8220;0px|0px|0px|0px|false|false&#8220; custom_padding=&#8220;0px|0px|0px|0px|false|false&#8220; global_colors_info=&#8220;{}&#8220;]<\/p>\n<ul>\n<li>Luxuri\u00f6se Toilettenartikel und Annehmlichkeiten f\u00fcr das Badezimmer<\/li>\n<li>Badem\u00e4ntel &amp; Hausschuhe<\/li>\n<li>Strandt\u00fccher &amp; Strandtasche<\/li>\n<li>Smart Satellite LCD Flachbildschirm 46\u2033 TV mit integriertem Radio und Musikkan\u00e4len<\/li>\n<li>Vollst\u00e4ndig gef\u00fcllte Minibar<\/li>\n<li>Erweitertes Willkommensangebot bei Ankunft (Mineralwasser, gro\u00dfer Obstkorb, ausgew\u00e4hlte lokale Weine, frische Blumen und eine Flasche Sekt)<\/li>\n<li>Pers\u00f6nlicher G\u00e4stebetreuungsservice<\/li>\n<li>Kostenloses Fr\u00fchst\u00fcck im Zimmerservice (kontinental mit frischem Orangensaft)<\/li>\n<li>Kostenfreie Lieferung f\u00fcr alle Zimmerservice-Bestellungen<\/li>\n<li>  T\u00e4glicher Abstellservice<\/li>\n<li>  Express Check-in\/out<\/li>\n<li>  Einladung zum Manager-Cocktail<\/li>\n<li>  Sp\u00e4ter Check-out bis 18:00 Uhr nach Verf\u00fcgbarkeit<\/li>\n<li>  Abschiedsgeschenk einen Tag vor der Abreise (traditionelles griechisches Geb\u00e4ck, Raki)<\/li>\n<\/ul>\n<p>[\/et_pb_text][\/et_pb_column][\/et_pb_row][et_pb_row _builder_version=&#8220;4.27.0&#8243; _module_preset=&#8220;default&#8220; background_color=&#8220;#FFFFFF&#8220; width=&#8220;70%&#8220; width_tablet=&#8220;&#8220; width_phone=&#8220;90%&#8220; width_last_edited=&#8220;on|phone&#8220; max_width=&#8220;2560px&#8220; custom_padding=&#8220;0px||||false|false&#8220; global_colors_info=&#8220;{}&#8220;][et_pb_column type=&#8220;4_4&#8243; _builder_version=&#8220;4.24.3&#8243; _module_preset=&#8220;default&#8220; global_colors_info=&#8220;{}&#8220;][et_pb_text module_class=&#8220;et_pb_slide_titleDifference&#8220; _builder_version=&#8220;4.27.0&#8243; _module_preset=&#8220;default&#8220; text_text_color=&#8220;#313131&#8243; text_font_size=&#8220;26px&#8220; text_letter_spacing=&#8220;1px&#8220; text_line_height=&#8220;1.5em&#8220; custom_margin=&#8220;0px|0px|0px|0px|false|false&#8220; custom_padding=&#8220;0px|0px|0px|0px|false|false&#8220; locked=&#8220;off&#8220; global_colors_info=&#8220;{}&#8220;]<\/p>\n<p>Exklusiv Inklusive<\/p>\n<p>[\/et_pb_text][et_pb_text _builder_version=&#8220;4.26.0&#8243; _module_preset=&#8220;default&#8220; custom_margin=&#8220;0px|0px|0px|0px|false|false&#8220; custom_padding=&#8220;0px|0px|0px|0px|false|false&#8220; global_colors_info=&#8220;{}&#8220;]<\/p>\n<ul>\n<li>Freies Essen in allen Restaurants und \u00c0-la-carte-Lokalen mit Vorrang bei der Reservierung f\u00fcr G\u00e4ste mit Halb- oder Vollpension<\/li>\n<li>Erm\u00e4\u00dfigungen in ausgew\u00e4hlten Gesch\u00e4ften f\u00fcr All-Inclusive-G\u00e4ste<\/li>\n<\/ul>\n<p>[\/et_pb_text][\/et_pb_column][\/et_pb_row][\/et_pb_section]<\/p>\n","protected":false},"excerpt":{"rendered":"<p><nav aria-label=\"breadcrumbs\">\n            <div class=\"breadcrumb-container theme2\">\n                <ol>\n                    <li><a title=\"Home\" href=\"#\"><span>Home<\/span><\/a><span class=\"separator\">|<\/span><\/li>\n                    <\/ol>\n            <\/div>\n        <\/nav>    <script type=\"application\/ld+json\">\n        {\n            \"@context\": \"http:\/\/schema.org\",\n            \"@type\": \"BreadcrumbList\",\n            \"itemListElement\": [\n                 {\n                            \"@type\": \"ListItem\",\n                            \"position\": 1,\n                            \"item\": {\n                                \"@id\": \"#\",\n                                \"name\": \"Home\"\n                            }\n                        }\n                                                    ]\n        }\n    <\/script>\n   \n    <script>\n            <\/script>\nDeep Blue Delux Bungalow am Meer mit PoolUnsere Deluxe Waterfront Bungalows sind ein ganz besonderes Erlebnis. Sie sind atemberaubend \u00fcber dem Meer gebaut und verf\u00fcgen \u00fcber ger\u00e4umige To-infinity-Pools, die sich bis zum Blau der \u00c4g\u00e4is erstrecken und eine atemberaubende Aussicht bieten, die Ihre Seele beruhigen wird. Diese eleganten Suiten bestehen aus einem Schlafzimmer mit offenem [&hellip;]<\/p>\n","protected":false},"author":2,"featured_media":0,"parent":0,"menu_order":0,"comment_status":"closed","ping_status":"closed","template":"","meta":{"_et_pb_use_builder":"on","_et_pb_old_content":"","_et_gb_content_width":"","footnotes":""},"class_list":["post-5276","page","type-page","status-publish","hentry"],"_links":{"self":[{"href":"https:\/\/eloundavillage.com\/de\/wp-json\/wp\/v2\/pages\/5276","targetHints":{"allow":["GET"]}}],"collection":[{"href":"https:\/\/eloundavillage.com\/de\/wp-json\/wp\/v2\/pages"}],"about":[{"href":"https:\/\/eloundavillage.com\/de\/wp-json\/wp\/v2\/types\/page"}],"author":[{"embeddable":true,"href":"https:\/\/eloundavillage.com\/de\/wp-json\/wp\/v2\/users\/2"}],"replies":[{"embeddable":true,"href":"https:\/\/eloundavillage.com\/de\/wp-json\/wp\/v2\/comments?post=5276"}],"version-history":[{"count":3,"href":"https:\/\/eloundavillage.com\/de\/wp-json\/wp\/v2\/pages\/5276\/revisions"}],"predecessor-version":[{"id":8602,"href":"https:\/\/eloundavillage.com\/de\/wp-json\/wp\/v2\/pages\/5276\/revisions\/8602"}],"wp:attachment":[{"href":"https:\/\/eloundavillage.com\/de\/wp-json\/wp\/v2\/media?parent=5276"}],"curies":[{"name":"wp","href":"https:\/\/api.w.org\/{rel}","templated":true}]}}